{"id":8986,"date":"2020-07-14T15:30:36","date_gmt":"2020-07-14T15:30:36","guid":{"rendered":"https:\/\/www.all-units.nl\/administratorsutrymme\/"},"modified":"2025-11-17T16:58:10","modified_gmt":"2025-11-17T16:58:10","slug":"administratorsutrymme","status":"publish","type":"page","link":"https:\/\/www.all-units.nl\/sv\/administratorsutrymme\/","title":{"rendered":"Administrat\u00f6rsutrymme"},"content":{"rendered":"\t\t<div data-elementor-type=\"wp-page\" data-elementor-id=\"8986\" class=\"elementor elementor-8986 elementor-1520\" data-elementor-post-type=\"page\">\n\t\t\t\t\t\t<section class=\"elementor-section elementor-top-section elementor-element elementor-element-57662c6b elementor-section-full_width elementor-section-height-min-height elementor-section-items-stretch elementor-section-content-middle elementor-section-height-default\" data-id=\"57662c6b\" data-element_type=\"section\" data-e-type=\"section\" data-settings=\"{&quot;background_background&quot;:&quot;none&quot;}\">\n\t\t\t\t\t\t<div class=\"elementor-container elementor-column-gap-no\">\n\t\t\t\t\t<div class=\"elementor-column elementor-col-50 elementor-top-column elementor-element elementor-element-599cc031\" data-id=\"599cc031\" data-element_type=\"column\" data-e-type=\"column\" data-settings=\"{&quot;background_background&quot;:&quot;slideshow&quot;,&quot;background_slideshow_gallery&quot;:[],&quot;background_slideshow_loop&quot;:&quot;yes&quot;,&quot;background_slideshow_slide_duration&quot;:5000,&quot;background_slideshow_slide_transition&quot;:&quot;fade&quot;,&quot;background_slideshow_transition_duration&quot;:500}\">\n\t\t\t<div class=\"elementor-widget-wrap elementor-element-populated\">\n\t\t\t\t\t\t<div class=\"elementor-element elementor-element-37b5235c elementor-widget elementor-widget-image\" data-id=\"37b5235c\" data-element_type=\"widget\" data-e-type=\"widget\" data-widget_type=\"image.default\">\n\t\t\t\t<div class=\"elementor-widget-container\">\n\t\t\t\t\t\t\t\t\t\t\t\t\t\t\t<img fetchpriority=\"high\" decoding=\"async\" width=\"800\" height=\"600\" src=\"https:\/\/www.all-units.nl\/wp-content\/uploads\/2020\/07\/PHOTO-2020-05-25-12-25-43-1024x768.jpg\" class=\"attachment-large size-large wp-image-5932\" alt=\"\" srcset=\"https:\/\/www.all-units.nl\/wp-content\/uploads\/2020\/07\/PHOTO-2020-05-25-12-25-43-1024x768.jpg 1024w, https:\/\/www.all-units.nl\/wp-content\/uploads\/2020\/07\/PHOTO-2020-05-25-12-25-43-300x225.jpg 300w, https:\/\/www.all-units.nl\/wp-content\/uploads\/2020\/07\/PHOTO-2020-05-25-12-25-43-768x576.jpg 768w, https:\/\/www.all-units.nl\/wp-content\/uploads\/2020\/07\/PHOTO-2020-05-25-12-25-43-1536x1152.jpg 1536w, https:\/\/www.all-units.nl\/wp-content\/uploads\/2020\/07\/PHOTO-2020-05-25-12-25-43.jpg 1600w\" sizes=\"(max-width: 800px) 100vw, 800px\" title=\"\">\t\t\t\t\t\t\t\t\t\t\t\t\t\t\t<\/div>\n\t\t\t\t<\/div>\n\t\t\t\t\t<\/div>\n\t\t<\/div>\n\t\t\t\t<div class=\"elementor-column elementor-col-50 elementor-top-column elementor-element elementor-element-5f2ada53\" data-id=\"5f2ada53\" data-element_type=\"column\" data-e-type=\"column\" data-settings=\"{&quot;background_background&quot;:&quot;none&quot;}\">\n\t\t\t<div class=\"elementor-widget-wrap elementor-element-populated\">\n\t\t\t\t\t\t<div class=\"elementor-element elementor-element-647bac80 elementor-widget elementor-widget-heading\" data-id=\"647bac80\" data-element_type=\"widget\" data-e-type=\"widget\" data-widget_type=\"heading.default\">\n\t\t\t\t<div class=\"elementor-widget-container\">\n\t\t\t\t\t<h1 class=\"elementor-heading-title elementor-size-default\">Administrat\u00f6rsutrymme\n<\/h1>\t\t\t\t<\/div>\n\t\t\t\t<\/div>\n\t\t\t\t<div class=\"elementor-element elementor-element-371263b elementor-widget-divider--view-line elementor-widget elementor-widget-divider\" data-id=\"371263b\" data-element_type=\"widget\" data-e-type=\"widget\" data-widget_type=\"divider.default\">\n\t\t\t\t<div class=\"elementor-widget-container\">\n\t\t\t\t\t\t\t<div class=\"elementor-divider\">\n\t\t\t<span class=\"elementor-divider-separator\">\n\t\t\t\t\t\t<\/span>\n\t\t<\/div>\n\t\t\t\t\t\t<\/div>\n\t\t\t\t<\/div>\n\t\t\t\t<div class=\"elementor-element elementor-element-1f0bd420 elementor-widget elementor-widget-text-editor\" data-id=\"1f0bd420\" data-element_type=\"widget\" data-e-type=\"widget\" data-widget_type=\"text-editor.default\">\n\t\t\t\t<div class=\"elementor-widget-container\">\n\t\t\t\t\t\t\t\t\t<p>Vi levererar lyxiga och moderna b\u00e4rbara enheter<\/p>\n<p>Fr\u00e5n 9950 euro.<\/p>\n\t\t\t\t\t\t\t\t<\/div>\n\t\t\t\t<\/div>\n\t\t\t\t\t<\/div>\n\t\t<\/div>\n\t\t\t\t\t<\/div>\n\t\t<\/section>\n\t\t\t\t<section class=\"elementor-section elementor-top-section elementor-element elementor-element-5aff27db elementor-section-boxed elementor-section-height-default elementor-section-height-default\" data-id=\"5aff27db\" data-element_type=\"section\" data-e-type=\"section\" data-settings=\"{&quot;background_background&quot;:&quot;classic&quot;}\">\n\t\t\t\t\t\t<div class=\"elementor-container elementor-column-gap-no\">\n\t\t\t\t\t<div class=\"elementor-column elementor-col-50 elementor-top-column elementor-element elementor-element-26b82ce7\" data-id=\"26b82ce7\" data-element_type=\"column\" data-e-type=\"column\">\n\t\t\t<div class=\"elementor-widget-wrap elementor-element-populated\">\n\t\t\t\t\t\t<div class=\"elementor-element elementor-element-515be04f elementor-widget elementor-widget-heading\" data-id=\"515be04f\" data-element_type=\"widget\" data-e-type=\"widget\" data-widget_type=\"heading.default\">\n\t\t\t\t<div class=\"elementor-widget-container\">\n\t\t\t\t\t<h4 class=\"elementor-heading-title elementor-size-default\">&nbsp;  Estetisk<br>\n&nbsp;  En modern design  <br>\n&nbsp;  En snygg finish<\/h4>\t\t\t\t<\/div>\n\t\t\t\t<\/div>\n\t\t\t\t\t<\/div>\n\t\t<\/div>\n\t\t\t\t<div class=\"elementor-column elementor-col-50 elementor-top-column elementor-element elementor-element-722b179f\" data-id=\"722b179f\" data-element_type=\"column\" data-e-type=\"column\">\n\t\t\t<div class=\"elementor-widget-wrap elementor-element-populated\">\n\t\t\t\t\t\t<div class=\"elementor-element elementor-element-6291f4f5 elementor-widget elementor-widget-heading\" data-id=\"6291f4f5\" data-element_type=\"widget\" data-e-type=\"widget\" data-widget_type=\"heading.default\">\n\t\t\t\t<div class=\"elementor-widget-container\">\n\t\t\t\t\t<h2 class=\"elementor-heading-title elementor-size-default\">Alla<br>enheter<\/h2>\t\t\t\t<\/div>\n\t\t\t\t<\/div>\n\t\t\t\t\t<\/div>\n\t\t<\/div>\n\t\t\t\t\t<\/div>\n\t\t<\/section>\n\t\t\t\t<section class=\"elementor-section elementor-top-section elementor-element elementor-element-b6be151 elementor-section-content-middle elementor-reverse-mobile elementor-section-boxed elementor-section-height-default elementor-section-height-default\" data-id=\"b6be151\" data-element_type=\"section\" data-e-type=\"section\">\n\t\t\t\t\t\t<div class=\"elementor-container elementor-column-gap-default\">\n\t\t\t\t\t<div class=\"elementor-column elementor-col-50 elementor-top-column elementor-element elementor-element-1df6ef4\" data-id=\"1df6ef4\" data-element_type=\"column\" data-e-type=\"column\">\n\t\t\t<div class=\"elementor-widget-wrap elementor-element-populated\">\n\t\t\t\t\t\t<div class=\"elementor-element elementor-element-2b1245a4 elementor-widget elementor-widget-heading\" data-id=\"2b1245a4\" data-element_type=\"widget\" data-e-type=\"widget\" data-widget_type=\"heading.default\">\n\t\t\t\t<div class=\"elementor-widget-container\">\n\t\t\t\t\t<h2 class=\"elementor-heading-title elementor-size-default\">Ett v\u00e4lorganiserat administrat\u00f6rsutrymme<\/h2>\t\t\t\t<\/div>\n\t\t\t\t<\/div>\n\t\t\t\t<div class=\"elementor-element elementor-element-6b393637 elementor-widget elementor-widget-text-editor\" data-id=\"6b393637\" data-element_type=\"widget\" data-e-type=\"widget\" data-widget_type=\"text-editor.default\">\n\t\t\t\t<div class=\"elementor-widget-container\">\n\t\t\t\t\t\t\t\t\t<p>Beh\u00f6ver du ett tydligt, st\u00e4ngt utrymme som <b>administrat\u00f6rsutrymme<\/b> ? Vi har ett brett utbud av <strong>ledningsutrymmen<\/strong> . Som till exempel chefsutrymmen f\u00f6r cykelskjul, f\u00f6r livr\u00e4ddaren eller p\u00e5 DAR-\u00e5tervinningscentralerna.  <\/p>\n\t\t\t\t\t\t\t\t<\/div>\n\t\t\t\t<\/div>\n\t\t\t\t\t<\/div>\n\t\t<\/div>\n\t\t\t\t<div class=\"elementor-column elementor-col-50 elementor-top-column elementor-element elementor-element-79f8824b\" data-id=\"79f8824b\" data-element_type=\"column\" data-e-type=\"column\">\n\t\t\t<div class=\"elementor-widget-wrap elementor-element-populated\">\n\t\t\t\t\t\t<div class=\"elementor-element elementor-element-296dc7e elementor-widget elementor-widget-image\" data-id=\"296dc7e\" data-element_type=\"widget\" data-e-type=\"widget\" data-widget_type=\"image.default\">\n\t\t\t\t<div class=\"elementor-widget-container\">\n\t\t\t\t\t\t\t\t\t\t\t\t\t\t\t<img decoding=\"async\" width=\"768\" height=\"615\" src=\"https:\/\/www.all-units.nl\/wp-content\/uploads\/2020\/07\/bewerkt-768x615.jpg\" class=\"attachment-medium_large size-medium_large wp-image-6212\" alt=\"\" srcset=\"https:\/\/www.all-units.nl\/wp-content\/uploads\/2020\/07\/bewerkt-768x615.jpg 768w, https:\/\/www.all-units.nl\/wp-content\/uploads\/2020\/07\/bewerkt-300x240.jpg 300w, https:\/\/www.all-units.nl\/wp-content\/uploads\/2020\/07\/bewerkt.jpg 876w\" sizes=\"(max-width: 768px) 100vw, 768px\" title=\"\">\t\t\t\t\t\t\t\t\t\t\t\t\t\t\t<\/div>\n\t\t\t\t<\/div>\n\t\t\t\t\t<\/div>\n\t\t<\/div>\n\t\t\t\t\t<\/div>\n\t\t<\/section>\n\t\t\t\t<section class=\"elementor-section elementor-top-section elementor-element elementor-element-23e3a49c elementor-section-content-middle elementor-section-boxed elementor-section-height-default elementor-section-height-default\" data-id=\"23e3a49c\" data-element_type=\"section\" data-e-type=\"section\">\n\t\t\t\t\t\t<div class=\"elementor-container elementor-column-gap-default\">\n\t\t\t\t\t<div class=\"elementor-column elementor-col-50 elementor-top-column elementor-element elementor-element-31d8c33\" data-id=\"31d8c33\" data-element_type=\"column\" data-e-type=\"column\">\n\t\t\t<div class=\"elementor-widget-wrap elementor-element-populated\">\n\t\t\t\t\t\t<div class=\"elementor-element elementor-element-4ec55354 elementor-widget elementor-widget-image\" data-id=\"4ec55354\" data-element_type=\"widget\" data-e-type=\"widget\" data-widget_type=\"image.default\">\n\t\t\t\t<div class=\"elementor-widget-container\">\n\t\t\t\t\t\t\t\t\t\t\t\t\t\t\t<img decoding=\"async\" width=\"768\" height=\"574\" src=\"https:\/\/www.all-units.nl\/wp-content\/uploads\/2020\/07\/kantoor-in-bedrijfshal-768x574.jpeg\" class=\"attachment-medium_large size-medium_large wp-image-6037\" alt=\"\" srcset=\"https:\/\/www.all-units.nl\/wp-content\/uploads\/2020\/07\/kantoor-in-bedrijfshal-768x574.jpeg 768w, https:\/\/www.all-units.nl\/wp-content\/uploads\/2020\/07\/kantoor-in-bedrijfshal-300x224.jpeg 300w, https:\/\/www.all-units.nl\/wp-content\/uploads\/2020\/07\/kantoor-in-bedrijfshal-1024x765.jpeg 1024w, https:\/\/www.all-units.nl\/wp-content\/uploads\/2020\/07\/kantoor-in-bedrijfshal.jpeg 1080w\" sizes=\"(max-width: 768px) 100vw, 768px\" title=\"\">\t\t\t\t\t\t\t\t\t\t\t\t\t\t\t<\/div>\n\t\t\t\t<\/div>\n\t\t\t\t\t<\/div>\n\t\t<\/div>\n\t\t\t\t<div class=\"elementor-column elementor-col-50 elementor-top-column elementor-element elementor-element-7b28b333\" data-id=\"7b28b333\" data-element_type=\"column\" data-e-type=\"column\">\n\t\t\t<div class=\"elementor-widget-wrap elementor-element-populated\">\n\t\t\t\t\t\t<div class=\"elementor-element elementor-element-3babe9d4 elementor-widget elementor-widget-heading\" data-id=\"3babe9d4\" data-element_type=\"widget\" data-e-type=\"widget\" data-widget_type=\"heading.default\">\n\t\t\t\t<div class=\"elementor-widget-container\">\n\t\t\t\t\t<h3 class=\"elementor-heading-title elementor-size-default\">Ett blickf\u00e5ng<\/h3>\t\t\t\t<\/div>\n\t\t\t\t<\/div>\n\t\t\t\t<div class=\"elementor-element elementor-element-28608dc elementor-widget elementor-widget-text-editor\" data-id=\"28608dc\" data-element_type=\"widget\" data-e-type=\"widget\" data-widget_type=\"text-editor.default\">\n\t\t\t\t<div class=\"elementor-widget-container\">\n\t\t\t\t\t\t\t\t\t<p>V\u00e5ra <strong>chefsrum<\/strong> \u00e4r fullt utrustade. Du har till exempel m\u00f6jlighet att inkludera k\u00f6k och toalett i rummet, f\u00f6r att erbjuda dina administrat\u00f6rer lite <strong>extra komfort och s\u00e4kerhet<\/strong> . Dessutom \u00e4r <a href=\"https:\/\/www.all-units.nl\/sv\/kontor-i-industrihall\/\">administrat\u00f6rsomr\u00e5dena<\/a> v\u00e4lisolerade och har klimatkontroll. Detta h\u00e5ller ditt folk varma, torra och bekv\u00e4ma under arbetstid. V\u00e5ra administrat\u00f6rsrum har \u00e4ven stora f\u00f6nster som standard, vilket g\u00f6r att dina administrat\u00f6rer kan ha god \u00f6verblick \u00f6ver omgivningen.    <\/p>\n\t\t\t\t\t\t\t\t<\/div>\n\t\t\t\t<\/div>\n\t\t\t\t\t<\/div>\n\t\t<\/div>\n\t\t\t\t\t<\/div>\n\t\t<\/section>\n\t\t\t\t<section class=\"elementor-section elementor-top-section elementor-element elementor-element-dda7535 elementor-section-height-min-height elementor-section-boxed elementor-section-height-default elementor-section-items-middle\" data-id=\"dda7535\" data-element_type=\"section\" data-e-type=\"section\" data-settings=\"{&quot;background_background&quot;:&quot;classic&quot;}\">\n\t\t\t\t\t\t<div class=\"elementor-container elementor-column-gap-default\">\n\t\t\t\t\t<div class=\"elementor-column elementor-col-100 elementor-top-column elementor-element elementor-element-322512c1\" data-id=\"322512c1\" data-element_type=\"column\" data-e-type=\"column\">\n\t\t\t<div class=\"elementor-widget-wrap elementor-element-populated\">\n\t\t\t\t\t\t<div class=\"elementor-element elementor-element-678df497 elementor-widget elementor-widget-heading\" data-id=\"678df497\" data-element_type=\"widget\" data-e-type=\"widget\" data-widget_type=\"heading.default\">\n\t\t\t\t<div class=\"elementor-widget-container\">\n\t\t\t\t\t<h2 class=\"elementor-heading-title elementor-size-large\">fr\u00e5n id\u00e9 till hanterbart<\/h2>\t\t\t\t<\/div>\n\t\t\t\t<\/div>\n\t\t\t\t<div class=\"elementor-element elementor-element-579605d8 elementor-widget-divider--view-line elementor-widget elementor-widget-divider\" data-id=\"579605d8\" data-element_type=\"widget\" data-e-type=\"widget\" data-widget_type=\"divider.default\">\n\t\t\t\t<div class=\"elementor-widget-container\">\n\t\t\t\t\t\t\t<div class=\"elementor-divider\">\n\t\t\t<span class=\"elementor-divider-separator\">\n\t\t\t\t\t\t<\/span>\n\t\t<\/div>\n\t\t\t\t\t\t<\/div>\n\t\t\t\t<\/div>\n\t\t\t\t<div class=\"elementor-element elementor-element-1ac9763e elementor-widget elementor-widget-heading\" data-id=\"1ac9763e\" data-element_type=\"widget\" data-e-type=\"widget\" data-widget_type=\"heading.default\">\n\t\t\t\t<div class=\"elementor-widget-container\">\n\t\t\t\t\t<p class=\"elementor-heading-title elementor-size-medium\">Inom n\u00e5gra veckor<\/p>\t\t\t\t<\/div>\n\t\t\t\t<\/div>\n\t\t\t\t<div class=\"elementor-element elementor-element-36d09f9f elementor-widget elementor-widget-text-editor\" data-id=\"36d09f9f\" data-element_type=\"widget\" data-e-type=\"widget\" data-widget_type=\"text-editor.default\">\n\t\t\t\t<div class=\"elementor-widget-container\">\n\t\t\t\t\t\t\t\t\t<p><b>Administrat\u00f6rsutrymmet<\/b> \u00e4r flexibelt i sin utformning och kan d\u00e4rf\u00f6r <a href=\"https:\/\/www.all-units.nl\/sv\/akutmottagning\/\">anv\u00e4ndas flexibelt<\/a>; v\u00e5rt modulsystem g\u00f6r att du enkelt kan flytta din <b>administrat\u00f6rsenhet<\/b> och bygga ut den efter eget tycke och smak. Med sitt moderna och lyxiga utseende \u00e4r ett <b>administrat\u00f6rsrum<\/b> ocks\u00e5 mycket l\u00e4mpligt som <b>reception<\/b>, <b>vallokal<\/b>, <b>informationscenter, kiosk<\/b> eller t.ex. som<b> l\u00e5svakt<\/b>. Eller vill du ge din <strong>concierge<\/strong> ett eget utrymme?<br \/>Alla v\u00e5ra enheter och <b>f\u00f6rvaltningsomr\u00e5den<\/b> byggs och levereras p\u00e5 plats p\u00e5 bara n\u00e5gra m\u00e5nader. Vi funderar g\u00e4rna med dig p\u00e5 en <a href=\"https:\/\/www.all-units.nl\/sv\/tradgardsrum\/\">l\u00e4mplig design<\/a> f\u00f6r din <a href=\"https:\/\/www.all-units.nl\/sv\/klassrum\/\">aff\u00e4rssituation<\/a> , \u00f6nskem\u00e5l och krav. S\u00e5 du kan sj\u00e4lv v\u00e4lja alla funktioner i ditt <b>administrat\u00f6rsutrymme<\/b> !  <\/p>\n\t\t\t\t\t\t\t\t<\/div>\n\t\t\t\t<\/div>\n\t\t\t\t\t<\/div>\n\t\t<\/div>\n\t\t\t\t\t<\/div>\n\t\t<\/section>\n\t\t\t\t<section class=\"elementor-section elementor-top-section elementor-element elementor-element-32f4dc50 elementor-section-full_width elementor-section-height-min-height elementor-section-items-stretch elementor-section-content-middle elementor-section-height-default\" data-id=\"32f4dc50\" data-element_type=\"section\" data-e-type=\"section\" data-settings=\"{&quot;background_background&quot;:&quot;none&quot;}\">\n\t\t\t\t\t\t<div class=\"elementor-container elementor-column-gap-no\">\n\t\t\t\t\t<div class=\"elementor-column elementor-col-50 elementor-top-column elementor-element elementor-element-78ff0a67\" data-id=\"78ff0a67\" data-element_type=\"column\" data-e-type=\"column\" data-settings=\"{&quot;background_background&quot;:&quot;classic&quot;}\">\n\t\t\t<div class=\"elementor-widget-wrap elementor-element-populated\">\n\t\t\t\t\t\t<div class=\"elementor-element elementor-element-6e19ac70 elementor-button-align-stretch elementor-widget elementor-widget-form\" data-id=\"6e19ac70\" data-element_type=\"widget\" data-e-type=\"widget\" data-settings=\"{&quot;step_next_label&quot;:&quot;N\\u00e4sta&quot;,&quot;step_previous_label&quot;:&quot;F\\u00f6reg\\u00e5ende&quot;,&quot;button_width&quot;:&quot;100&quot;,&quot;step_type&quot;:&quot;number_text&quot;,&quot;step_icon_shape&quot;:&quot;circle&quot;}\" data-widget_type=\"form.default\">\n\t\t\t\t<div class=\"elementor-widget-container\">\n\t\t\t\t\t\t\t<form class=\"elementor-form\" method=\"post\" name=\"Blyform business\" aria-label=\"Blyform business\">\n\t\t\t<input type=\"hidden\" name=\"post_id\" value=\"8986\"\/>\n\t\t\t<input type=\"hidden\" name=\"form_id\" value=\"6e19ac70\"\/>\n\t\t\t<input type=\"hidden\" name=\"referer_title\" value=\"\" \/>\n\n\t\t\t\n\t\t\t<div class=\"elementor-form-fields-wrapper elementor-labels-\">\n\t\t\t\t\t\t\t\t<div class=\"elementor-field-type-text elementor-field-group elementor-column elementor-field-group-qi8lqp1 elementor-col-33 elementor-field-required\">\n\t\t\t\t\t\t\t\t\t\t\t\t<label for=\"form-field-qi8lqp1\" class=\"elementor-field-label elementor-screen-only\">\n\t\t\t\t\t\t\t\tNamn\t\t\t\t\t\t\t<\/label>\n\t\t\t\t\t\t\t\t\t\t\t\t\t\t<input size=\"1\" type=\"text\" name=\"form_fields[qi8lqp1]\" id=\"form-field-qi8lqp1\" class=\"elementor-field elementor-size-md  elementor-field-textual\" placeholder=\"Namn\" required=\"required\">\n\t\t\t\t\t\t\t\t\t\t\t<\/div>\n\t\t\t\t\t\t\t\t<div class=\"elementor-field-type-tel elementor-field-group elementor-column elementor-field-group-2gd0qrk elementor-col-33 elementor-field-required\">\n\t\t\t\t\t\t\t\t\t\t\t\t<label for=\"form-field-2gd0qrk\" class=\"elementor-field-label elementor-screen-only\">\n\t\t\t\t\t\t\t\tTelefon r\t\t\t\t\t\t\t<\/label>\n\t\t\t\t\t\t\t\t<input size=\"1\" type=\"tel\" name=\"form_fields[2gd0qrk]\" id=\"form-field-2gd0qrk\" class=\"elementor-field elementor-size-md  elementor-field-textual\" placeholder=\"Telefon r\" required=\"required\" pattern=\"[0-9()#&amp;+*-=.]+\" title=\"Endast siffror och telefontecken (#, -, *, etc) accepteras.\">\n\n\t\t\t\t\t\t<\/div>\n\t\t\t\t\t\t\t\t<div class=\"elementor-field-type-email elementor-field-group elementor-column elementor-field-group-8b28ttw elementor-col-33 elementor-field-required\">\n\t\t\t\t\t\t\t\t\t\t\t\t<label for=\"form-field-8b28ttw\" class=\"elementor-field-label elementor-screen-only\">\n\t\t\t\t\t\t\t\tE-post\t\t\t\t\t\t\t<\/label>\n\t\t\t\t\t\t\t\t\t\t\t\t\t\t<input size=\"1\" type=\"email\" name=\"form_fields[8b28ttw]\" id=\"form-field-8b28ttw\" class=\"elementor-field elementor-size-md  elementor-field-textual\" placeholder=\"E-post\" required=\"required\">\n\t\t\t\t\t\t\t\t\t\t\t<\/div>\n\t\t\t\t\t\t\t\t<div class=\"elementor-field-group elementor-column elementor-field-type-submit elementor-col-100 e-form__buttons\">\n\t\t\t\t\t<button class=\"elementor-button elementor-size-md\" type=\"submit\">\n\t\t\t\t\t\t<span class=\"elementor-button-content-wrapper\">\n\t\t\t\t\t\t\t\t\t\t\t\t\t\t\t\t\t\t\t\t\t\t<span class=\"elementor-button-text\">Skicka<\/span>\n\t\t\t\t\t\t\t\t\t\t\t\t\t<\/span>\n\t\t\t\t\t<\/button>\n\t\t\t\t<\/div>\n\t\t\t<\/div>\n\t\t<\/form>\n\t\t\t\t\t\t<\/div>\n\t\t\t\t<\/div>\n\t\t\t\t\t<\/div>\n\t\t<\/div>\n\t\t\t\t<div class=\"elementor-column elementor-col-50 elementor-top-column elementor-element elementor-element-12b2928\" data-id=\"12b2928\" data-element_type=\"column\" data-e-type=\"column\" data-settings=\"{&quot;background_background&quot;:&quot;none&quot;}\">\n\t\t\t<div class=\"elementor-widget-wrap elementor-element-populated\">\n\t\t\t\t\t\t<div class=\"elementor-element elementor-element-a8cdb7c elementor-widget elementor-widget-heading\" data-id=\"a8cdb7c\" data-element_type=\"widget\" data-e-type=\"widget\" data-widget_type=\"heading.default\">\n\t\t\t\t<div class=\"elementor-widget-container\">\n\t\t\t\t\t<h2 class=\"elementor-heading-title elementor-size-default\">Beg\u00e4ran om information<\/h2>\t\t\t\t<\/div>\n\t\t\t\t<\/div>\n\t\t\t\t<div class=\"elementor-element elementor-element-14e6743b elementor-widget-divider--view-line elementor-widget elementor-widget-divider\" data-id=\"14e6743b\" data-element_type=\"widget\" data-e-type=\"widget\" data-widget_type=\"divider.default\">\n\t\t\t\t<div class=\"elementor-widget-container\">\n\t\t\t\t\t\t\t<div class=\"elementor-divider\">\n\t\t\t<span class=\"elementor-divider-separator\">\n\t\t\t\t\t\t<\/span>\n\t\t<\/div>\n\t\t\t\t\t\t<\/div>\n\t\t\t\t<\/div>\n\t\t\t\t<div class=\"elementor-element elementor-element-1d3543c elementor-widget elementor-widget-text-editor\" data-id=\"1d3543c\" data-element_type=\"widget\" data-e-type=\"widget\" data-widget_type=\"text-editor.default\">\n\t\t\t\t<div class=\"elementor-widget-container\">\n\t\t\t\t\t\t\t\t\t<p>Kan vi kontakta dig f\u00f6r att diskutera dina krav tillsammans?  <\/p>\n\t\t\t\t\t\t\t\t<\/div>\n\t\t\t\t<\/div>\n\t\t\t\t\t<\/div>\n\t\t<\/div>\n\t\t\t\t\t<\/div>\n\t\t<\/section>\n\t\t\t\t<\/div>\n\t\t","protected":false},"excerpt":{"rendered":"<p>Administrat\u00f6rsutrymme Vi levererar lyxiga och moderna b\u00e4rbara enheter Fr\u00e5n 9950 euro. &nbsp; Estetisk &nbsp; En modern design &nbsp; En snygg finish Allaenheter Ett v\u00e4lorganiserat administrat\u00f6rsutrymme Beh\u00f6ver du ett tydligt, st\u00e4ngt utrymme som administrat\u00f6rsutrymme ? Vi har ett brett utbud av ledningsutrymmen . Som till exempel chefsutrymmen f\u00f6r cykelskjul, f\u00f6r livr\u00e4ddaren eller p\u00e5 DAR-\u00e5tervinningscentralerna. Ett blickf\u00e5ng [&hellip;]<\/p>\n","protected":false},"author":1,"featured_media":5932,"parent":0,"menu_order":0,"comment_status":"closed","ping_status":"closed","template":"","meta":{"footnotes":""},"class_list":["post-8986","page","type-page","status-publish","has-post-thumbnail","hentry"],"_links":{"self":[{"href":"https:\/\/www.all-units.nl\/sv\/wp-json\/wp\/v2\/pages\/8986","targetHints":{"allow":["GET"]}}],"collection":[{"href":"https:\/\/www.all-units.nl\/sv\/wp-json\/wp\/v2\/pages"}],"about":[{"href":"https:\/\/www.all-units.nl\/sv\/wp-json\/wp\/v2\/types\/page"}],"author":[{"embeddable":true,"href":"https:\/\/www.all-units.nl\/sv\/wp-json\/wp\/v2\/users\/1"}],"replies":[{"embeddable":true,"href":"https:\/\/www.all-units.nl\/sv\/wp-json\/wp\/v2\/comments?post=8986"}],"version-history":[{"count":7,"href":"https:\/\/www.all-units.nl\/sv\/wp-json\/wp\/v2\/pages\/8986\/revisions"}],"predecessor-version":[{"id":16649,"href":"https:\/\/www.all-units.nl\/sv\/wp-json\/wp\/v2\/pages\/8986\/revisions\/16649"}],"wp:featuredmedia":[{"embeddable":true,"href":"https:\/\/www.all-units.nl\/sv\/wp-json\/wp\/v2\/media\/5932"}],"wp:attachment":[{"href":"https:\/\/www.all-units.nl\/sv\/wp-json\/wp\/v2\/media?parent=8986"}],"curies":[{"name":"wp","href":"https:\/\/api.w.org\/{rel}","templated":true}]}}