{"id":11280,"date":"2020-06-02T11:23:35","date_gmt":"2020-06-02T11:23:35","guid":{"rendered":"https:\/\/www.all-units.nl\/hyllvagn\/"},"modified":"2023-10-26T14:17:41","modified_gmt":"2023-10-26T14:17:41","slug":"hyllvagn","status":"publish","type":"page","link":"https:\/\/www.all-units.nl\/sv\/hyllvagn\/","title":{"rendered":"Hyllvagn"},"content":{"rendered":"\t\t<div data-elementor-type=\"wp-page\" data-elementor-id=\"11280\" class=\"elementor elementor-11280 elementor-275\" data-elementor-post-type=\"page\">\n\t\t\t\t\t\t<section class=\"elementor-section elementor-top-section elementor-element elementor-element-4ed92858 elementor-section-full_width elementor-section-height-min-height elementor-section-items-stretch elementor-section-content-middle elementor-section-height-default\" data-id=\"4ed92858\" data-element_type=\"section\" data-e-type=\"section\" data-settings=\"{&quot;background_background&quot;:&quot;none&quot;}\">\n\t\t\t\t\t\t<div class=\"elementor-container elementor-column-gap-no\">\n\t\t\t\t\t<div class=\"elementor-column elementor-col-50 elementor-top-column elementor-element elementor-element-17ec724d\" data-id=\"17ec724d\" data-element_type=\"column\" data-e-type=\"column\" data-settings=\"{&quot;background_background&quot;:&quot;slideshow&quot;,&quot;background_slideshow_gallery&quot;:[],&quot;background_slideshow_loop&quot;:&quot;yes&quot;,&quot;background_slideshow_slide_duration&quot;:5000,&quot;background_slideshow_slide_transition&quot;:&quot;fade&quot;,&quot;background_slideshow_transition_duration&quot;:500}\">\n\t\t\t<div class=\"elementor-widget-wrap elementor-element-populated\">\n\t\t\t\t\t\t<div class=\"elementor-element elementor-element-7b2f0247 elementor-widget elementor-widget-image\" data-id=\"7b2f0247\" data-element_type=\"widget\" data-e-type=\"widget\" data-widget_type=\"image.default\">\n\t\t\t\t<div class=\"elementor-widget-container\">\n\t\t\t\t\t\t\t\t\t\t\t\t\t\t\t<img fetchpriority=\"high\" decoding=\"async\" width=\"768\" height=\"576\" src=\"https:\/\/www.all-units.nl\/wp-content\/uploads\/2022\/12\/IMG_1718-2-768x576.jpg\" class=\"attachment-medium_large size-medium_large wp-image-9888\" alt=\"\" srcset=\"https:\/\/www.all-units.nl\/wp-content\/uploads\/2022\/12\/IMG_1718-2-768x576.jpg 768w, https:\/\/www.all-units.nl\/wp-content\/uploads\/2022\/12\/IMG_1718-2-300x225.jpg 300w, https:\/\/www.all-units.nl\/wp-content\/uploads\/2022\/12\/IMG_1718-2-1536x1152.jpg 1536w, https:\/\/www.all-units.nl\/wp-content\/uploads\/2022\/12\/IMG_1718-2-2048x1536.jpg 2048w\" sizes=\"(max-width: 768px) 100vw, 768px\" title=\"\">\t\t\t\t\t\t\t\t\t\t\t\t\t\t\t<\/div>\n\t\t\t\t<\/div>\n\t\t\t\t\t<\/div>\n\t\t<\/div>\n\t\t\t\t<div class=\"elementor-column elementor-col-50 elementor-top-column elementor-element elementor-element-8eb7106\" data-id=\"8eb7106\" data-element_type=\"column\" data-e-type=\"column\" data-settings=\"{&quot;background_background&quot;:&quot;none&quot;}\">\n\t\t\t<div class=\"elementor-widget-wrap elementor-element-populated\">\n\t\t\t\t\t\t<div class=\"elementor-element elementor-element-5a3a47f2 elementor-widget elementor-widget-heading\" data-id=\"5a3a47f2\" data-element_type=\"widget\" data-e-type=\"widget\" data-widget_type=\"heading.default\">\n\t\t\t\t<div class=\"elementor-widget-container\">\n\t\t\t\t\t<h1 class=\"elementor-heading-title elementor-size-default\">Hyllvagn<\/h1>\t\t\t\t<\/div>\n\t\t\t\t<\/div>\n\t\t\t\t<div class=\"elementor-element elementor-element-28637cfd elementor-widget-divider--view-line elementor-widget elementor-widget-divider\" data-id=\"28637cfd\" data-element_type=\"widget\" data-e-type=\"widget\" data-widget_type=\"divider.default\">\n\t\t\t\t<div class=\"elementor-widget-container\">\n\t\t\t\t\t\t\t<div class=\"elementor-divider\">\n\t\t\t<span class=\"elementor-divider-separator\">\n\t\t\t\t\t\t<\/span>\n\t\t<\/div>\n\t\t\t\t\t\t<\/div>\n\t\t\t\t<\/div>\n\t\t\t\t<div class=\"elementor-element elementor-element-5c007c2 elementor-widget elementor-widget-text-editor\" data-id=\"5c007c2\" data-element_type=\"widget\" data-e-type=\"widget\" data-widget_type=\"text-editor.default\">\n\t\t\t\t<div class=\"elementor-widget-container\">\n\t\t\t\t\t\t\t\t\t<p>Letar du efter en lyxig och modern restaurangbil?<\/p>\n<p>Fr\u00e5n 19950 euro<\/p>\t\t\t\t\t\t\t\t<\/div>\n\t\t\t\t<\/div>\n\t\t\t\t<div class=\"elementor-element elementor-element-368fb52 elementor-widget elementor-widget-button\" data-id=\"368fb52\" data-element_type=\"widget\" data-e-type=\"widget\" data-widget_type=\"button.default\">\n\t\t\t\t<div class=\"elementor-widget-container\">\n\t\t\t\t\t\t\t\t\t<div class=\"elementor-button-wrapper\">\n\t\t\t\t\t<a class=\"elementor-button elementor-button-link elementor-size-md\" href=\"#schaftwagen\">\n\t\t\t\t\t\t<span class=\"elementor-button-content-wrapper\">\n\t\t\t\t\t\t<span class=\"elementor-button-icon\">\n\t\t\t\t<svg aria-hidden=\"true\" class=\"e-font-icon-svg e-fas-check\" viewBox=\"0 0 512 512\" xmlns=\"http:\/\/www.w3.org\/2000\/svg\"><path d=\"M173.898 439.404l-166.4-166.4c-9.997-9.997-9.997-26.206 0-36.204l36.203-36.204c9.997-9.998 26.207-9.998 36.204 0L192 312.69 432.095 72.596c9.997-9.997 26.207-9.997 36.204 0l36.203 36.204c9.997 9.997 9.997 26.206 0 36.204l-294.4 294.401c-9.998 9.997-26.207 9.997-36.204-.001z\"><\/path><\/svg>\t\t\t<\/span>\n\t\t\t\t\t\t\t\t\t<span class=\"elementor-button-text\">Beg\u00e4r offert<\/span>\n\t\t\t\t\t<\/span>\n\t\t\t\t\t<\/a>\n\t\t\t\t<\/div>\n\t\t\t\t\t\t\t\t<\/div>\n\t\t\t\t<\/div>\n\t\t\t\t\t<\/div>\n\t\t<\/div>\n\t\t\t\t\t<\/div>\n\t\t<\/section>\n\t\t\t\t<section class=\"elementor-section elementor-top-section elementor-element elementor-element-7d8830c elementor-section-content-middle elementor-reverse-mobile elementor-section-boxed elementor-section-height-default elementor-section-height-default\" data-id=\"7d8830c\" data-element_type=\"section\" data-e-type=\"section\">\n\t\t\t\t\t\t<div class=\"elementor-container elementor-column-gap-default\">\n\t\t\t\t\t<div class=\"elementor-column elementor-col-50 elementor-top-column elementor-element elementor-element-283bd0ed\" data-id=\"283bd0ed\" data-element_type=\"column\" data-e-type=\"column\">\n\t\t\t<div class=\"elementor-widget-wrap elementor-element-populated\">\n\t\t\t\t\t\t<div class=\"elementor-element elementor-element-231c0b66 elementor-widget elementor-widget-heading\" data-id=\"231c0b66\" data-element_type=\"widget\" data-e-type=\"widget\" data-widget_type=\"heading.default\">\n\t\t\t\t<div class=\"elementor-widget-container\">\n\t\t\t\t\t<h2 class=\"elementor-heading-title elementor-size-default\">K\u00f6p en Schaftwagen, en bra grund f\u00f6r din byggarbetsplats<\/h2>\t\t\t\t<\/div>\n\t\t\t\t<\/div>\n\t\t\t\t<div class=\"elementor-element elementor-element-52279dc elementor-widget elementor-widget-text-editor\" data-id=\"52279dc\" data-element_type=\"widget\" data-e-type=\"widget\" data-widget_type=\"text-editor.default\">\n\t\t\t\t<div class=\"elementor-widget-container\">\n\t\t\t\t\t\t\t\t\t<p>Att k\u00f6pa en bygglastbil \u00e4r ett stort steg mot att skapa en h\u00e5llbar grund f\u00f6r din byggarbetsplats. Precis som den v\u00e4lk\u00e4nda <a href=\"https:\/\/www.all-units.nl\/sv\/byggarbetsplats\/\" target=\"_blank\" rel=\"noopener\">byggstugan<\/a> utg\u00f6r skjulbilar en central plats p\u00e5 en byggarbetsplats d\u00e4r man kan diskutera projekt, \u00e4ta lunch och d\u00e4r teamet kan koppla av med en god kopp kaffe.  <\/p>\n<p>V\u00e5ra sk\u00e5pbilar ger inte bara bekv\u00e4mt utrymme f\u00f6r ditt team, utan ocks\u00e5 den n\u00f6dv\u00e4ndiga funktionaliteten. Du kan kontakta oss f\u00f6r olika modeller, bland annat mobila matsalsvagnar, matsalsvagnar med toalett, f\u00e4rdiga matsalsvagnar och specialtillverkade matsalsvagnar. Oavsett om du beh\u00f6ver en kompakt enhet eller en omfattande l\u00f6sning, p\u00e5 All-Units.nl har vi de perfekta sk\u00e5pbilarna f\u00f6r alla dina byggprojekt.  <\/p>\n<div> <\/div>\n\t\t\t\t\t\t\t\t<\/div>\n\t\t\t\t<\/div>\n\t\t\t\t\t<\/div>\n\t\t<\/div>\n\t\t\t\t<div class=\"elementor-column elementor-col-50 elementor-top-column elementor-element elementor-element-614075c7\" data-id=\"614075c7\" data-element_type=\"column\" data-e-type=\"column\">\n\t\t\t<div class=\"elementor-widget-wrap elementor-element-populated\">\n\t\t\t\t\t\t<div class=\"elementor-element elementor-element-26238b44 elementor-widget elementor-widget-image\" data-id=\"26238b44\" data-element_type=\"widget\" data-e-type=\"widget\" data-widget_type=\"image.default\">\n\t\t\t\t<div class=\"elementor-widget-container\">\n\t\t\t\t\t\t\t\t\t\t\t\t\t\t\t<img decoding=\"async\" width=\"768\" height=\"576\" src=\"https:\/\/www.all-units.nl\/wp-content\/uploads\/2020\/07\/construction-242797_1920-768x576.jpg\" class=\"attachment-medium_large size-medium_large wp-image-5939\" alt=\"\" srcset=\"https:\/\/www.all-units.nl\/wp-content\/uploads\/2020\/07\/construction-242797_1920-768x576.jpg 768w, https:\/\/www.all-units.nl\/wp-content\/uploads\/2020\/07\/construction-242797_1920-300x225.jpg 300w, https:\/\/www.all-units.nl\/wp-content\/uploads\/2020\/07\/construction-242797_1920-1024x768.jpg 1024w, https:\/\/www.all-units.nl\/wp-content\/uploads\/2020\/07\/construction-242797_1920-1536x1152.jpg 1536w, https:\/\/www.all-units.nl\/wp-content\/uploads\/2020\/07\/construction-242797_1920.jpg 1920w\" sizes=\"(max-width: 768px) 100vw, 768px\" title=\"\">\t\t\t\t\t\t\t\t\t\t\t\t\t\t\t<\/div>\n\t\t\t\t<\/div>\n\t\t\t\t\t<\/div>\n\t\t<\/div>\n\t\t\t\t\t<\/div>\n\t\t<\/section>\n\t\t<div class=\"elementor-element elementor-element-89ea129 e-flex e-con-boxed e-con e-parent\" data-id=\"89ea129\" data-element_type=\"container\" data-e-type=\"container\">\n\t\t\t\t\t<div class=\"e-con-inner\">\n\t\t<div class=\"elementor-element elementor-element-913ff66 e-con-full e-flex e-con e-child\" data-id=\"913ff66\" data-element_type=\"container\" data-e-type=\"container\">\n\t\t\t\t<div class=\"elementor-element elementor-element-b6c60b2 elementor-widget__width-initial elementor-widget elementor-widget-image\" data-id=\"b6c60b2\" data-element_type=\"widget\" data-e-type=\"widget\" data-widget_type=\"image.default\">\n\t\t\t\t<div class=\"elementor-widget-container\">\n\t\t\t\t\t\t\t\t\t\t\t\t\t\t\t<img decoding=\"async\" width=\"768\" height=\"472\" src=\"https:\/\/www.all-units.nl\/wp-content\/uploads\/2022\/05\/voorraad-768x472.jpg\" class=\"attachment-medium_large size-medium_large wp-image-8718\" alt=\"\" srcset=\"https:\/\/www.all-units.nl\/wp-content\/uploads\/2022\/05\/voorraad-768x472.jpg 768w, https:\/\/www.all-units.nl\/wp-content\/uploads\/2022\/05\/voorraad-300x185.jpg 300w, https:\/\/www.all-units.nl\/wp-content\/uploads\/2022\/05\/voorraad-1536x945.jpg 1536w, https:\/\/www.all-units.nl\/wp-content\/uploads\/2022\/05\/voorraad-2048x1260.jpg 2048w\" sizes=\"(max-width: 768px) 100vw, 768px\" title=\"\">\t\t\t\t\t\t\t\t\t\t\t\t\t\t\t<\/div>\n\t\t\t\t<\/div>\n\t\t\t\t<\/div>\n\t\t<div class=\"elementor-element elementor-element-823f113 e-con-full e-flex e-con e-child\" data-id=\"823f113\" data-element_type=\"container\" data-e-type=\"container\">\n\t\t\t\t<div class=\"elementor-element elementor-element-7fe8ef1 elementor-widget elementor-widget-heading\" data-id=\"7fe8ef1\" data-element_type=\"widget\" data-e-type=\"widget\" data-widget_type=\"heading.default\">\n\t\t\t\t<div class=\"elementor-widget-container\">\n\t\t\t\t\t<h2 class=\"elementor-heading-title elementor-size-default\">Mobil cafeteria<\/h2>\t\t\t\t<\/div>\n\t\t\t\t<\/div>\n\t\t\t\t<div class=\"elementor-element elementor-element-dedcff5 elementor-widget elementor-widget-text-editor\" data-id=\"dedcff5\" data-element_type=\"widget\" data-e-type=\"widget\" data-widget_type=\"text-editor.default\">\n\t\t\t\t<div class=\"elementor-widget-container\">\n\t\t\t\t\t\t\t\t\t<p>En mobil trailer \u00e4r ett praktiskt tillskott p\u00e5 din byggarbetsplats. Dessa enheter erbjuder flexibilitet och r\u00f6rlighet, s\u00e5 att din sk\u00e5pbil alltid \u00e4r p\u00e5 r\u00e4tt plats. Tack vare de underh\u00e5llsv\u00e4nliga och h\u00e5llbara materialen kommer din b\u00e4rgningsbil att h\u00e5lla i flera \u00e5r. Du kan enkelt flytta vagnen och anv\u00e4nda den flexibelt beroende p\u00e5 ditt byggprojekt. V\u00e5ra sk\u00e5pbilar \u00e4r utrustade med elanslutningar, stora tv\u00e5glasf\u00f6nster och klimatanl\u00e4ggning som standard.<\/p>\n<p>Dessa mobila sk\u00e5pbilar erbjuder komfort och plats f\u00f6r 6 till 14 personer och kan fullt m\u00f6bleras och inredas efter dina egna \u00f6nskem\u00e5l. Du kan v\u00e4lja en k\u00f6ksvagn med en trevlig matplats, ett kontor med f\u00f6rvaringsutrymme f\u00f6r v\u00e4rdefulla f\u00f6rem\u00e5l, ett kompakt k\u00f6k eller en egen toalett. S\u00e5 att du skapar en trevlig arbetsmilj\u00f6 p\u00e5 varje byggarbetsplats d\u00e4r du kan arbeta i lugn och ro och v\u00e4rma dig p\u00e5 vintern.<\/p>\n\t\t\t\t\t\t\t\t<\/div>\n\t\t\t\t<\/div>\n\t\t\t\t<div class=\"elementor-element elementor-element-50231ca elementor-widget elementor-widget-button\" data-id=\"50231ca\" data-element_type=\"widget\" data-e-type=\"widget\" data-widget_type=\"button.default\">\n\t\t\t\t<div class=\"elementor-widget-container\">\n\t\t\t\t\t\t\t\t\t<div class=\"elementor-button-wrapper\">\n\t\t\t\t\t<a class=\"elementor-button elementor-button-link elementor-size-md\" href=\"#schaftwagen\">\n\t\t\t\t\t\t<span class=\"elementor-button-content-wrapper\">\n\t\t\t\t\t\t<span class=\"elementor-button-icon\">\n\t\t\t\t<svg aria-hidden=\"true\" class=\"e-font-icon-svg e-fas-check\" viewBox=\"0 0 512 512\" xmlns=\"http:\/\/www.w3.org\/2000\/svg\"><path d=\"M173.898 439.404l-166.4-166.4c-9.997-9.997-9.997-26.206 0-36.204l36.203-36.204c9.997-9.998 26.207-9.998 36.204 0L192 312.69 432.095 72.596c9.997-9.997 26.207-9.997 36.204 0l36.203 36.204c9.997 9.997 9.997 26.206 0 36.204l-294.4 294.401c-9.998 9.997-26.207 9.997-36.204-.001z\"><\/path><\/svg>\t\t\t<\/span>\n\t\t\t\t\t\t\t\t\t<span class=\"elementor-button-text\">Beg\u00e4r offert<\/span>\n\t\t\t\t\t<\/span>\n\t\t\t\t\t<\/a>\n\t\t\t\t<\/div>\n\t\t\t\t\t\t\t\t<\/div>\n\t\t\t\t<\/div>\n\t\t\t\t<\/div>\n\t\t\t\t\t<\/div>\n\t\t\t\t<\/div>\n\t\t\t\t<section class=\"elementor-section elementor-top-section elementor-element elementor-element-56a1625e elementor-section-content-middle elementor-section-boxed elementor-section-height-default elementor-section-height-default\" data-id=\"56a1625e\" data-element_type=\"section\" data-e-type=\"section\">\n\t\t\t\t\t\t<div class=\"elementor-container elementor-column-gap-default\">\n\t\t\t\t\t<div class=\"elementor-column elementor-col-100 elementor-top-column elementor-element elementor-element-4c039251\" data-id=\"4c039251\" data-element_type=\"column\" data-e-type=\"column\">\n\t\t\t<div class=\"elementor-widget-wrap elementor-element-populated\">\n\t\t\t\t\t\t<div class=\"elementor-element elementor-element-327158af elementor-widget elementor-widget-heading\" data-id=\"327158af\" data-element_type=\"widget\" data-e-type=\"widget\" data-widget_type=\"heading.default\">\n\t\t\t\t<div class=\"elementor-widget-container\">\n\t\t\t\t\t<h3 class=\"elementor-heading-title elementor-size-default\">Prefab frib\u00e4rande vagn eller en anpassad frib\u00e4rande vagn<\/h3>\t\t\t\t<\/div>\n\t\t\t\t<\/div>\n\t\t\t\t<div class=\"elementor-element elementor-element-3250a4dd elementor-widget elementor-widget-text-editor\" data-id=\"3250a4dd\" data-element_type=\"widget\" data-e-type=\"widget\" data-widget_type=\"text-editor.default\">\n\t\t\t\t<div class=\"elementor-widget-container\">\n\t\t\t\t\t\t\t\t\t<p>Varje byggprojekt \u00e4r olika, d\u00e4rf\u00f6r erbjuder vi p\u00e5 All-Units ett val mellan prefabricerade st\u00e4llningsvagnar och specialtillverkade st\u00e4llningsvagnar. Det \u00e4r viktigt att avg\u00f6ra vilket alternativ som b\u00e4st passar dina specifika behov.<\/p>\n<p>V\u00e5ra prefabricerade sl\u00e4pvagnar finns omedelbart tillg\u00e4ngliga och ger en snabb l\u00f6sning p\u00e5 dina byggarbetsbehov. De \u00e4r effektiva och kostnadseffektiva, perfekta f\u00f6r projekt med ett sn\u00e4vt schema. \u00c5 andra sidan, om ditt projekt har unika krav, erbjuder vi \u00e4ven skr\u00e4ddarsydda sk\u00e5pbilar. V\u00e5rt expertteam kan hj\u00e4lpa dig att designa en sk\u00e5pbil som perfekt matchar dina \u00f6nskem\u00e5l och specifikationer.<\/p>\n<p>B\u00e5de de f\u00e4rdiga sk\u00e5pbilarna och de specialtillverkade sk\u00e5pbilarna kan levereras som mobila sk\u00e5pbilar. Detta \u00e4r anv\u00e4ndbart om du och ditt team \u00e4r p\u00e5 flera byggprojekt. P\u00e5 s\u00e5 s\u00e4tt skapar du en trevlig plats p\u00e5 varje byggarbetsplats, till exempel f\u00f6r att \u00e4ta lunch eller f\u00f6rvara dokument.&nbsp;<\/p>\n<p>Letar du efter ett vackert och professionellt utrymme f\u00f6r din byggarbetsplats d\u00e4r viktiga projekt kan \u00f6vervakas och partners kan tas emot? Ta d\u00e5 en titt p\u00e5 v\u00e5ra alternativ&nbsp;<a href=\"https:\/\/www.all-units.nl\/sv\/styrelserummet\/\" target=\"_blank\">ledningskedja<\/a> .&nbsp;<\/p>\n<p dir=\"ltr\" style=\"line-height: 1.38; margin-top: 0pt; margin-bottom: 0pt;\">\n<\/p>\t\t\t\t\t\t\t\t<\/div>\n\t\t\t\t<\/div>\n\t\t\t\t\t<\/div>\n\t\t<\/div>\n\t\t\t\t\t<\/div>\n\t\t<\/section>\n\t\t\t\t<section class=\"elementor-section elementor-top-section elementor-element elementor-element-9b300f5 elementor-section-boxed elementor-section-height-default elementor-section-height-default\" data-id=\"9b300f5\" data-element_type=\"section\" data-e-type=\"section\">\n\t\t\t\t\t\t<div class=\"elementor-container elementor-column-gap-default\">\n\t\t\t\t\t<div class=\"elementor-column elementor-col-100 elementor-top-column elementor-element elementor-element-f4f5eb2\" data-id=\"f4f5eb2\" data-element_type=\"column\" data-e-type=\"column\">\n\t\t\t<div class=\"elementor-widget-wrap elementor-element-populated\">\n\t\t\t\t\t\t<div class=\"elementor-element elementor-element-c85b240 elementor-widget elementor-widget-spacer\" data-id=\"c85b240\" data-element_type=\"widget\" data-e-type=\"widget\" data-widget_type=\"spacer.default\">\n\t\t\t\t<div class=\"elementor-widget-container\">\n\t\t\t\t\t\t\t<div class=\"elementor-spacer\">\n\t\t\t<div class=\"elementor-spacer-inner\"><\/div>\n\t\t<\/div>\n\t\t\t\t\t\t<\/div>\n\t\t\t\t<\/div>\n\t\t\t\t\t<\/div>\n\t\t<\/div>\n\t\t\t\t\t<\/div>\n\t\t<\/section>\n\t\t\t\t<section class=\"elementor-section elementor-top-section elementor-element elementor-element-37706f08 elementor-section-full_width elementor-section-height-min-height elementor-section-items-stretch elementor-section-content-middle elementor-section-height-default\" data-id=\"37706f08\" data-element_type=\"section\" data-e-type=\"section\" data-settings=\"{&quot;background_background&quot;:&quot;none&quot;}\">\n\t\t\t\t\t\t<div class=\"elementor-container elementor-column-gap-no\">\n\t\t\t\t\t<div class=\"elementor-column elementor-col-50 elementor-top-column elementor-element elementor-element-5010c72e\" data-id=\"5010c72e\" data-element_type=\"column\" data-e-type=\"column\" data-settings=\"{&quot;background_background&quot;:&quot;classic&quot;}\">\n\t\t\t<div class=\"elementor-widget-wrap elementor-element-populated\">\n\t\t\t\t\t\t<div class=\"elementor-element elementor-element-355f766 elementor-widget elementor-widget-menu-anchor\" data-id=\"355f766\" data-element_type=\"widget\" data-e-type=\"widget\" data-widget_type=\"menu-anchor.default\">\n\t\t\t\t<div class=\"elementor-widget-container\">\n\t\t\t\t\t\t\t<div class=\"elementor-menu-anchor\" id=\"cafeteria\"><\/div>\n\t\t\t\t\t\t<\/div>\n\t\t\t\t<\/div>\n\t\t\t\t<div class=\"elementor-element elementor-element-3a196bf9 elementor-button-align-stretch elementor-widget elementor-widget-form\" data-id=\"3a196bf9\" data-element_type=\"widget\" data-e-type=\"widget\" data-settings=\"{&quot;step_next_label&quot;:&quot;N\\u00e4sta&quot;,&quot;step_previous_label&quot;:&quot;F\\u00f6reg\\u00e5ende&quot;,&quot;button_width&quot;:&quot;100&quot;,&quot;step_type&quot;:&quot;number_text&quot;,&quot;step_icon_shape&quot;:&quot;circle&quot;}\" data-widget_type=\"form.default\">\n\t\t\t\t<div class=\"elementor-widget-container\">\n\t\t\t\t\t\t\t<form class=\"elementor-form\" method=\"post\" name=\"Blyform business\" aria-label=\"Blyform business\">\n\t\t\t<input type=\"hidden\" name=\"post_id\" value=\"11280\"\/>\n\t\t\t<input type=\"hidden\" name=\"form_id\" value=\"3a196bf9\"\/>\n\t\t\t<input type=\"hidden\" name=\"referer_title\" value=\"En Unik Och Billig Skyddsbil F\u00f6r Din Byggarbetsplats!\" \/>\n\n\t\t\t\t\t\t\t<input type=\"hidden\" name=\"queried_id\" value=\"11280\"\/>\n\t\t\t\n\t\t\t<div class=\"elementor-form-fields-wrapper elementor-labels-\">\n\t\t\t\t\t\t\t\t<div class=\"elementor-field-type-text elementor-field-group elementor-column elementor-field-group-qi8lqp1 elementor-col-33 elementor-field-required\">\n\t\t\t\t\t\t\t\t\t\t\t\t<label for=\"form-field-qi8lqp1\" class=\"elementor-field-label elementor-screen-only\">\n\t\t\t\t\t\t\t\tNamn\t\t\t\t\t\t\t<\/label>\n\t\t\t\t\t\t\t\t\t\t\t\t\t\t<input size=\"1\" type=\"text\" name=\"form_fields[qi8lqp1]\" id=\"form-field-qi8lqp1\" class=\"elementor-field elementor-size-md  elementor-field-textual\" placeholder=\"Namn\" required=\"required\">\n\t\t\t\t\t\t\t\t\t\t\t<\/div>\n\t\t\t\t\t\t\t\t<div class=\"elementor-field-type-tel elementor-field-group elementor-column elementor-field-group-2gd0qrk elementor-col-33 elementor-field-required\">\n\t\t\t\t\t\t\t\t\t\t\t\t<label for=\"form-field-2gd0qrk\" class=\"elementor-field-label elementor-screen-only\">\n\t\t\t\t\t\t\t\tTelefon r\t\t\t\t\t\t\t<\/label>\n\t\t\t\t\t\t\t\t<input size=\"1\" type=\"tel\" name=\"form_fields[2gd0qrk]\" id=\"form-field-2gd0qrk\" class=\"elementor-field elementor-size-md  elementor-field-textual\" placeholder=\"Telefon r\" required=\"required\" pattern=\"[0-9()#&amp;+*-=.]+\" title=\"Endast siffror och telefontecken (#, -, *, etc) accepteras.\">\n\n\t\t\t\t\t\t<\/div>\n\t\t\t\t\t\t\t\t<div class=\"elementor-field-type-email elementor-field-group elementor-column elementor-field-group-8b28ttw elementor-col-33 elementor-field-required\">\n\t\t\t\t\t\t\t\t\t\t\t\t<label for=\"form-field-8b28ttw\" class=\"elementor-field-label elementor-screen-only\">\n\t\t\t\t\t\t\t\tE-post\t\t\t\t\t\t\t<\/label>\n\t\t\t\t\t\t\t\t\t\t\t\t\t\t<input size=\"1\" type=\"email\" name=\"form_fields[8b28ttw]\" id=\"form-field-8b28ttw\" class=\"elementor-field elementor-size-md  elementor-field-textual\" placeholder=\"E-post\" required=\"required\">\n\t\t\t\t\t\t\t\t\t\t\t<\/div>\n\t\t\t\t\t\t\t\t<div class=\"elementor-field-group elementor-column elementor-field-type-submit elementor-col-100 e-form__buttons\">\n\t\t\t\t\t<button class=\"elementor-button elementor-size-md\" type=\"submit\">\n\t\t\t\t\t\t<span class=\"elementor-button-content-wrapper\">\n\t\t\t\t\t\t\t\t\t\t\t\t\t\t\t\t\t\t\t\t\t\t<span class=\"elementor-button-text\">Skicka<\/span>\n\t\t\t\t\t\t\t\t\t\t\t\t\t<\/span>\n\t\t\t\t\t<\/button>\n\t\t\t\t<\/div>\n\t\t\t<\/div>\n\t\t<\/form>\n\t\t\t\t\t\t<\/div>\n\t\t\t\t<\/div>\n\t\t\t\t\t<\/div>\n\t\t<\/div>\n\t\t\t\t<div class=\"elementor-column elementor-col-50 elementor-top-column elementor-element elementor-element-23f77572\" data-id=\"23f77572\" data-element_type=\"column\" data-e-type=\"column\" data-settings=\"{&quot;background_background&quot;:&quot;none&quot;}\">\n\t\t\t<div class=\"elementor-widget-wrap elementor-element-populated\">\n\t\t\t\t\t\t<div class=\"elementor-element elementor-element-65f745c0 elementor-widget elementor-widget-heading\" data-id=\"65f745c0\" data-element_type=\"widget\" data-e-type=\"widget\" data-widget_type=\"heading.default\">\n\t\t\t\t<div class=\"elementor-widget-container\">\n\t\t\t\t\t<h2 class=\"elementor-heading-title elementor-size-default\">Beg\u00e4ran om information<\/h2>\t\t\t\t<\/div>\n\t\t\t\t<\/div>\n\t\t\t\t<div class=\"elementor-element elementor-element-77f94e80 elementor-widget-divider--view-line elementor-widget elementor-widget-divider\" data-id=\"77f94e80\" data-element_type=\"widget\" data-e-type=\"widget\" data-widget_type=\"divider.default\">\n\t\t\t\t<div class=\"elementor-widget-container\">\n\t\t\t\t\t\t\t<div class=\"elementor-divider\">\n\t\t\t<span class=\"elementor-divider-separator\">\n\t\t\t\t\t\t<\/span>\n\t\t<\/div>\n\t\t\t\t\t\t<\/div>\n\t\t\t\t<\/div>\n\t\t\t\t<div class=\"elementor-element elementor-element-1e764649 elementor-widget elementor-widget-text-editor\" data-id=\"1e764649\" data-element_type=\"widget\" data-e-type=\"widget\" data-widget_type=\"text-editor.default\">\n\t\t\t\t<div class=\"elementor-widget-container\">\n\t\t\t\t\t\t\t\t\t<p>Kan vi kontakta dig f\u00f6r att diskutera dina krav tillsammans?  <\/p>\n\t\t\t\t\t\t\t\t<\/div>\n\t\t\t\t<\/div>\n\t\t\t\t\t<\/div>\n\t\t<\/div>\n\t\t\t\t\t<\/div>\n\t\t<\/section>\n\t\t\t\t<section class=\"elementor-section elementor-top-section elementor-element elementor-element-925d57a elementor-section-boxed elementor-section-height-default elementor-section-height-default\" data-id=\"925d57a\" data-element_type=\"section\" data-e-type=\"section\">\n\t\t\t\t\t\t<div class=\"elementor-container elementor-column-gap-default\">\n\t\t\t\t\t<div class=\"elementor-column elementor-col-100 elementor-top-column elementor-element elementor-element-7caf2af\" data-id=\"7caf2af\" data-element_type=\"column\" data-e-type=\"column\">\n\t\t\t<div class=\"elementor-widget-wrap elementor-element-populated\">\n\t\t\t\t\t\t<div class=\"elementor-element elementor-element-3f456a9 elementor-widget elementor-widget-spacer\" data-id=\"3f456a9\" data-element_type=\"widget\" data-e-type=\"widget\" data-widget_type=\"spacer.default\">\n\t\t\t\t<div class=\"elementor-widget-container\">\n\t\t\t\t\t\t\t<div class=\"elementor-spacer\">\n\t\t\t<div class=\"elementor-spacer-inner\"><\/div>\n\t\t<\/div>\n\t\t\t\t\t\t<\/div>\n\t\t\t\t<\/div>\n\t\t\t\t\t<\/div>\n\t\t<\/div>\n\t\t\t\t\t<\/div>\n\t\t<\/section>\n\t\t\t\t<\/div>\n\t\t","protected":false},"excerpt":{"rendered":"<p>Hyllvagn Letar du efter en lyxig och modern restaurangbil? Fr\u00e5n 19950 euro Beg\u00e4r offert K\u00f6p en Schaftwagen, en bra grund f\u00f6r din byggarbetsplats Att k\u00f6pa en bygglastbil \u00e4r ett stort steg mot att skapa en h\u00e5llbar grund f\u00f6r din byggarbetsplats. Precis som den v\u00e4lk\u00e4nda byggstugan utg\u00f6r skjulbilar en central plats p\u00e5 en byggarbetsplats d\u00e4r man [&hellip;]<\/p>\n","protected":false},"author":1,"featured_media":5967,"parent":0,"menu_order":0,"comment_status":"closed","ping_status":"closed","template":"","meta":{"footnotes":""},"class_list":["post-11280","page","type-page","status-publish","has-post-thumbnail","hentry"],"_links":{"self":[{"href":"https:\/\/www.all-units.nl\/sv\/wp-json\/wp\/v2\/pages\/11280","targetHints":{"allow":["GET"]}}],"collection":[{"href":"https:\/\/www.all-units.nl\/sv\/wp-json\/wp\/v2\/pages"}],"about":[{"href":"https:\/\/www.all-units.nl\/sv\/wp-json\/wp\/v2\/types\/page"}],"author":[{"embeddable":true,"href":"https:\/\/www.all-units.nl\/sv\/wp-json\/wp\/v2\/users\/1"}],"replies":[{"embeddable":true,"href":"https:\/\/www.all-units.nl\/sv\/wp-json\/wp\/v2\/comments?post=11280"}],"version-history":[{"count":2,"href":"https:\/\/www.all-units.nl\/sv\/wp-json\/wp\/v2\/pages\/11280\/revisions"}],"predecessor-version":[{"id":13558,"href":"https:\/\/www.all-units.nl\/sv\/wp-json\/wp\/v2\/pages\/11280\/revisions\/13558"}],"wp:featuredmedia":[{"embeddable":true,"href":"https:\/\/www.all-units.nl\/sv\/wp-json\/wp\/v2\/media\/5967"}],"wp:attachment":[{"href":"https:\/\/www.all-units.nl\/sv\/wp-json\/wp\/v2\/media?parent=11280"}],"curies":[{"name":"wp","href":"https:\/\/api.w.org\/{rel}","templated":true}]}}