{"id":11019,"date":"2020-06-02T10:10:05","date_gmt":"2020-06-02T10:10:05","guid":{"rendered":"https:\/\/www.all-units.nl\/mat-vogn\/"},"modified":"2023-10-26T13:51:35","modified_gmt":"2023-10-26T13:51:35","slug":"mat-vogn","status":"publish","type":"page","link":"https:\/\/www.all-units.nl\/no\/mat-vogn\/","title":{"rendered":"Mat vogn"},"content":{"rendered":"\t\t<div data-elementor-type=\"wp-page\" data-elementor-id=\"11019\" class=\"elementor elementor-11019 elementor-190\" data-elementor-post-type=\"page\">\n\t\t\t\t\t\t<section class=\"elementor-section elementor-top-section elementor-element elementor-element-56ec2015 elementor-section-full_width elementor-section-height-min-height elementor-section-items-stretch elementor-section-content-middle elementor-section-height-default\" data-id=\"56ec2015\" data-element_type=\"section\" data-e-type=\"section\" data-settings=\"{&quot;background_background&quot;:&quot;none&quot;}\">\n\t\t\t\t\t\t<div class=\"elementor-container elementor-column-gap-no\">\n\t\t\t\t\t<div class=\"elementor-column elementor-col-50 elementor-top-column elementor-element elementor-element-4e411819\" data-id=\"4e411819\" data-element_type=\"column\" data-e-type=\"column\" data-settings=\"{&quot;background_background&quot;:&quot;slideshow&quot;,&quot;background_slideshow_gallery&quot;:[],&quot;background_slideshow_loop&quot;:&quot;yes&quot;,&quot;background_slideshow_slide_duration&quot;:5000,&quot;background_slideshow_slide_transition&quot;:&quot;fade&quot;,&quot;background_slideshow_transition_duration&quot;:500}\">\n\t\t\t<div class=\"elementor-widget-wrap elementor-element-populated\">\n\t\t\t\t\t\t<div class=\"elementor-element elementor-element-1322bcd8 elementor-widget elementor-widget-image\" data-id=\"1322bcd8\" data-element_type=\"widget\" data-e-type=\"widget\" data-widget_type=\"image.default\">\n\t\t\t\t<div class=\"elementor-widget-container\">\n\t\t\t\t\t\t\t\t\t\t\t\t\t\t\t<img fetchpriority=\"high\" decoding=\"async\" width=\"575\" height=\"626\" src=\"https:\/\/www.all-units.nl\/wp-content\/uploads\/2020\/07\/USKU8863.jpeg\" class=\"attachment-medium_large size-medium_large wp-image-5965\" alt=\"\" srcset=\"https:\/\/www.all-units.nl\/wp-content\/uploads\/2020\/07\/USKU8863.jpeg 575w, https:\/\/www.all-units.nl\/wp-content\/uploads\/2020\/07\/USKU8863-276x300.jpeg 276w\" sizes=\"(max-width: 575px) 100vw, 575px\" title=\"\">\t\t\t\t\t\t\t\t\t\t\t\t\t\t\t<\/div>\n\t\t\t\t<\/div>\n\t\t\t\t\t<\/div>\n\t\t<\/div>\n\t\t\t\t<div class=\"elementor-column elementor-col-50 elementor-top-column elementor-element elementor-element-56251db2\" data-id=\"56251db2\" data-element_type=\"column\" data-e-type=\"column\" data-settings=\"{&quot;background_background&quot;:&quot;none&quot;}\">\n\t\t\t<div class=\"elementor-widget-wrap elementor-element-populated\">\n\t\t\t\t\t\t<div class=\"elementor-element elementor-element-3ece8f73 elementor-widget elementor-widget-heading\" data-id=\"3ece8f73\" data-element_type=\"widget\" data-e-type=\"widget\" data-widget_type=\"heading.default\">\n\t\t\t\t<div class=\"elementor-widget-container\">\n\t\t\t\t\t<h1 class=\"elementor-heading-title elementor-size-default\">Mat vogn<\/h1>\t\t\t\t<\/div>\n\t\t\t\t<\/div>\n\t\t\t\t<div class=\"elementor-element elementor-element-2fe6441a elementor-widget-divider--view-line elementor-widget elementor-widget-divider\" data-id=\"2fe6441a\" data-element_type=\"widget\" data-e-type=\"widget\" data-widget_type=\"divider.default\">\n\t\t\t\t<div class=\"elementor-widget-container\">\n\t\t\t\t\t\t\t<div class=\"elementor-divider\">\n\t\t\t<span class=\"elementor-divider-separator\">\n\t\t\t\t\t\t<\/span>\n\t\t<\/div>\n\t\t\t\t\t\t<\/div>\n\t\t\t\t<\/div>\n\t\t\t\t<div class=\"elementor-element elementor-element-4a78118d elementor-widget elementor-widget-text-editor\" data-id=\"4a78118d\" data-element_type=\"widget\" data-e-type=\"widget\" data-widget_type=\"text-editor.default\">\n\t\t\t\t<div class=\"elementor-widget-container\">\n\t\t\t\t\t\t\t\t\t<p>Utsolgt<\/p>\n\t\t\t\t\t\t\t\t<\/div>\n\t\t\t\t<\/div>\n\t\t\t\t\t<\/div>\n\t\t<\/div>\n\t\t\t\t\t<\/div>\n\t\t<\/section>\n\t\t\t\t<section class=\"elementor-section elementor-top-section elementor-element elementor-element-3a9d8117 elementor-section-boxed elementor-section-height-default elementor-section-height-default\" data-id=\"3a9d8117\" data-element_type=\"section\" data-e-type=\"section\" data-settings=\"{&quot;background_background&quot;:&quot;classic&quot;}\">\n\t\t\t\t\t\t<div class=\"elementor-container elementor-column-gap-no\">\n\t\t\t\t\t<div class=\"elementor-column elementor-col-50 elementor-top-column elementor-element elementor-element-18a47093\" data-id=\"18a47093\" data-element_type=\"column\" data-e-type=\"column\">\n\t\t\t<div class=\"elementor-widget-wrap elementor-element-populated\">\n\t\t\t\t\t\t<div class=\"elementor-element elementor-element-1e4e953a elementor-widget elementor-widget-heading\" data-id=\"1e4e953a\" data-element_type=\"widget\" data-e-type=\"widget\" data-widget_type=\"heading.default\">\n\t\t\t\t<div class=\"elementor-widget-container\">\n\t\t\t\t\t<h4 class=\"elementor-heading-title elementor-size-default\">&nbsp; Bitestor<br>\n&nbsp; Forfriskende <br>\n&nbsp; Smakfull avslutning<\/h4>\t\t\t\t<\/div>\n\t\t\t\t<\/div>\n\t\t\t\t\t<\/div>\n\t\t<\/div>\n\t\t\t\t<div class=\"elementor-column elementor-col-50 elementor-top-column elementor-element elementor-element-6b905d0c\" data-id=\"6b905d0c\" data-element_type=\"column\" data-e-type=\"column\">\n\t\t\t<div class=\"elementor-widget-wrap elementor-element-populated\">\n\t\t\t\t\t\t<div class=\"elementor-element elementor-element-26216dad elementor-widget elementor-widget-heading\" data-id=\"26216dad\" data-element_type=\"widget\" data-e-type=\"widget\" data-widget_type=\"heading.default\">\n\t\t\t\t<div class=\"elementor-widget-container\">\n\t\t\t\t\t<h2 class=\"elementor-heading-title elementor-size-default\">alle<br>enheter<\/h2>\t\t\t\t<\/div>\n\t\t\t\t<\/div>\n\t\t\t\t\t<\/div>\n\t\t<\/div>\n\t\t\t\t\t<\/div>\n\t\t<\/section>\n\t\t\t\t<section class=\"elementor-section elementor-top-section elementor-element elementor-element-224b55c5 elementor-section-content-middle elementor-reverse-mobile elementor-section-boxed elementor-section-height-default elementor-section-height-default\" data-id=\"224b55c5\" data-element_type=\"section\" data-e-type=\"section\">\n\t\t\t\t\t\t<div class=\"elementor-container elementor-column-gap-default\">\n\t\t\t\t\t<div class=\"elementor-column elementor-col-50 elementor-top-column elementor-element elementor-element-34b8dbbf\" data-id=\"34b8dbbf\" data-element_type=\"column\" data-e-type=\"column\">\n\t\t\t<div class=\"elementor-widget-wrap elementor-element-populated\">\n\t\t\t\t\t\t<div class=\"elementor-element elementor-element-2e572e6f elementor-widget elementor-widget-heading\" data-id=\"2e572e6f\" data-element_type=\"widget\" data-e-type=\"widget\" data-widget_type=\"heading.default\">\n\t\t\t\t<div class=\"elementor-widget-container\">\n\t\t\t\t\t<h2 class=\"elementor-heading-title elementor-size-default\">En ekte eye candy foodtruck<\/h2>\t\t\t\t<\/div>\n\t\t\t\t<\/div>\n\t\t\t\t<div class=\"elementor-element elementor-element-49ed1246 elementor-widget elementor-widget-text-editor\" data-id=\"49ed1246\" data-element_type=\"widget\" data-e-type=\"widget\" data-widget_type=\"text-editor.default\">\n\t\t\t\t<div class=\"elementor-widget-container\">\n\t\t\t\t\t\t\t\t\t<p>Vil du starte en <b>foodtruck<\/b> eller utvide cateringvirksomheten p\u00e5 hjul? Med en <b>foodtruck<\/b> fra All Units f\u00e5r du et ekte \u00f8yegodteri hjemme og du vil garantert skille deg ut! Fra et strandtelt i Hawaii-stil p\u00e5 hjul til et <b>typisk nederlandsk poffertjes-hus<\/b> . Valget av din <b>foodtruck<\/b> er viktig. Selvf\u00f8lgelig trenger du nok plass til \u00e5 lage mat, men du vil ogs\u00e5 kunne parkere matbilen din enkelt hvor som <a href=\"https:\/\/www.all-units.nl\/no\/festival-og-messe\/\">helst<\/a> og p\u00e5 hvilken som helst festival. <\/p>\n\t\t\t\t\t\t\t\t<\/div>\n\t\t\t\t<\/div>\n\t\t\t\t\t<\/div>\n\t\t<\/div>\n\t\t\t\t<div class=\"elementor-column elementor-col-50 elementor-top-column elementor-element elementor-element-34ecd614\" data-id=\"34ecd614\" data-element_type=\"column\" data-e-type=\"column\">\n\t\t\t<div class=\"elementor-widget-wrap elementor-element-populated\">\n\t\t\t\t\t\t<div class=\"elementor-element elementor-element-4e211a8 elementor-widget elementor-widget-image\" data-id=\"4e211a8\" data-element_type=\"widget\" data-e-type=\"widget\" data-widget_type=\"image.default\">\n\t\t\t\t<div class=\"elementor-widget-container\">\n\t\t\t\t\t\t\t\t\t\t\t\t\t\t\t<img decoding=\"async\" width=\"768\" height=\"497\" src=\"https:\/\/www.all-units.nl\/wp-content\/uploads\/2021\/07\/59c83773-61af-446d-af9b-d7e3a465bdbe-768x497.jpg\" class=\"attachment-medium_large size-medium_large wp-image-8107\" alt=\"\" srcset=\"https:\/\/www.all-units.nl\/wp-content\/uploads\/2021\/07\/59c83773-61af-446d-af9b-d7e3a465bdbe-768x497.jpg 768w, https:\/\/www.all-units.nl\/wp-content\/uploads\/2021\/07\/59c83773-61af-446d-af9b-d7e3a465bdbe-300x194.jpg 300w, https:\/\/www.all-units.nl\/wp-content\/uploads\/2021\/07\/59c83773-61af-446d-af9b-d7e3a465bdbe.jpg 1107w\" sizes=\"(max-width: 768px) 100vw, 768px\" title=\"\">\t\t\t\t\t\t\t\t\t\t\t\t\t\t\t<\/div>\n\t\t\t\t<\/div>\n\t\t\t\t\t<\/div>\n\t\t<\/div>\n\t\t\t\t\t<\/div>\n\t\t<\/section>\n\t\t\t\t<section class=\"elementor-section elementor-top-section elementor-element elementor-element-7547b9b6 elementor-section-content-middle elementor-section-boxed elementor-section-height-default elementor-section-height-default\" data-id=\"7547b9b6\" data-element_type=\"section\" data-e-type=\"section\">\n\t\t\t\t\t\t<div class=\"elementor-container elementor-column-gap-default\">\n\t\t\t\t\t<div class=\"elementor-column elementor-col-50 elementor-top-column elementor-element elementor-element-277060cc\" data-id=\"277060cc\" data-element_type=\"column\" data-e-type=\"column\">\n\t\t\t<div class=\"elementor-widget-wrap elementor-element-populated\">\n\t\t\t\t\t\t<div class=\"elementor-element elementor-element-772ac2de elementor-widget elementor-widget-image\" data-id=\"772ac2de\" data-element_type=\"widget\" data-e-type=\"widget\" data-widget_type=\"image.default\">\n\t\t\t\t<div class=\"elementor-widget-container\">\n\t\t\t\t\t\t\t\t\t\t\t\t\t\t\t<img decoding=\"async\" width=\"768\" height=\"351\" src=\"https:\/\/www.all-units.nl\/wp-content\/uploads\/2020\/07\/foodiesfeed.com_meanwhile-in-the-kitchen-1-768x351.jpg\" class=\"attachment-medium_large size-medium_large wp-image-6168\" alt=\"\" srcset=\"https:\/\/www.all-units.nl\/wp-content\/uploads\/2020\/07\/foodiesfeed.com_meanwhile-in-the-kitchen-1-768x351.jpg 768w, https:\/\/www.all-units.nl\/wp-content\/uploads\/2020\/07\/foodiesfeed.com_meanwhile-in-the-kitchen-1-300x137.jpg 300w, https:\/\/www.all-units.nl\/wp-content\/uploads\/2020\/07\/foodiesfeed.com_meanwhile-in-the-kitchen-1-1024x468.jpg 1024w, https:\/\/www.all-units.nl\/wp-content\/uploads\/2020\/07\/foodiesfeed.com_meanwhile-in-the-kitchen-1.jpg 1500w\" sizes=\"(max-width: 768px) 100vw, 768px\" title=\"\">\t\t\t\t\t\t\t\t\t\t\t\t\t\t\t<\/div>\n\t\t\t\t<\/div>\n\t\t\t\t\t<\/div>\n\t\t<\/div>\n\t\t\t\t<div class=\"elementor-column elementor-col-50 elementor-top-column elementor-element elementor-element-414c4e7b\" data-id=\"414c4e7b\" data-element_type=\"column\" data-e-type=\"column\">\n\t\t\t<div class=\"elementor-widget-wrap elementor-element-populated\">\n\t\t\t\t\t\t<div class=\"elementor-element elementor-element-562e6c2c elementor-widget elementor-widget-heading\" data-id=\"562e6c2c\" data-element_type=\"widget\" data-e-type=\"widget\" data-widget_type=\"heading.default\">\n\t\t\t\t<div class=\"elementor-widget-container\">\n\t\t\t\t\t<h3 class=\"elementor-heading-title elementor-size-default\">Det beste av det beste<\/h3>\t\t\t\t<\/div>\n\t\t\t\t<\/div>\n\t\t\t\t<div class=\"elementor-element elementor-element-1795f9f5 elementor-widget elementor-widget-text-editor\" data-id=\"1795f9f5\" data-element_type=\"widget\" data-e-type=\"widget\" data-widget_type=\"text-editor.default\">\n\t\t\t\t<div class=\"elementor-widget-container\">\n\t\t\t\t\t\t\t\t\t<p>Med en All Units <b>foodtruck<\/b> er utvalget stort! Du kan designe din egen <b>foodtruck<\/b> eller la oss lage et design for deg basert p\u00e5 dine \u00f8nsker og krav. Vi lager <b>matbilene<\/b> v\u00e5re som et motorisert kj\u00f8ret\u00f8y eller som tilhenger. Du kan ogs\u00e5 velge interi\u00f8r helt selv! Vil du bare ha et kj\u00f8kken inne eller vil du ogs\u00e5 ha en separat bar eller til og med en sittegruppe?&nbsp;<\/p>\n\t\t\t\t\t\t\t\t<\/div>\n\t\t\t\t<\/div>\n\t\t\t\t\t<\/div>\n\t\t<\/div>\n\t\t\t\t\t<\/div>\n\t\t<\/section>\n\t\t\t\t<section class=\"elementor-section elementor-top-section elementor-element elementor-element-30f62921 elementor-section-content-middle elementor-section-boxed elementor-section-height-default elementor-section-height-default\" data-id=\"30f62921\" data-element_type=\"section\" data-e-type=\"section\">\n\t\t\t\t\t\t<div class=\"elementor-container elementor-column-gap-no\">\n\t\t\t\t\t<div class=\"elementor-column elementor-col-50 elementor-top-column elementor-element elementor-element-35419db5\" data-id=\"35419db5\" data-element_type=\"column\" data-e-type=\"column\">\n\t\t\t<div class=\"elementor-widget-wrap elementor-element-populated\">\n\t\t\t\t\t\t<div class=\"elementor-element elementor-element-38635565 elementor-widget elementor-widget-heading\" data-id=\"38635565\" data-element_type=\"widget\" data-e-type=\"widget\" data-widget_type=\"heading.default\">\n\t\t\t\t<div class=\"elementor-widget-container\">\n\t\t\t\t\t<h4 class=\"elementor-heading-title elementor-size-default\">Din matbil\nSom et blikkfang<\/h4>\t\t\t\t<\/div>\n\t\t\t\t<\/div>\n\t\t\t\t\t<\/div>\n\t\t<\/div>\n\t\t\t\t<div class=\"elementor-column elementor-col-50 elementor-top-column elementor-element elementor-element-2d65860d\" data-id=\"2d65860d\" data-element_type=\"column\" data-e-type=\"column\">\n\t\t\t<div class=\"elementor-widget-wrap elementor-element-populated\">\n\t\t\t\t\t\t<div class=\"elementor-element elementor-element-67a897d6 elementor-widget elementor-widget-text-editor\" data-id=\"67a897d6\" data-element_type=\"widget\" data-e-type=\"widget\" data-widget_type=\"text-editor.default\">\n\t\t\t\t<div class=\"elementor-widget-container\">\n\t\t\t\t\t\t\t\t\t<p>Vi tenker gjerne sammen med deg for \u00e5 skape et praktisk og naturlig vakkert design for din <b>foodtruck<\/b> , som vil trekke mange bes\u00f8kende til matboden din med vann i munnen. \u00d8nsker du \u00e5 utvide din mobile <a href=\"https:\/\/www.all-units.nl\/no\/lager-og-lager\/\">cateringvirksomhet<\/a> med mobil underholdning for arrangementer, <a href=\"https:\/\/www.all-units.nl\/no\/festival-og-messe\/\">festivaler<\/a> , firmafester eller bryllup? Vi lager ogs\u00e5 <a href=\"https:\/\/www.all-units.nl\/no\/utstillingslokaler-og-popup-butikker\/\"><strong>pop-up-butikker<\/strong><\/a> , <strong>mobile fotost\u00f8vler<\/strong> og <strong>scenevogner\/mobilscener<\/strong> p\u00e5 bestilling.<\/p>\n\t\t\t\t\t\t\t\t<\/div>\n\t\t\t\t<\/div>\n\t\t\t\t\t<\/div>\n\t\t<\/div>\n\t\t\t\t\t<\/div>\n\t\t<\/section>\n\t\t\t\t<section class=\"elementor-section elementor-top-section elementor-element elementor-element-6cf3a3ed elementor-section-full_width elementor-section-height-default elementor-section-height-default\" data-id=\"6cf3a3ed\" data-element_type=\"section\" data-e-type=\"section\">\n\t\t\t\t\t\t<div class=\"elementor-container elementor-column-gap-default\">\n\t\t\t\t\t<div class=\"elementor-column elementor-col-50 elementor-top-column elementor-element elementor-element-2bf9dcef\" data-id=\"2bf9dcef\" data-element_type=\"column\" data-e-type=\"column\">\n\t\t\t<div class=\"elementor-widget-wrap elementor-element-populated\">\n\t\t\t\t\t\t<section class=\"elementor-section elementor-inner-section elementor-element elementor-element-2c4e0f0d elementor-section-height-min-height elementor-section-boxed elementor-section-height-default\" data-id=\"2c4e0f0d\" data-element_type=\"section\" data-e-type=\"section\">\n\t\t\t\t\t\t<div class=\"elementor-container elementor-column-gap-default\">\n\t\t\t\t\t<div class=\"elementor-column elementor-col-100 elementor-inner-column elementor-element elementor-element-3d2c5c7e\" data-id=\"3d2c5c7e\" data-element_type=\"column\" data-e-type=\"column\">\n\t\t\t<div class=\"elementor-widget-wrap elementor-element-populated\">\n\t\t\t\t\t\t<div class=\"elementor-element elementor-element-4600499b elementor-widget elementor-widget-text-editor\" data-id=\"4600499b\" data-element_type=\"widget\" data-e-type=\"widget\" data-widget_type=\"text-editor.default\">\n\t\t\t\t<div class=\"elementor-widget-container\">\n\t\t\t\t\t\t\t\t\t<p>Informasjon<br \/><strong>\u00c5 be om<\/strong><\/p>\n\t\t\t\t\t\t\t\t<\/div>\n\t\t\t\t<\/div>\n\t\t\t\t\t<\/div>\n\t\t<\/div>\n\t\t\t\t\t<\/div>\n\t\t<\/section>\n\t\t\t\t\t<\/div>\n\t\t<\/div>\n\t\t\t\t<div class=\"elementor-column elementor-col-50 elementor-top-column elementor-element elementor-element-40224387\" data-id=\"40224387\" data-element_type=\"column\" data-e-type=\"column\">\n\t\t\t<div class=\"elementor-widget-wrap elementor-element-populated\">\n\t\t\t\t\t\t<div class=\"elementor-element elementor-element-7dd9e75 elementor-button-align-stretch elementor-widget elementor-widget-form\" data-id=\"7dd9e75\" data-element_type=\"widget\" data-e-type=\"widget\" data-settings=\"{&quot;step_next_label&quot;:&quot;Neste&quot;,&quot;step_previous_label&quot;:&quot;Tidligere&quot;,&quot;button_width&quot;:&quot;100&quot;,&quot;step_type&quot;:&quot;number_text&quot;,&quot;step_icon_shape&quot;:&quot;circle&quot;}\" data-widget_type=\"form.default\">\n\t\t\t\t<div class=\"elementor-widget-container\">\n\t\t\t\t\t\t\t<form class=\"elementor-form\" method=\"post\" name=\"Blyskjema\" aria-label=\"Blyskjema\">\n\t\t\t<input type=\"hidden\" name=\"post_id\" value=\"11019\"\/>\n\t\t\t<input type=\"hidden\" name=\"form_id\" value=\"7dd9e75\"\/>\n\t\t\t<input type=\"hidden\" name=\"referer_title\" value=\"All Units Tiltrekker Seg Alle Bes\u00f8kende Til Matbilen Din Med Vann I Munnen!\" \/>\n\n\t\t\t\t\t\t\t<input type=\"hidden\" name=\"queried_id\" value=\"11019\"\/>\n\t\t\t\n\t\t\t<div class=\"elementor-form-fields-wrapper elementor-labels-\">\n\t\t\t\t\t\t\t\t<div class=\"elementor-field-type-text elementor-field-group elementor-column elementor-field-group-name elementor-col-100 elementor-field-required\">\n\t\t\t\t\t\t\t\t\t\t\t\t<label for=\"form-field-name\" class=\"elementor-field-label elementor-screen-only\">\n\t\t\t\t\t\t\t\tNavn\t\t\t\t\t\t\t<\/label>\n\t\t\t\t\t\t\t\t\t\t\t\t\t\t<input size=\"1\" type=\"text\" name=\"form_fields[name]\" id=\"form-field-name\" class=\"elementor-field elementor-size-sm  elementor-field-textual\" placeholder=\"Navn\" required=\"required\">\n\t\t\t\t\t\t\t\t\t\t\t<\/div>\n\t\t\t\t\t\t\t\t<div class=\"elementor-field-type-tel elementor-field-group elementor-column elementor-field-group-email elementor-col-100 elementor-field-required\">\n\t\t\t\t\t\t\t\t\t\t\t\t<label for=\"form-field-email\" class=\"elementor-field-label elementor-screen-only\">\n\t\t\t\t\t\t\t\ttelefonnummer\t\t\t\t\t\t\t<\/label>\n\t\t\t\t\t\t\t\t<input size=\"1\" type=\"tel\" name=\"form_fields[email]\" id=\"form-field-email\" class=\"elementor-field elementor-size-sm  elementor-field-textual\" placeholder=\"telefonnummer\" required=\"required\" pattern=\"[0-9()#&amp;+*-=.]+\" title=\"Only numbers and phone characters (#, -, *, etc) are accepted.\">\n\n\t\t\t\t\t\t<\/div>\n\t\t\t\t\t\t\t\t<div class=\"elementor-field-type-email elementor-field-group elementor-column elementor-field-group-field_1 elementor-col-100 elementor-field-required\">\n\t\t\t\t\t\t\t\t\t\t\t\t<label for=\"form-field-field_1\" class=\"elementor-field-label elementor-screen-only\">\n\t\t\t\t\t\t\t\tE-post\t\t\t\t\t\t\t<\/label>\n\t\t\t\t\t\t\t\t\t\t\t\t\t\t<input size=\"1\" type=\"email\" name=\"form_fields[field_1]\" id=\"form-field-field_1\" class=\"elementor-field elementor-size-sm  elementor-field-textual\" placeholder=\"E-post\" required=\"required\">\n\t\t\t\t\t\t\t\t\t\t\t<\/div>\n\t\t\t\t\t\t\t\t<div class=\"elementor-field-group elementor-column elementor-field-type-submit elementor-col-100 e-form__buttons\">\n\t\t\t\t\t<button class=\"elementor-button elementor-size-md\" type=\"submit\">\n\t\t\t\t\t\t<span class=\"elementor-button-content-wrapper\">\n\t\t\t\t\t\t\t\t\t\t\t\t\t\t\t\t\t\t\t\t\t\t<span class=\"elementor-button-text\">Sende<\/span>\n\t\t\t\t\t\t\t\t\t\t\t\t\t<\/span>\n\t\t\t\t\t<\/button>\n\t\t\t\t<\/div>\n\t\t\t<\/div>\n\t\t<\/form>\n\t\t\t\t\t\t<\/div>\n\t\t\t\t<\/div>\n\t\t\t\t\t<\/div>\n\t\t<\/div>\n\t\t\t\t\t<\/div>\n\t\t<\/section>\n\t\t\t\t<\/div>\n\t\t","protected":false},"excerpt":{"rendered":"<p>Mat vogn Utsolgt &nbsp; Bitestor &nbsp; Forfriskende &nbsp; Smakfull avslutning alleenheter En ekte eye candy foodtruck Vil du starte en foodtruck eller utvide cateringvirksomheten p\u00e5 hjul? Med en foodtruck fra All Units f\u00e5r du et ekte \u00f8yegodteri hjemme og du vil garantert skille deg ut! Fra et strandtelt i Hawaii-stil p\u00e5 hjul til et typisk [&hellip;]<\/p>\n","protected":false},"author":1,"featured_media":5965,"parent":0,"menu_order":0,"comment_status":"closed","ping_status":"closed","template":"","meta":{"footnotes":""},"class_list":["post-11019","page","type-page","status-publish","has-post-thumbnail","hentry"],"_links":{"self":[{"href":"https:\/\/www.all-units.nl\/no\/wp-json\/wp\/v2\/pages\/11019","targetHints":{"allow":["GET"]}}],"collection":[{"href":"https:\/\/www.all-units.nl\/no\/wp-json\/wp\/v2\/pages"}],"about":[{"href":"https:\/\/www.all-units.nl\/no\/wp-json\/wp\/v2\/types\/page"}],"author":[{"embeddable":true,"href":"https:\/\/www.all-units.nl\/no\/wp-json\/wp\/v2\/users\/1"}],"replies":[{"embeddable":true,"href":"https:\/\/www.all-units.nl\/no\/wp-json\/wp\/v2\/comments?post=11019"}],"version-history":[{"count":3,"href":"https:\/\/www.all-units.nl\/no\/wp-json\/wp\/v2\/pages\/11019\/revisions"}],"predecessor-version":[{"id":13453,"href":"https:\/\/www.all-units.nl\/no\/wp-json\/wp\/v2\/pages\/11019\/revisions\/13453"}],"wp:featuredmedia":[{"embeddable":true,"href":"https:\/\/www.all-units.nl\/no\/wp-json\/wp\/v2\/media\/5965"}],"wp:attachment":[{"href":"https:\/\/www.all-units.nl\/no\/wp-json\/wp\/v2\/media?parent=11019"}],"curies":[{"name":"wp","href":"https:\/\/api.w.org\/{rel}","templated":true}]}}