{"id":11178,"date":"2020-08-20T12:24:11","date_gmt":"2020-08-20T12:24:11","guid":{"rendered":"https:\/\/www.all-units.nl\/notre-organisation\/"},"modified":"2023-05-23T13:10:06","modified_gmt":"2023-05-23T13:10:06","slug":"notre-organisation","status":"publish","type":"page","link":"https:\/\/www.all-units.nl\/fr\/notre-organisation\/","title":{"rendered":"Notre organisation"},"content":{"rendered":"\t\t<div data-elementor-type=\"wp-page\" data-elementor-id=\"11178\" class=\"elementor elementor-11178 elementor-2234\" data-elementor-post-type=\"page\">\n\t\t\t\t\t\t<section class=\"elementor-section elementor-top-section elementor-element elementor-element-746fc700 elementor-section-full_width elementor-section-height-min-height elementor-section-items-stretch elementor-section-content-middle elementor-section-height-default\" data-id=\"746fc700\" data-element_type=\"section\" data-e-type=\"section\" data-settings=\"{&quot;background_background&quot;:&quot;none&quot;}\">\n\t\t\t\t\t\t<div class=\"elementor-container elementor-column-gap-no\">\n\t\t\t\t\t<div class=\"elementor-column elementor-col-50 elementor-top-column elementor-element elementor-element-2298388f\" data-id=\"2298388f\" data-element_type=\"column\" data-e-type=\"column\" data-settings=\"{&quot;background_background&quot;:&quot;slideshow&quot;,&quot;background_slideshow_gallery&quot;:[],&quot;background_slideshow_loop&quot;:&quot;yes&quot;,&quot;background_slideshow_slide_duration&quot;:5000,&quot;background_slideshow_slide_transition&quot;:&quot;fade&quot;,&quot;background_slideshow_transition_duration&quot;:500}\">\n\t\t\t<div class=\"elementor-widget-wrap elementor-element-populated\">\n\t\t\t\t\t\t<div class=\"elementor-element elementor-element-9fc13ee elementor-widget elementor-widget-image\" data-id=\"9fc13ee\" data-element_type=\"widget\" data-e-type=\"widget\" data-widget_type=\"image.default\">\n\t\t\t\t<div class=\"elementor-widget-container\">\n\t\t\t\t\t\t\t\t\t\t\t\t\t\t\t<img fetchpriority=\"high\" decoding=\"async\" width=\"768\" height=\"1153\" src=\"https:\/\/www.all-units.nl\/wp-content\/uploads\/2020\/08\/Michael-Nick-768x1153.jpg\" class=\"attachment-medium_large size-medium_large wp-image-7335\" alt=\"\" srcset=\"https:\/\/www.all-units.nl\/wp-content\/uploads\/2020\/08\/Michael-Nick-768x1153.jpg 768w, https:\/\/www.all-units.nl\/wp-content\/uploads\/2020\/08\/Michael-Nick-200x300.jpg 200w, https:\/\/www.all-units.nl\/wp-content\/uploads\/2020\/08\/Michael-Nick-682x1024.jpg 682w, https:\/\/www.all-units.nl\/wp-content\/uploads\/2020\/08\/Michael-Nick-1023x1536.jpg 1023w, https:\/\/www.all-units.nl\/wp-content\/uploads\/2020\/08\/Michael-Nick.jpg 1066w\" sizes=\"(max-width: 768px) 100vw, 768px\" title=\"\">\t\t\t\t\t\t\t\t\t\t\t\t\t\t\t<\/div>\n\t\t\t\t<\/div>\n\t\t\t\t\t<\/div>\n\t\t<\/div>\n\t\t\t\t<div class=\"elementor-column elementor-col-50 elementor-top-column elementor-element elementor-element-f331c3b\" data-id=\"f331c3b\" data-element_type=\"column\" data-e-type=\"column\" data-settings=\"{&quot;background_background&quot;:&quot;none&quot;}\">\n\t\t\t<div class=\"elementor-widget-wrap elementor-element-populated\">\n\t\t\t\t\t\t<div class=\"elementor-element elementor-element-397cfa87 elementor-widget elementor-widget-heading\" data-id=\"397cfa87\" data-element_type=\"widget\" data-e-type=\"widget\" data-widget_type=\"heading.default\">\n\t\t\t\t<div class=\"elementor-widget-container\">\n\t\t\t\t\t<h1 class=\"elementor-heading-title elementor-size-default\">Notre organisation<\/h1>\t\t\t\t<\/div>\n\t\t\t\t<\/div>\n\t\t\t\t<div class=\"elementor-element elementor-element-7665e20d elementor-widget-divider--view-line elementor-widget elementor-widget-divider\" data-id=\"7665e20d\" data-element_type=\"widget\" data-e-type=\"widget\" data-widget_type=\"divider.default\">\n\t\t\t\t<div class=\"elementor-widget-container\">\n\t\t\t\t\t\t\t<div class=\"elementor-divider\">\n\t\t\t<span class=\"elementor-divider-separator\">\n\t\t\t\t\t\t<\/span>\n\t\t<\/div>\n\t\t\t\t\t\t<\/div>\n\t\t\t\t<\/div>\n\t\t\t\t<div class=\"elementor-element elementor-element-10829c86 elementor-widget elementor-widget-text-editor\" data-id=\"10829c86\" data-element_type=\"widget\" data-e-type=\"widget\" data-widget_type=\"text-editor.default\">\n\t\t\t\t<div class=\"elementor-widget-container\">\n\t\t\t\t\t\t\t\t\t<p>\u00ab\u00a0Le travail d&rsquo;\u00e9quipe fait vivre le r\u00eave\u00a0\u00bb<\/p>\n\t\t\t\t\t\t\t\t<\/div>\n\t\t\t\t<\/div>\n\t\t\t\t\t<\/div>\n\t\t<\/div>\n\t\t\t\t\t<\/div>\n\t\t<\/section>\n\t\t\t\t<section class=\"elementor-section elementor-top-section elementor-element elementor-element-478348da elementor-section-boxed elementor-section-height-default elementor-section-height-default\" data-id=\"478348da\" data-element_type=\"section\" data-e-type=\"section\" data-settings=\"{&quot;background_background&quot;:&quot;classic&quot;}\">\n\t\t\t\t\t\t<div class=\"elementor-container elementor-column-gap-no\">\n\t\t\t\t\t<div class=\"elementor-column elementor-col-50 elementor-top-column elementor-element elementor-element-ee52b70\" data-id=\"ee52b70\" data-element_type=\"column\" data-e-type=\"column\">\n\t\t\t<div class=\"elementor-widget-wrap elementor-element-populated\">\n\t\t\t\t\t\t<div class=\"elementor-element elementor-element-e9d2cee elementor-widget elementor-widget-heading\" data-id=\"e9d2cee\" data-element_type=\"widget\" data-e-type=\"widget\" data-widget_type=\"heading.default\">\n\t\t\t\t<div class=\"elementor-widget-container\">\n\t\t\t\t\t<h4 class=\"elementor-heading-title elementor-size-default\">  \u00c9nergique<br>\n  L'esprit d'entreprise<br>\n  La mentalit\u00e9 du vainqueur<\/h4>\t\t\t\t<\/div>\n\t\t\t\t<\/div>\n\t\t\t\t\t<\/div>\n\t\t<\/div>\n\t\t\t\t<div class=\"elementor-column elementor-col-50 elementor-top-column elementor-element elementor-element-ec62246\" data-id=\"ec62246\" data-element_type=\"column\" data-e-type=\"column\">\n\t\t\t<div class=\"elementor-widget-wrap elementor-element-populated\">\n\t\t\t\t\t\t<div class=\"elementor-element elementor-element-5b5f1397 elementor-widget elementor-widget-heading\" data-id=\"5b5f1397\" data-element_type=\"widget\" data-e-type=\"widget\" data-widget_type=\"heading.default\">\n\t\t\t\t<div class=\"elementor-widget-container\">\n\t\t\t\t\t<h2 class=\"elementor-heading-title elementor-size-default\">Tous<br>unit\u00e9s<\/h2>\t\t\t\t<\/div>\n\t\t\t\t<\/div>\n\t\t\t\t\t<\/div>\n\t\t<\/div>\n\t\t\t\t\t<\/div>\n\t\t<\/section>\n\t\t\t\t<section class=\"elementor-section elementor-top-section elementor-element elementor-element-37c309c1 elementor-section-content-middle elementor-reverse-mobile elementor-section-boxed elementor-section-height-default elementor-section-height-default\" data-id=\"37c309c1\" data-element_type=\"section\" data-e-type=\"section\">\n\t\t\t\t\t\t<div class=\"elementor-container elementor-column-gap-default\">\n\t\t\t\t\t<div class=\"elementor-column elementor-col-50 elementor-top-column elementor-element elementor-element-64984611\" data-id=\"64984611\" data-element_type=\"column\" data-e-type=\"column\">\n\t\t\t<div class=\"elementor-widget-wrap elementor-element-populated\">\n\t\t\t\t\t\t<div class=\"elementor-element elementor-element-26f26f6c elementor-widget elementor-widget-heading\" data-id=\"26f26f6c\" data-element_type=\"widget\" data-e-type=\"widget\" data-widget_type=\"heading.default\">\n\t\t\t\t<div class=\"elementor-widget-container\">\n\t\t\t\t\t<h3 class=\"elementor-heading-title elementor-size-default\">Bienvenue !<\/h3>\t\t\t\t<\/div>\n\t\t\t\t<\/div>\n\t\t\t\t<div class=\"elementor-element elementor-element-6abaed35 elementor-widget elementor-widget-text-editor\" data-id=\"6abaed35\" data-element_type=\"widget\" data-e-type=\"widget\" data-widget_type=\"text-editor.default\">\n\t\t\t\t<div class=\"elementor-widget-container\">\n\t\t\t\t\t\t\t\t\t<p>Nous sommes Michael Verhagen et Nick Man, deux amis du Brabant-Septentrional. Nous sommes tr\u00e8s friands de produits de luxe et de qualit\u00e9 au design soign\u00e9. C&rsquo;est pourquoi nous nous sommes d\u00e9j\u00e0 rencontr\u00e9s professionnellement, lors de la supercoupe Porsche Mobil 1. Michael y participe en tant que pilote sur tous les circuits internationaux c\u00e9l\u00e8bres et a fait appel \u00e0 son ami Nick pour le marketing, le parrainage et la gestion. Il s&rsquo;est av\u00e9r\u00e9 \u00eatre un travail d&rsquo;\u00e9quipe \u00e9tonnamment bon ! \u00ab\u00a0Nous sommes tous les deux en or et n&rsquo;avons pas peur de nous salir les mains, nous aimons nous entraider et sommes toujours pr\u00eats \u00e0 essayer de nouvelles choses.<\/p>\n\t\t\t\t\t\t\t\t<\/div>\n\t\t\t\t<\/div>\n\t\t\t\t\t<\/div>\n\t\t<\/div>\n\t\t\t\t<div class=\"elementor-column elementor-col-50 elementor-top-column elementor-element elementor-element-74fbad5c\" data-id=\"74fbad5c\" data-element_type=\"column\" data-e-type=\"column\">\n\t\t\t<div class=\"elementor-widget-wrap elementor-element-populated\">\n\t\t\t\t\t\t<div class=\"elementor-element elementor-element-60d1093d elementor-widget elementor-widget-image\" data-id=\"60d1093d\" data-element_type=\"widget\" data-e-type=\"widget\" data-widget_type=\"image.default\">\n\t\t\t\t<div class=\"elementor-widget-container\">\n\t\t\t\t\t\t\t\t\t\t\t\t\t\t\t<img decoding=\"async\" width=\"2560\" height=\"1707\" src=\"https:\/\/www.all-units.nl\/wp-content\/uploads\/2020\/08\/4P4A2889-scaled.jpg\" class=\"attachment-full size-full wp-image-7342\" alt=\"\" srcset=\"https:\/\/www.all-units.nl\/wp-content\/uploads\/2020\/08\/4P4A2889-scaled.jpg 2560w, https:\/\/www.all-units.nl\/wp-content\/uploads\/2020\/08\/4P4A2889-300x200.jpg 300w, https:\/\/www.all-units.nl\/wp-content\/uploads\/2020\/08\/4P4A2889-1024x683.jpg 1024w, https:\/\/www.all-units.nl\/wp-content\/uploads\/2020\/08\/4P4A2889-768x512.jpg 768w, https:\/\/www.all-units.nl\/wp-content\/uploads\/2020\/08\/4P4A2889-1536x1024.jpg 1536w, https:\/\/www.all-units.nl\/wp-content\/uploads\/2020\/08\/4P4A2889-2048x1365.jpg 2048w\" sizes=\"(max-width: 2560px) 100vw, 2560px\" title=\"\">\t\t\t\t\t\t\t\t\t\t\t\t\t\t\t<\/div>\n\t\t\t\t<\/div>\n\t\t\t\t\t<\/div>\n\t\t<\/div>\n\t\t\t\t\t<\/div>\n\t\t<\/section>\n\t\t\t\t<section class=\"elementor-section elementor-top-section elementor-element elementor-element-19ce4b9c elementor-section-content-middle elementor-section-boxed elementor-section-height-default elementor-section-height-default\" data-id=\"19ce4b9c\" data-element_type=\"section\" data-e-type=\"section\">\n\t\t\t\t\t\t<div class=\"elementor-container elementor-column-gap-default\">\n\t\t\t\t\t<div class=\"elementor-column elementor-col-50 elementor-top-column elementor-element elementor-element-1867b63\" data-id=\"1867b63\" data-element_type=\"column\" data-e-type=\"column\">\n\t\t\t<div class=\"elementor-widget-wrap elementor-element-populated\">\n\t\t\t\t\t\t<div class=\"elementor-element elementor-element-1d6551d0 elementor-widget elementor-widget-image\" data-id=\"1d6551d0\" data-element_type=\"widget\" data-e-type=\"widget\" data-widget_type=\"image.default\">\n\t\t\t\t<div class=\"elementor-widget-container\">\n\t\t\t\t\t\t\t\t\t\t\t\t\t\t\t<img decoding=\"async\" width=\"2560\" height=\"1707\" src=\"https:\/\/www.all-units.nl\/wp-content\/uploads\/2020\/08\/4P4A2877-scaled.jpg\" class=\"attachment-full size-full wp-image-7349\" alt=\"Tuinkantoor vergunning check\" srcset=\"https:\/\/www.all-units.nl\/wp-content\/uploads\/2020\/08\/4P4A2877-scaled.jpg 2560w, https:\/\/www.all-units.nl\/wp-content\/uploads\/2020\/08\/4P4A2877-300x200.jpg 300w, https:\/\/www.all-units.nl\/wp-content\/uploads\/2020\/08\/4P4A2877-1024x683.jpg 1024w, https:\/\/www.all-units.nl\/wp-content\/uploads\/2020\/08\/4P4A2877-768x512.jpg 768w, https:\/\/www.all-units.nl\/wp-content\/uploads\/2020\/08\/4P4A2877-1536x1024.jpg 1536w, https:\/\/www.all-units.nl\/wp-content\/uploads\/2020\/08\/4P4A2877-2048x1365.jpg 2048w\" sizes=\"(max-width: 2560px) 100vw, 2560px\" title=\"\">\t\t\t\t\t\t\t\t\t\t\t\t\t\t\t<\/div>\n\t\t\t\t<\/div>\n\t\t\t\t\t<\/div>\n\t\t<\/div>\n\t\t\t\t<div class=\"elementor-column elementor-col-50 elementor-top-column elementor-element elementor-element-31af8963\" data-id=\"31af8963\" data-element_type=\"column\" data-e-type=\"column\">\n\t\t\t<div class=\"elementor-widget-wrap elementor-element-populated\">\n\t\t\t\t\t\t<div class=\"elementor-element elementor-element-1aabc37a elementor-widget elementor-widget-heading\" data-id=\"1aabc37a\" data-element_type=\"widget\" data-e-type=\"widget\" data-widget_type=\"heading.default\">\n\t\t\t\t<div class=\"elementor-widget-container\">\n\t\t\t\t\t<h3 class=\"elementor-heading-title elementor-size-default\">Le constructeur d'unit\u00e9s innovant<\/h3>\t\t\t\t<\/div>\n\t\t\t\t<\/div>\n\t\t\t\t<div class=\"elementor-element elementor-element-133924d0 elementor-widget elementor-widget-text-editor\" data-id=\"133924d0\" data-element_type=\"widget\" data-e-type=\"widget\" data-widget_type=\"text-editor.default\">\n\t\t\t\t<div class=\"elementor-widget-container\">\n\t\t\t\t\t\t\t\t\t<p>Lorsqu&rsquo;un fabricant de charpentes m\u00e9talliques a demand\u00e9 \u00e0 Michael de jeter un coup d&rsquo;\u0153il \u00e0 ses nouveaux produits, ce dernier a fait preuve d&rsquo;un enthousiasme d\u00e9bordant. En effet, le produit, qui peut \u00eatre compar\u00e9 \u00e0 une construction modulaire, \u00e9tait solide comme le roc, beau dans sa conception et avait de nombreuses applications. Tr\u00e8s vite, Nick a \u00e9t\u00e9 recrut\u00e9 pour aider \u00e0 commercialiser ce produit et \u00e0 faire d\u00e9coller l&rsquo;entreprise. Au m\u00eame rythme que la fabrication de nos unit\u00e9s, notre entreprise est n\u00e9e ! Toutes les unit\u00e9s font partie de nous ! C&rsquo;est pourquoi nous sommes tr\u00e8s pr\u00e9sents dans All Units et dans nos produits. Nous sommes synonymes de qualit\u00e9, de produits robustes et r\u00e9sistants, ainsi que de design. Notre objectif futur est de faire de nos unit\u00e9s les Porsche de la construction rapide, de la construction de conteneurs et des unit\u00e9s en termes de design et de qualit\u00e9 ! Et heureusement, \u00e0 ce jour, nous pouvons dire avec fiert\u00e9 que gr\u00e2ce \u00e0 notre perspicacit\u00e9 et \u00e0 notre esprit d&rsquo;entreprise, nous sommes la f\u00eate la moins ch\u00e8re du march\u00e9 ! Nous avons \u00e9t\u00e9 surpris par la premi\u00e8re unit\u00e9 All Unit et nous esp\u00e9rons sinc\u00e8rement que nous pourrons \u00e9galement vous surprendre par la polyvalence de nos produits. Nous vous souhaitons la bienvenue dans notre salle d&rsquo;exposition \u00e0 Terheijdenseweg 465, unit\u00e9 Y.<\/p>\n\t\t\t\t\t\t\t\t<\/div>\n\t\t\t\t<\/div>\n\t\t\t\t\t<\/div>\n\t\t<\/div>\n\t\t\t\t\t<\/div>\n\t\t<\/section>\n\t\t\t\t<\/div>\n\t\t","protected":false},"excerpt":{"rendered":"<p>Notre organisation \u00ab\u00a0Le travail d&rsquo;\u00e9quipe fait vivre le r\u00eave\u00a0\u00bb \u00c9nergique L&rsquo;esprit d&rsquo;entreprise La mentalit\u00e9 du vainqueur Tousunit\u00e9s Bienvenue ! Nous sommes Michael Verhagen et Nick Man, deux amis du Brabant-Septentrional. Nous sommes tr\u00e8s friands de produits de luxe et de qualit\u00e9 au design soign\u00e9. C&rsquo;est pourquoi nous nous sommes d\u00e9j\u00e0 rencontr\u00e9s professionnellement, lors de la [&hellip;]<\/p>\n","protected":false},"author":1,"featured_media":0,"parent":0,"menu_order":0,"comment_status":"closed","ping_status":"closed","template":"","meta":{"footnotes":""},"class_list":["post-11178","page","type-page","status-publish","hentry"],"_links":{"self":[{"href":"https:\/\/www.all-units.nl\/fr\/wp-json\/wp\/v2\/pages\/11178","targetHints":{"allow":["GET"]}}],"collection":[{"href":"https:\/\/www.all-units.nl\/fr\/wp-json\/wp\/v2\/pages"}],"about":[{"href":"https:\/\/www.all-units.nl\/fr\/wp-json\/wp\/v2\/types\/page"}],"author":[{"embeddable":true,"href":"https:\/\/www.all-units.nl\/fr\/wp-json\/wp\/v2\/users\/1"}],"replies":[{"embeddable":true,"href":"https:\/\/www.all-units.nl\/fr\/wp-json\/wp\/v2\/comments?post=11178"}],"version-history":[{"count":5,"href":"https:\/\/www.all-units.nl\/fr\/wp-json\/wp\/v2\/pages\/11178\/revisions"}],"predecessor-version":[{"id":11619,"href":"https:\/\/www.all-units.nl\/fr\/wp-json\/wp\/v2\/pages\/11178\/revisions\/11619"}],"wp:attachment":[{"href":"https:\/\/www.all-units.nl\/fr\/wp-json\/wp\/v2\/media?parent=11178"}],"curies":[{"name":"wp","href":"https:\/\/api.w.org\/{rel}","templated":true}]}}