{"id":11028,"date":"2020-06-02T09:26:34","date_gmt":"2020-06-02T09:26:34","guid":{"rendered":"https:\/\/www.all-units.nl\/marina\/"},"modified":"2023-05-11T12:54:48","modified_gmt":"2023-05-11T12:54:48","slug":"marina","status":"publish","type":"page","link":"https:\/\/www.all-units.nl\/fr\/marina\/","title":{"rendered":"Marina"},"content":{"rendered":"\t\t<div data-elementor-type=\"wp-page\" data-elementor-id=\"11028\" class=\"elementor elementor-11028 elementor-143\" data-elementor-post-type=\"page\">\n\t\t\t\t\t\t<section class=\"elementor-section elementor-top-section elementor-element elementor-element-49a3bdb0 elementor-section-full_width elementor-section-height-min-height elementor-section-items-stretch elementor-section-content-middle elementor-section-height-default\" data-id=\"49a3bdb0\" data-element_type=\"section\" data-e-type=\"section\" data-settings=\"{&quot;background_background&quot;:&quot;none&quot;}\">\n\t\t\t\t\t\t<div class=\"elementor-container elementor-column-gap-no\">\n\t\t\t\t\t<div class=\"elementor-column elementor-col-50 elementor-top-column elementor-element elementor-element-c86c36c\" data-id=\"c86c36c\" data-element_type=\"column\" data-e-type=\"column\" data-settings=\"{&quot;background_background&quot;:&quot;slideshow&quot;,&quot;background_slideshow_gallery&quot;:[],&quot;background_slideshow_loop&quot;:&quot;yes&quot;,&quot;background_slideshow_slide_duration&quot;:5000,&quot;background_slideshow_slide_transition&quot;:&quot;fade&quot;,&quot;background_slideshow_transition_duration&quot;:500}\">\n\t\t\t<div class=\"elementor-widget-wrap elementor-element-populated\">\n\t\t\t\t\t\t<div class=\"elementor-element elementor-element-348aad3b elementor-widget elementor-widget-image\" data-id=\"348aad3b\" data-element_type=\"widget\" data-e-type=\"widget\" data-widget_type=\"image.default\">\n\t\t\t\t<div class=\"elementor-widget-container\">\n\t\t\t\t\t\t\t\t\t\t\t\t\t\t\t<img fetchpriority=\"high\" decoding=\"async\" width=\"768\" height=\"557\" src=\"https:\/\/www.all-units.nl\/wp-content\/uploads\/2020\/06\/Jachthaven-los-1-768x557.jpg\" class=\"attachment-medium_large size-medium_large wp-image-3912\" alt=\"\" srcset=\"https:\/\/www.all-units.nl\/wp-content\/uploads\/2020\/06\/Jachthaven-los-1-768x557.jpg 768w, https:\/\/www.all-units.nl\/wp-content\/uploads\/2020\/06\/Jachthaven-los-1-300x218.jpg 300w, https:\/\/www.all-units.nl\/wp-content\/uploads\/2020\/06\/Jachthaven-los-1.jpg 934w\" sizes=\"(max-width: 768px) 100vw, 768px\" title=\"\">\t\t\t\t\t\t\t\t\t\t\t\t\t\t\t<\/div>\n\t\t\t\t<\/div>\n\t\t\t\t\t<\/div>\n\t\t<\/div>\n\t\t\t\t<div class=\"elementor-column elementor-col-50 elementor-top-column elementor-element elementor-element-6e3647f\" data-id=\"6e3647f\" data-element_type=\"column\" data-e-type=\"column\" data-settings=\"{&quot;background_background&quot;:&quot;none&quot;}\">\n\t\t\t<div class=\"elementor-widget-wrap elementor-element-populated\">\n\t\t\t\t\t\t<div class=\"elementor-element elementor-element-7655b8c7 elementor-widget elementor-widget-heading\" data-id=\"7655b8c7\" data-element_type=\"widget\" data-e-type=\"widget\" data-widget_type=\"heading.default\">\n\t\t\t\t<div class=\"elementor-widget-container\">\n\t\t\t\t\t<h1 class=\"elementor-heading-title elementor-size-default\">Unit\u00e9s de la marina<\/h1>\t\t\t\t<\/div>\n\t\t\t\t<\/div>\n\t\t\t\t<div class=\"elementor-element elementor-element-2c651181 elementor-widget-divider--view-line elementor-widget elementor-widget-divider\" data-id=\"2c651181\" data-element_type=\"widget\" data-e-type=\"widget\" data-widget_type=\"divider.default\">\n\t\t\t\t<div class=\"elementor-widget-container\">\n\t\t\t\t\t\t\t<div class=\"elementor-divider\">\n\t\t\t<span class=\"elementor-divider-separator\">\n\t\t\t\t\t\t<\/span>\n\t\t<\/div>\n\t\t\t\t\t\t<\/div>\n\t\t\t\t<\/div>\n\t\t\t\t<div class=\"elementor-element elementor-element-54738605 elementor-widget elementor-widget-text-editor\" data-id=\"54738605\" data-element_type=\"widget\" data-e-type=\"widget\" data-widget_type=\"text-editor.default\">\n\t\t\t\t<div class=\"elementor-widget-container\">\n\t\t\t\t\t\t\t\t\t<p>Nous fournissons des <b>unit\u00e9s<\/b> portuaires de <b>plaisance<\/b> luxueuses et modernes<\/p>\n<p>A partir de \u20ac 19950.<\/p>\t\t\t\t\t\t\t\t<\/div>\n\t\t\t\t<\/div>\n\t\t\t\t\t<\/div>\n\t\t<\/div>\n\t\t\t\t\t<\/div>\n\t\t<\/section>\n\t\t\t\t<section class=\"elementor-section elementor-top-section elementor-element elementor-element-309906a6 elementor-section-boxed elementor-section-height-default elementor-section-height-default\" data-id=\"309906a6\" data-element_type=\"section\" data-e-type=\"section\" data-settings=\"{&quot;background_background&quot;:&quot;classic&quot;}\">\n\t\t\t\t\t\t<div class=\"elementor-container elementor-column-gap-no\">\n\t\t\t\t\t<div class=\"elementor-column elementor-col-50 elementor-top-column elementor-element elementor-element-3c9a5097\" data-id=\"3c9a5097\" data-element_type=\"column\" data-e-type=\"column\">\n\t\t\t<div class=\"elementor-widget-wrap elementor-element-populated\">\n\t\t\t\t\t\t<div class=\"elementor-element elementor-element-6350b724 elementor-widget elementor-widget-heading\" data-id=\"6350b724\" data-element_type=\"widget\" data-e-type=\"widget\" data-widget_type=\"heading.default\">\n\t\t\t\t<div class=\"elementor-widget-container\">\n\t\t\t\t\t<h4 class=\"elementor-heading-title elementor-size-default\">&nbsp;  Esth\u00e9tique<br>\n&nbsp;  Un design moderne  <br>\n&nbsp;  Une finition \u00e9l\u00e9gante<\/h4>\t\t\t\t<\/div>\n\t\t\t\t<\/div>\n\t\t\t\t\t<\/div>\n\t\t<\/div>\n\t\t\t\t<div class=\"elementor-column elementor-col-50 elementor-top-column elementor-element elementor-element-51a88b42\" data-id=\"51a88b42\" data-element_type=\"column\" data-e-type=\"column\">\n\t\t\t<div class=\"elementor-widget-wrap elementor-element-populated\">\n\t\t\t\t\t\t<div class=\"elementor-element elementor-element-202ffef7 elementor-widget elementor-widget-heading\" data-id=\"202ffef7\" data-element_type=\"widget\" data-e-type=\"widget\" data-widget_type=\"heading.default\">\n\t\t\t\t<div class=\"elementor-widget-container\">\n\t\t\t\t\t<h2 class=\"elementor-heading-title elementor-size-default\">Tous<br>unit\u00e9s<\/h2>\t\t\t\t<\/div>\n\t\t\t\t<\/div>\n\t\t\t\t\t<\/div>\n\t\t<\/div>\n\t\t\t\t\t<\/div>\n\t\t<\/section>\n\t\t\t\t<section class=\"elementor-section elementor-top-section elementor-element elementor-element-691c27d5 elementor-section-content-middle elementor-reverse-mobile elementor-section-boxed elementor-section-height-default elementor-section-height-default\" data-id=\"691c27d5\" data-element_type=\"section\" data-e-type=\"section\">\n\t\t\t\t\t\t<div class=\"elementor-container elementor-column-gap-default\">\n\t\t\t\t\t<div class=\"elementor-column elementor-col-50 elementor-top-column elementor-element elementor-element-22a5525a\" data-id=\"22a5525a\" data-element_type=\"column\" data-e-type=\"column\">\n\t\t\t<div class=\"elementor-widget-wrap elementor-element-populated\">\n\t\t\t\t\t\t<div class=\"elementor-element elementor-element-bcb2b3a elementor-widget elementor-widget-heading\" data-id=\"bcb2b3a\" data-element_type=\"widget\" data-e-type=\"widget\" data-widget_type=\"heading.default\">\n\t\t\t\t<div class=\"elementor-widget-container\">\n\t\t\t\t\t<h2 class=\"elementor-heading-title elementor-size-default\">Port d'attache de la navigation de plaisance et commerciale<\/h2>\t\t\t\t<\/div>\n\t\t\t\t<\/div>\n\t\t\t\t<div class=\"elementor-element elementor-element-1821f4d6 elementor-widget elementor-widget-text-editor\" data-id=\"1821f4d6\" data-element_type=\"widget\" data-e-type=\"widget\" data-widget_type=\"text-editor.default\">\n\t\t\t\t<div class=\"elementor-widget-container\">\n\t\t\t\t\t\t\t\t\t<p>Le <strong>port de plaisance<\/strong>, un lieu o\u00f9 l&rsquo;eau, avec son atmosph\u00e8re et son charme, et la terre, avec son luxe et son confort, se confondent. Pour de nombreux passants, un <strong>port de plaisance<\/strong> est un point \u00e0 l&rsquo;horizon, un endroit que l&rsquo;on attend avec impatience. Il suffit de s&rsquo;amarrer, de se doucher, de se reposer et de discuter avec les autres skippers. Votre port deviendra-t-il cette oasis de paix, de confort et de convivialit\u00e9 o\u00f9 les gens aiment rester longtemps et sont s\u00fbrs de revenir ?<\/p>\n\t\t\t\t\t\t\t\t<\/div>\n\t\t\t\t<\/div>\n\t\t\t\t\t<\/div>\n\t\t<\/div>\n\t\t\t\t<div class=\"elementor-column elementor-col-50 elementor-top-column elementor-element elementor-element-3ab859ae\" data-id=\"3ab859ae\" data-element_type=\"column\" data-e-type=\"column\">\n\t\t\t<div class=\"elementor-widget-wrap elementor-element-populated\">\n\t\t\t\t\t\t<div class=\"elementor-element elementor-element-5b6632c2 elementor-widget elementor-widget-image\" data-id=\"5b6632c2\" data-element_type=\"widget\" data-e-type=\"widget\" data-widget_type=\"image.default\">\n\t\t\t\t<div class=\"elementor-widget-container\">\n\t\t\t\t\t\t\t\t\t\t\t\t\t\t\t<img decoding=\"async\" width=\"768\" height=\"576\" src=\"https:\/\/www.all-units.nl\/wp-content\/uploads\/2020\/06\/IMG_2072-768x576.jpg\" class=\"attachment-medium_large size-medium_large wp-image-3975\" alt=\"\" srcset=\"https:\/\/www.all-units.nl\/wp-content\/uploads\/2020\/06\/IMG_2072-768x576.jpg 768w, https:\/\/www.all-units.nl\/wp-content\/uploads\/2020\/06\/IMG_2072-300x225.jpg 300w, https:\/\/www.all-units.nl\/wp-content\/uploads\/2020\/06\/IMG_2072-1024x768.jpg 1024w, https:\/\/www.all-units.nl\/wp-content\/uploads\/2020\/06\/IMG_2072-1536x1152.jpg 1536w, https:\/\/www.all-units.nl\/wp-content\/uploads\/2020\/06\/IMG_2072-2048x1536.jpg 2048w\" sizes=\"(max-width: 768px) 100vw, 768px\" title=\"\">\t\t\t\t\t\t\t\t\t\t\t\t\t\t\t<\/div>\n\t\t\t\t<\/div>\n\t\t\t\t\t<\/div>\n\t\t<\/div>\n\t\t\t\t\t<\/div>\n\t\t<\/section>\n\t\t\t\t<section class=\"elementor-section elementor-top-section elementor-element elementor-element-71b217a3 elementor-section-content-middle elementor-section-boxed elementor-section-height-default elementor-section-height-default\" data-id=\"71b217a3\" data-element_type=\"section\" data-e-type=\"section\">\n\t\t\t\t\t\t<div class=\"elementor-container elementor-column-gap-default\">\n\t\t\t\t\t<div class=\"elementor-column elementor-col-50 elementor-top-column elementor-element elementor-element-28f67a6f\" data-id=\"28f67a6f\" data-element_type=\"column\" data-e-type=\"column\">\n\t\t\t<div class=\"elementor-widget-wrap elementor-element-populated\">\n\t\t\t\t\t\t<div class=\"elementor-element elementor-element-1b87a025 elementor-widget elementor-widget-image\" data-id=\"1b87a025\" data-element_type=\"widget\" data-e-type=\"widget\" data-widget_type=\"image.default\">\n\t\t\t\t<div class=\"elementor-widget-container\">\n\t\t\t\t\t\t\t\t\t\t\t\t\t\t\t<img decoding=\"async\" width=\"768\" height=\"434\" src=\"https:\/\/www.all-units.nl\/wp-content\/uploads\/2020\/06\/Keuken-768x434.jpeg\" class=\"attachment-medium_large size-medium_large wp-image-3961\" alt=\"\" srcset=\"https:\/\/www.all-units.nl\/wp-content\/uploads\/2020\/06\/Keuken-768x434.jpeg 768w, https:\/\/www.all-units.nl\/wp-content\/uploads\/2020\/06\/Keuken-300x169.jpeg 300w, https:\/\/www.all-units.nl\/wp-content\/uploads\/2020\/06\/Keuken.jpeg 1024w\" sizes=\"(max-width: 768px) 100vw, 768px\" title=\"\">\t\t\t\t\t\t\t\t\t\t\t\t\t\t\t<\/div>\n\t\t\t\t<\/div>\n\t\t\t\t\t<\/div>\n\t\t<\/div>\n\t\t\t\t<div class=\"elementor-column elementor-col-50 elementor-top-column elementor-element elementor-element-70520fcb\" data-id=\"70520fcb\" data-element_type=\"column\" data-e-type=\"column\">\n\t\t\t<div class=\"elementor-widget-wrap elementor-element-populated\">\n\t\t\t\t\t\t<div class=\"elementor-element elementor-element-7d83db0c elementor-widget elementor-widget-heading\" data-id=\"7d83db0c\" data-element_type=\"widget\" data-e-type=\"widget\" data-widget_type=\"heading.default\">\n\t\t\t\t<div class=\"elementor-widget-container\">\n\t\t\t\t\t<h3 class=\"elementor-heading-title elementor-size-default\">Une v\u00e9ritable attraction aquatique<\/h3>\t\t\t\t<\/div>\n\t\t\t\t<\/div>\n\t\t\t\t<div class=\"elementor-element elementor-element-41001d3e elementor-widget elementor-widget-text-editor\" data-id=\"41001d3e\" data-element_type=\"widget\" data-e-type=\"widget\" data-widget_type=\"text-editor.default\">\n\t\t\t\t<div class=\"elementor-widget-container\">\n\t\t\t\t\t\t\t\t\t<p>Vous avez besoin de nouvelles installations sanitaires, de <strong>boutiques portuaires<\/strong>, d&rsquo;un <strong>bureau portuaire<\/strong>, de services de restauration, d&rsquo;un <strong>h\u00e9bergement pour les passants<\/strong> ou d&rsquo;une nouvelle timonerie sur la terre ferme ? Nos unit\u00e9s polyvalentes peuvent \u00eatre utilis\u00e9es de toutes les mani\u00e8res imaginables pour faire de votre port de plaisance une v\u00e9ritable attraction aquatique. Qu&rsquo;il s&rsquo;agisse de <a href=\"https:\/\/www.all-units.nl\/sanitaire-voorzieningen\/\">douches et de toilettes propres<\/a>, d&rsquo;installations de restauration ou de <strong>suites confortables pour les passants<\/strong>, nous travaillerons avec vous pour faire en sorte que vos visiteurs ne veuillent plus jamais rentrer chez eux.<\/p>\n\t\t\t\t\t\t\t\t<\/div>\n\t\t\t\t<\/div>\n\t\t\t\t\t<\/div>\n\t\t<\/div>\n\t\t\t\t\t<\/div>\n\t\t<\/section>\n\t\t\t\t<section class=\"elementor-section elementor-top-section elementor-element elementor-element-4b148caf elementor-section-height-min-height elementor-section-boxed elementor-section-height-default elementor-section-items-middle\" data-id=\"4b148caf\" data-element_type=\"section\" data-e-type=\"section\" data-settings=\"{&quot;background_background&quot;:&quot;classic&quot;}\">\n\t\t\t\t\t\t<div class=\"elementor-container elementor-column-gap-default\">\n\t\t\t\t\t<div class=\"elementor-column elementor-col-50 elementor-top-column elementor-element elementor-element-3d46ec8a\" data-id=\"3d46ec8a\" data-element_type=\"column\" data-e-type=\"column\">\n\t\t\t<div class=\"elementor-widget-wrap elementor-element-populated\">\n\t\t\t\t\t\t<div class=\"elementor-element elementor-element-e0ae54 elementor-widget elementor-widget-heading\" data-id=\"e0ae54\" data-element_type=\"widget\" data-e-type=\"widget\" data-widget_type=\"heading.default\">\n\t\t\t\t<div class=\"elementor-widget-container\">\n\t\t\t\t\t<h2 class=\"elementor-heading-title elementor-size-large\">de l'id\u00e9e \u00e0 l'op\u00e9rationnel<\/h2>\t\t\t\t<\/div>\n\t\t\t\t<\/div>\n\t\t\t\t<div class=\"elementor-element elementor-element-5e65a88e elementor-widget elementor-widget-heading\" data-id=\"5e65a88e\" data-element_type=\"widget\" data-e-type=\"widget\" data-widget_type=\"heading.default\">\n\t\t\t\t<div class=\"elementor-widget-container\">\n\t\t\t\t\t<h4 class=\"elementor-heading-title elementor-size-default\">Dans quelques mois<\/h4>\t\t\t\t<\/div>\n\t\t\t\t<\/div>\n\t\t\t\t\t<\/div>\n\t\t<\/div>\n\t\t\t\t<div class=\"elementor-column elementor-col-50 elementor-top-column elementor-element elementor-element-4265953d\" data-id=\"4265953d\" data-element_type=\"column\" data-e-type=\"column\">\n\t\t\t<div class=\"elementor-widget-wrap elementor-element-populated\">\n\t\t\t\t\t\t<div class=\"elementor-element elementor-element-52f67536 elementor-widget elementor-widget-text-editor\" data-id=\"52f67536\" data-element_type=\"widget\" data-e-type=\"widget\" data-widget_type=\"text-editor.default\">\n\t\t\t\t<div class=\"elementor-widget-container\">\n\t\t\t\t\t\t\t\t\t<p>Nous prenons le temps de concr\u00e9tiser tous vos souhaits et besoins dans un design magnifique et nous vous livrons tous vos produits portuaires en l&rsquo;espace de quelques mois. Un concept de port \u00e0 service complet \u00e0 un prix tr\u00e8s attractif, pour moderniser et professionnaliser votre port en un rien de temps. Il vous suffit de faire d\u00e9filer les pages et de nous indiquer comment vous joindre.<\/p>\n\t\t\t\t\t\t\t\t<\/div>\n\t\t\t\t<\/div>\n\t\t\t\t\t<\/div>\n\t\t<\/div>\n\t\t\t\t\t<\/div>\n\t\t<\/section>\n\t\t\t\t<section class=\"elementor-section elementor-top-section elementor-element elementor-element-7d438b47 elementor-section-boxed elementor-section-height-default elementor-section-height-default\" data-id=\"7d438b47\" data-element_type=\"section\" data-e-type=\"section\" data-settings=\"{&quot;background_background&quot;:&quot;classic&quot;}\">\n\t\t\t\t\t\t\t<div class=\"elementor-background-overlay\"><\/div>\n\t\t\t\t\t\t\t<div class=\"elementor-container elementor-column-gap-default\">\n\t\t\t\t\t<div class=\"elementor-column elementor-col-100 elementor-top-column elementor-element elementor-element-6e15b833\" data-id=\"6e15b833\" data-element_type=\"column\" data-e-type=\"column\" data-settings=\"{&quot;background_background&quot;:&quot;classic&quot;}\">\n\t\t\t<div class=\"elementor-widget-wrap elementor-element-populated\">\n\t\t\t\t\t<div class=\"elementor-background-overlay\"><\/div>\n\t\t\t\t\t\t<section class=\"elementor-section elementor-inner-section elementor-element elementor-element-1b4721f1 elementor-section-boxed elementor-section-height-default elementor-section-height-default\" data-id=\"1b4721f1\" data-element_type=\"section\" data-e-type=\"section\" data-settings=\"{&quot;background_background&quot;:&quot;gradient&quot;}\">\n\t\t\t\t\t\t<div class=\"elementor-container elementor-column-gap-no\">\n\t\t\t\t\t<div class=\"elementor-column elementor-col-100 elementor-inner-column elementor-element elementor-element-2494e1b4\" data-id=\"2494e1b4\" data-element_type=\"column\" data-e-type=\"column\" data-settings=\"{&quot;background_background&quot;:&quot;classic&quot;}\">\n\t\t\t<div class=\"elementor-widget-wrap elementor-element-populated\">\n\t\t\t\t\t\t<div class=\"elementor-element elementor-element-6ceb298a elementor-widget elementor-widget-heading\" data-id=\"6ceb298a\" data-element_type=\"widget\" data-e-type=\"widget\" data-widget_type=\"heading.default\">\n\t\t\t\t<div class=\"elementor-widget-container\">\n\t\t\t\t\t<h3 class=\"elementor-heading-title elementor-size-large\">Demande d'informations<\/h3>\t\t\t\t<\/div>\n\t\t\t\t<\/div>\n\t\t\t\t<div class=\"elementor-element elementor-element-5d55522c elementor-widget elementor-widget-text-editor\" data-id=\"5d55522c\" data-element_type=\"widget\" data-e-type=\"widget\" data-widget_type=\"text-editor.default\">\n\t\t\t\t<div class=\"elementor-widget-container\">\n\t\t\t\t\t\t\t\t\t<div id=\"Content\">\n<div class=\"boxed\">\n<div id=\"lipsum\">\n<p>Pouvons-nous vous contacter pour discuter ensemble de vos besoins ?<\/p>\n<\/div>\n<\/div>\n<\/div>\n\t\t\t\t\t\t\t\t<\/div>\n\t\t\t\t<\/div>\n\t\t\t\t<div class=\"elementor-element elementor-element-5dc702cd elementor-button-align-end elementor-widget elementor-widget-form\" data-id=\"5dc702cd\" data-element_type=\"widget\" data-e-type=\"widget\" data-settings=\"{&quot;step_next_label&quot;:&quot;Suivant&quot;,&quot;step_previous_label&quot;:&quot;Pr\\u00e9c\\u00e9dent&quot;,&quot;button_width&quot;:&quot;100&quot;,&quot;step_type&quot;:&quot;number_text&quot;,&quot;step_icon_shape&quot;:&quot;circle&quot;}\" data-widget_type=\"form.default\">\n\t\t\t\t<div class=\"elementor-widget-container\">\n\t\t\t\t\t\t\t<form class=\"elementor-form\" method=\"post\" name=\"Formulaire d&#039;inscription pour les entreprises avec photo\" aria-label=\"Formulaire d&#039;inscription pour les entreprises avec photo\">\n\t\t\t<input type=\"hidden\" name=\"post_id\" value=\"11028\"\/>\n\t\t\t<input type=\"hidden\" name=\"form_id\" value=\"5dc702cd\"\/>\n\t\t\t<input type=\"hidden\" name=\"referer_title\" value=\"\" \/>\n\n\t\t\t\n\t\t\t<div class=\"elementor-form-fields-wrapper elementor-labels-\">\n\t\t\t\t\t\t\t\t<div class=\"elementor-field-type-text elementor-field-group elementor-column elementor-field-group-name elementor-col-100 elementor-field-required\">\n\t\t\t\t\t\t\t\t\t\t\t\t<label for=\"form-field-name\" class=\"elementor-field-label elementor-screen-only\">\n\t\t\t\t\t\t\t\tNom\t\t\t\t\t\t\t<\/label>\n\t\t\t\t\t\t\t\t\t\t\t\t\t\t<input size=\"1\" type=\"text\" name=\"form_fields[name]\" id=\"form-field-name\" class=\"elementor-field elementor-size-sm  elementor-field-textual\" placeholder=\"Nom\" required=\"required\">\n\t\t\t\t\t\t\t\t\t\t\t<\/div>\n\t\t\t\t\t\t\t\t<div class=\"elementor-field-type-tel elementor-field-group elementor-column elementor-field-group-email elementor-col-100 elementor-field-required\">\n\t\t\t\t\t\t\t\t\t\t\t\t<label for=\"form-field-email\" class=\"elementor-field-label elementor-screen-only\">\n\t\t\t\t\t\t\t\tNum\u00e9ro de t\u00e9l\u00e9phone\t\t\t\t\t\t\t<\/label>\n\t\t\t\t\t\t\t\t<input size=\"1\" type=\"tel\" name=\"form_fields[email]\" id=\"form-field-email\" class=\"elementor-field elementor-size-sm  elementor-field-textual\" placeholder=\"Num\u00e9ro de t\u00e9l\u00e9phone\" required=\"required\" pattern=\"[0-9()#&amp;+*-=.]+\" title=\"Seuls les caract\u00e8res de num\u00e9ros de t\u00e9l\u00e9phone (#, -, *, etc.) sont accept\u00e9s.\">\n\n\t\t\t\t\t\t<\/div>\n\t\t\t\t\t\t\t\t<div class=\"elementor-field-type-email elementor-field-group elementor-column elementor-field-group-field_1 elementor-col-100 elementor-field-required\">\n\t\t\t\t\t\t\t\t\t\t\t\t<label for=\"form-field-field_1\" class=\"elementor-field-label elementor-screen-only\">\n\t\t\t\t\t\t\t\tCourriel :\t\t\t\t\t\t\t<\/label>\n\t\t\t\t\t\t\t\t\t\t\t\t\t\t<input size=\"1\" type=\"email\" name=\"form_fields[field_1]\" id=\"form-field-field_1\" class=\"elementor-field elementor-size-sm  elementor-field-textual\" placeholder=\"Courriel :\" required=\"required\">\n\t\t\t\t\t\t\t\t\t\t\t<\/div>\n\t\t\t\t\t\t\t\t<div class=\"elementor-field-group elementor-column elementor-field-type-submit elementor-col-100 e-form__buttons\">\n\t\t\t\t\t<button class=\"elementor-button elementor-size-md\" type=\"submit\">\n\t\t\t\t\t\t<span class=\"elementor-button-content-wrapper\">\n\t\t\t\t\t\t\t\t\t\t\t\t\t\t\t\t\t\t\t\t\t\t<span class=\"elementor-button-text\">Envoyer<\/span>\n\t\t\t\t\t\t\t\t\t\t\t\t\t<\/span>\n\t\t\t\t\t<\/button>\n\t\t\t\t<\/div>\n\t\t\t<\/div>\n\t\t<\/form>\n\t\t\t\t\t\t<\/div>\n\t\t\t\t<\/div>\n\t\t\t\t\t<\/div>\n\t\t<\/div>\n\t\t\t\t\t<\/div>\n\t\t<\/section>\n\t\t\t\t\t<\/div>\n\t\t<\/div>\n\t\t\t\t\t<\/div>\n\t\t<\/section>\n\t\t\t\t<\/div>\n\t\t","protected":false},"excerpt":{"rendered":"<p>Unit\u00e9s de la marina Nous fournissons des unit\u00e9s portuaires de plaisance luxueuses et modernes A partir de \u20ac 19950. &nbsp; Esth\u00e9tique &nbsp; Un design moderne &nbsp; Une finition \u00e9l\u00e9gante Tousunit\u00e9s Port d&rsquo;attache de la navigation de plaisance et commerciale Le port de plaisance, un lieu o\u00f9 l&rsquo;eau, avec son atmosph\u00e8re et son charme, et la [&hellip;]<\/p>\n","protected":false},"author":1,"featured_media":3905,"parent":0,"menu_order":0,"comment_status":"closed","ping_status":"closed","template":"","meta":{"footnotes":""},"class_list":["post-11028","page","type-page","status-publish","has-post-thumbnail","hentry"],"_links":{"self":[{"href":"https:\/\/www.all-units.nl\/fr\/wp-json\/wp\/v2\/pages\/11028","targetHints":{"allow":["GET"]}}],"collection":[{"href":"https:\/\/www.all-units.nl\/fr\/wp-json\/wp\/v2\/pages"}],"about":[{"href":"https:\/\/www.all-units.nl\/fr\/wp-json\/wp\/v2\/types\/page"}],"author":[{"embeddable":true,"href":"https:\/\/www.all-units.nl\/fr\/wp-json\/wp\/v2\/users\/1"}],"replies":[{"embeddable":true,"href":"https:\/\/www.all-units.nl\/fr\/wp-json\/wp\/v2\/comments?post=11028"}],"version-history":[{"count":3,"href":"https:\/\/www.all-units.nl\/fr\/wp-json\/wp\/v2\/pages\/11028\/revisions"}],"predecessor-version":[{"id":11042,"href":"https:\/\/www.all-units.nl\/fr\/wp-json\/wp\/v2\/pages\/11028\/revisions\/11042"}],"wp:featuredmedia":[{"embeddable":true,"href":"https:\/\/www.all-units.nl\/fr\/wp-json\/wp\/v2\/media\/3905"}],"wp:attachment":[{"href":"https:\/\/www.all-units.nl\/fr\/wp-json\/wp\/v2\/media?parent=11028"}],"curies":[{"name":"wp","href":"https:\/\/api.w.org\/{rel}","templated":true}]}}