{"id":11295,"date":"2020-06-02T10:30:25","date_gmt":"2020-06-02T10:30:25","guid":{"rendered":"https:\/\/www.all-units.nl\/showrooms-y-pop-up-stores\/"},"modified":"2023-05-11T14:49:08","modified_gmt":"2023-05-11T14:49:08","slug":"showrooms-y-pop-up-stores","status":"publish","type":"page","link":"https:\/\/www.all-units.nl\/es\/showrooms-y-pop-up-stores\/","title":{"rendered":"Showrooms y pop-up stores"},"content":{"rendered":"\t\t<div data-elementor-type=\"wp-page\" data-elementor-id=\"11295\" class=\"elementor elementor-11295 elementor-203\" data-elementor-post-type=\"page\">\n\t\t\t\t\t\t<section class=\"elementor-section elementor-top-section elementor-element elementor-element-56e7f845 elementor-section-full_width elementor-section-height-min-height elementor-section-items-stretch elementor-section-content-middle elementor-section-height-default\" data-id=\"56e7f845\" data-element_type=\"section\" data-e-type=\"section\" data-settings=\"{&quot;background_background&quot;:&quot;none&quot;}\">\n\t\t\t\t\t\t<div class=\"elementor-container elementor-column-gap-no\">\n\t\t\t\t\t<div class=\"elementor-column elementor-col-50 elementor-top-column elementor-element elementor-element-114235e7\" data-id=\"114235e7\" data-element_type=\"column\" data-e-type=\"column\" data-settings=\"{&quot;background_background&quot;:&quot;slideshow&quot;,&quot;background_slideshow_gallery&quot;:[],&quot;background_slideshow_loop&quot;:&quot;yes&quot;,&quot;background_slideshow_slide_duration&quot;:5000,&quot;background_slideshow_slide_transition&quot;:&quot;fade&quot;,&quot;background_slideshow_transition_duration&quot;:500}\">\n\t\t\t<div class=\"elementor-widget-wrap elementor-element-populated\">\n\t\t\t\t\t\t<div class=\"elementor-element elementor-element-4650b5a0 elementor-widget elementor-widget-image\" data-id=\"4650b5a0\" data-element_type=\"widget\" data-e-type=\"widget\" data-widget_type=\"image.default\">\n\t\t\t\t<div class=\"elementor-widget-container\">\n\t\t\t\t\t\t\t\t\t\t\t\t\t\t\t<img fetchpriority=\"high\" decoding=\"async\" width=\"768\" height=\"393\" src=\"https:\/\/www.all-units.nl\/wp-content\/uploads\/2020\/07\/LCQI4754-768x393.jpeg\" class=\"attachment-medium_large size-medium_large wp-image-6344\" alt=\"\" srcset=\"https:\/\/www.all-units.nl\/wp-content\/uploads\/2020\/07\/LCQI4754-768x393.jpeg 768w, https:\/\/www.all-units.nl\/wp-content\/uploads\/2020\/07\/LCQI4754-300x153.jpeg 300w, https:\/\/www.all-units.nl\/wp-content\/uploads\/2020\/07\/LCQI4754.jpeg 960w\" sizes=\"(max-width: 768px) 100vw, 768px\" title=\"\">\t\t\t\t\t\t\t\t\t\t\t\t\t\t\t<\/div>\n\t\t\t\t<\/div>\n\t\t\t\t\t<\/div>\n\t\t<\/div>\n\t\t\t\t<div class=\"elementor-column elementor-col-50 elementor-top-column elementor-element elementor-element-72256343\" data-id=\"72256343\" data-element_type=\"column\" data-e-type=\"column\" data-settings=\"{&quot;background_background&quot;:&quot;none&quot;}\">\n\t\t\t<div class=\"elementor-widget-wrap elementor-element-populated\">\n\t\t\t\t\t\t<div class=\"elementor-element elementor-element-3d18140c elementor-widget elementor-widget-heading\" data-id=\"3d18140c\" data-element_type=\"widget\" data-e-type=\"widget\" data-widget_type=\"heading.default\">\n\t\t\t\t<div class=\"elementor-widget-container\">\n\t\t\t\t\t<h1 class=\"elementor-heading-title elementor-size-default\">Showrooms y Pop-up stores<\/h1>\t\t\t\t<\/div>\n\t\t\t\t<\/div>\n\t\t\t\t<div class=\"elementor-element elementor-element-461b0ecf elementor-widget-divider--view-line elementor-widget elementor-widget-divider\" data-id=\"461b0ecf\" data-element_type=\"widget\" data-e-type=\"widget\" data-widget_type=\"divider.default\">\n\t\t\t\t<div class=\"elementor-widget-container\">\n\t\t\t\t\t\t\t<div class=\"elementor-divider\">\n\t\t\t<span class=\"elementor-divider-separator\">\n\t\t\t\t\t\t<\/span>\n\t\t<\/div>\n\t\t\t\t\t\t<\/div>\n\t\t\t\t<\/div>\n\t\t\t\t<div class=\"elementor-element elementor-element-f7a9ac4 elementor-widget elementor-widget-text-editor\" data-id=\"f7a9ac4\" data-element_type=\"widget\" data-e-type=\"widget\" data-widget_type=\"text-editor.default\">\n\t\t\t\t<div class=\"elementor-widget-container\">\n\t\t\t\t\t\t\t\t\t<p>Proporcionamos oficinas port\u00e1tiles de lujo y modernas<\/p>\n<p>Desde 19950 euros.<\/p>\t\t\t\t\t\t\t\t<\/div>\n\t\t\t\t<\/div>\n\t\t\t\t\t<\/div>\n\t\t<\/div>\n\t\t\t\t\t<\/div>\n\t\t<\/section>\n\t\t\t\t<section class=\"elementor-section elementor-top-section elementor-element elementor-element-18834dda elementor-section-boxed elementor-section-height-default elementor-section-height-default\" data-id=\"18834dda\" data-element_type=\"section\" data-e-type=\"section\" data-settings=\"{&quot;background_background&quot;:&quot;classic&quot;}\">\n\t\t\t\t\t\t<div class=\"elementor-container elementor-column-gap-no\">\n\t\t\t\t\t<div class=\"elementor-column elementor-col-50 elementor-top-column elementor-element elementor-element-167a00be\" data-id=\"167a00be\" data-element_type=\"column\" data-e-type=\"column\">\n\t\t\t<div class=\"elementor-widget-wrap elementor-element-populated\">\n\t\t\t\t\t\t<div class=\"elementor-element elementor-element-707a659c elementor-widget elementor-widget-heading\" data-id=\"707a659c\" data-element_type=\"widget\" data-e-type=\"widget\" data-widget_type=\"heading.default\">\n\t\t\t\t<div class=\"elementor-widget-container\">\n\t\t\t\t\t<h4 class=\"elementor-heading-title elementor-size-default\">&nbsp; Movible<br>\n&nbsp; Despliegue flexible <br>\n&nbsp;  Un acabado elegante<\/h4>\t\t\t\t<\/div>\n\t\t\t\t<\/div>\n\t\t\t\t\t<\/div>\n\t\t<\/div>\n\t\t\t\t<div class=\"elementor-column elementor-col-50 elementor-top-column elementor-element elementor-element-2b97263\" data-id=\"2b97263\" data-element_type=\"column\" data-e-type=\"column\">\n\t\t\t<div class=\"elementor-widget-wrap elementor-element-populated\">\n\t\t\t\t\t\t<div class=\"elementor-element elementor-element-22292288 elementor-widget elementor-widget-heading\" data-id=\"22292288\" data-element_type=\"widget\" data-e-type=\"widget\" data-widget_type=\"heading.default\">\n\t\t\t\t<div class=\"elementor-widget-container\">\n\t\t\t\t\t<h2 class=\"elementor-heading-title elementor-size-default\">Todo<br>unidades<\/h2>\t\t\t\t<\/div>\n\t\t\t\t<\/div>\n\t\t\t\t\t<\/div>\n\t\t<\/div>\n\t\t\t\t\t<\/div>\n\t\t<\/section>\n\t\t\t\t<section class=\"elementor-section elementor-top-section elementor-element elementor-element-6f96eebc elementor-section-content-middle elementor-reverse-mobile elementor-section-boxed elementor-section-height-default elementor-section-height-default\" data-id=\"6f96eebc\" data-element_type=\"section\" data-e-type=\"section\">\n\t\t\t\t\t\t<div class=\"elementor-container elementor-column-gap-default\">\n\t\t\t\t\t<div class=\"elementor-column elementor-col-50 elementor-top-column elementor-element elementor-element-7b925f62\" data-id=\"7b925f62\" data-element_type=\"column\" data-e-type=\"column\">\n\t\t\t<div class=\"elementor-widget-wrap elementor-element-populated\">\n\t\t\t\t\t\t<div class=\"elementor-element elementor-element-0a0ee9c elementor-widget elementor-widget-heading\" data-id=\"0a0ee9c\" data-element_type=\"widget\" data-e-type=\"widget\" data-widget_type=\"heading.default\">\n\t\t\t\t<div class=\"elementor-widget-container\">\n\t\t\t\t\t<h2 class=\"elementor-heading-title elementor-size-default\">\u00bfPuesta en marcha? \u00a1Pop-Up!<\/h2>\t\t\t\t<\/div>\n\t\t\t\t<\/div>\n\t\t\t\t<div class=\"elementor-element elementor-element-f0d70de elementor-widget elementor-widget-text-editor\" data-id=\"f0d70de\" data-element_type=\"widget\" data-e-type=\"widget\" data-widget_type=\"text-editor.default\">\n\t\t\t\t<div class=\"elementor-widget-container\">\n\t\t\t\t\t\t\t\t\t<p>Un <strong>showroom<\/strong> o <strong>pop-up store<\/strong> le ofrece la oportunidad de poner sus <strong>productos<\/strong> en <strong>el punto de mira<\/strong> por una vez. En un <strong>lugar llamativo<\/strong>, como un <a href=\"https:\/\/www.all-units.nl\/es\/festival-y-feria\/\">evento<\/a> o una playa o paseo mar\u00edtimo concurridos. As\u00ed podr\u00e1 sorprender f\u00e1cilmente a su p\u00fablico objetivo con sus productos. Con los espacios modernos, acristalados y abiertos de All Units, sus productos son perfectamente visibles y su p\u00fablico objetivo no puede ignorarlos. Puede trasladar f\u00e1cilmente su <strong>showroom<\/strong> o <strong>pop-up store<\/strong>, esto le permite seguir f\u00e1cilmente a su mercado objetivo y llevar sus productos a su p\u00fablico de una forma \u00fanica.<\/p>\n\t\t\t\t\t\t\t\t<\/div>\n\t\t\t\t<\/div>\n\t\t\t\t\t<\/div>\n\t\t<\/div>\n\t\t\t\t<div class=\"elementor-column elementor-col-50 elementor-top-column elementor-element elementor-element-3faaf747\" data-id=\"3faaf747\" data-element_type=\"column\" data-e-type=\"column\">\n\t\t\t<div class=\"elementor-widget-wrap elementor-element-populated\">\n\t\t\t\t\t\t<div class=\"elementor-element elementor-element-6d3573b elementor-widget elementor-widget-image\" data-id=\"6d3573b\" data-element_type=\"widget\" data-e-type=\"widget\" data-widget_type=\"image.default\">\n\t\t\t\t<div class=\"elementor-widget-container\">\n\t\t\t\t\t\t\t\t\t\t\t\t\t\t\t<img decoding=\"async\" width=\"320\" height=\"214\" src=\"https:\/\/www.all-units.nl\/wp-content\/uploads\/2020\/07\/industrial-home-office.jpg\" class=\"attachment-medium_large size-medium_large wp-image-6260\" alt=\"\" srcset=\"https:\/\/www.all-units.nl\/wp-content\/uploads\/2020\/07\/industrial-home-office.jpg 320w, https:\/\/www.all-units.nl\/wp-content\/uploads\/2020\/07\/industrial-home-office-300x201.jpg 300w\" sizes=\"(max-width: 320px) 100vw, 320px\" title=\"\">\t\t\t\t\t\t\t\t\t\t\t\t\t\t\t<\/div>\n\t\t\t\t<\/div>\n\t\t\t\t\t<\/div>\n\t\t<\/div>\n\t\t\t\t\t<\/div>\n\t\t<\/section>\n\t\t\t\t<section class=\"elementor-section elementor-top-section elementor-element elementor-element-53403d16 elementor-section-content-middle elementor-section-boxed elementor-section-height-default elementor-section-height-default\" data-id=\"53403d16\" data-element_type=\"section\" data-e-type=\"section\">\n\t\t\t\t\t\t<div class=\"elementor-container elementor-column-gap-default\">\n\t\t\t\t\t<div class=\"elementor-column elementor-col-50 elementor-top-column elementor-element elementor-element-169ea220\" data-id=\"169ea220\" data-element_type=\"column\" data-e-type=\"column\">\n\t\t\t<div class=\"elementor-widget-wrap elementor-element-populated\">\n\t\t\t\t\t\t<div class=\"elementor-element elementor-element-5c8033a9 elementor-widget elementor-widget-image\" data-id=\"5c8033a9\" data-element_type=\"widget\" data-e-type=\"widget\" data-widget_type=\"image.default\">\n\t\t\t\t<div class=\"elementor-widget-container\">\n\t\t\t\t\t\t\t\t\t\t\t\t\t\t\t<img decoding=\"async\" width=\"768\" height=\"512\" src=\"https:\/\/www.all-units.nl\/wp-content\/uploads\/2020\/07\/store-832188_1920-768x512.jpg\" class=\"attachment-medium_large size-medium_large wp-image-6351\" alt=\"\" srcset=\"https:\/\/www.all-units.nl\/wp-content\/uploads\/2020\/07\/store-832188_1920-768x512.jpg 768w, https:\/\/www.all-units.nl\/wp-content\/uploads\/2020\/07\/store-832188_1920-300x200.jpg 300w, https:\/\/www.all-units.nl\/wp-content\/uploads\/2020\/07\/store-832188_1920-1024x682.jpg 1024w, https:\/\/www.all-units.nl\/wp-content\/uploads\/2020\/07\/store-832188_1920-1536x1023.jpg 1536w, https:\/\/www.all-units.nl\/wp-content\/uploads\/2020\/07\/store-832188_1920.jpg 1920w\" sizes=\"(max-width: 768px) 100vw, 768px\" title=\"\">\t\t\t\t\t\t\t\t\t\t\t\t\t\t\t<\/div>\n\t\t\t\t<\/div>\n\t\t\t\t\t<\/div>\n\t\t<\/div>\n\t\t\t\t<div class=\"elementor-column elementor-col-50 elementor-top-column elementor-element elementor-element-12ce1c10\" data-id=\"12ce1c10\" data-element_type=\"column\" data-e-type=\"column\">\n\t\t\t<div class=\"elementor-widget-wrap elementor-element-populated\">\n\t\t\t\t\t\t<div class=\"elementor-element elementor-element-7b4f3c74 elementor-widget elementor-widget-heading\" data-id=\"7b4f3c74\" data-element_type=\"widget\" data-e-type=\"widget\" data-widget_type=\"heading.default\">\n\t\t\t\t<div class=\"elementor-widget-container\">\n\t\t\t\t\t<h3 class=\"elementor-heading-title elementor-size-default\">\u00a1En el clavo!<\/h3>\t\t\t\t<\/div>\n\t\t\t\t<\/div>\n\t\t\t\t<div class=\"elementor-element elementor-element-1ee839c9 elementor-widget elementor-widget-text-editor\" data-id=\"1ee839c9\" data-element_type=\"widget\" data-e-type=\"widget\" data-widget_type=\"text-editor.default\">\n\t\t\t\t<div class=\"elementor-widget-container\">\n\t\t\t\t\t\t\t\t\t<p>Pensemos, por ejemplo, en una <strong>tienda<\/strong> <strong>pop-up<\/strong> <strong>de<\/strong> trajes de ba\u00f1o en una playa muy concurrida. Totalmente amueblada y dise\u00f1ada como una <a href=\"https:\/\/www.all-units.nl\/poolhouse\/\"><br \/>\n  <strong>aut\u00e9ntica caba\u00f1a de playa<\/strong><br \/>\n<\/a>con probadores, caja registradora, <a href=\"https:\/\/www.all-units.nl\/es\/instalaciones-sanitarias\/\">aseo<\/a> y cocina americana. Los clientes potenciales pueden ver, sentir y experimentar sus productos en la vida real en su <strong>pop-up store<\/strong> o <strong>showroom<\/strong>. \u00bfTiene un producto estrella que necesita ser visto? A continuaci\u00f3n, nos aseguramos de que su producto no pase desapercibido y de que los clientes potenciales se sientan atra\u00eddos a entrar en su <strong>pop-up store<\/strong> o <strong>sala de exposici\u00f3n<\/strong>.<\/p>\n\t\t\t\t\t\t\t\t<\/div>\n\t\t\t\t<\/div>\n\t\t\t\t\t<\/div>\n\t\t<\/div>\n\t\t\t\t\t<\/div>\n\t\t<\/section>\n\t\t\t\t<section class=\"elementor-section elementor-top-section elementor-element elementor-element-7aa55a2 elementor-section-boxed elementor-section-height-default elementor-section-height-default\" data-id=\"7aa55a2\" data-element_type=\"section\" data-e-type=\"section\">\n\t\t\t\t\t\t<div class=\"elementor-container elementor-column-gap-default\">\n\t\t\t\t\t<div class=\"elementor-column elementor-col-100 elementor-top-column elementor-element elementor-element-3cb777c\" data-id=\"3cb777c\" data-element_type=\"column\" data-e-type=\"column\">\n\t\t\t<div class=\"elementor-widget-wrap elementor-element-populated\">\n\t\t\t\t\t\t<div class=\"elementor-element elementor-element-d5fa8b2 elementor-widget elementor-widget-spacer\" data-id=\"d5fa8b2\" data-element_type=\"widget\" data-e-type=\"widget\" data-widget_type=\"spacer.default\">\n\t\t\t\t<div class=\"elementor-widget-container\">\n\t\t\t\t\t\t\t<div class=\"elementor-spacer\">\n\t\t\t<div class=\"elementor-spacer-inner\"><\/div>\n\t\t<\/div>\n\t\t\t\t\t\t<\/div>\n\t\t\t\t<\/div>\n\t\t\t\t\t<\/div>\n\t\t<\/div>\n\t\t\t\t\t<\/div>\n\t\t<\/section>\n\t\t\t\t<section class=\"elementor-section elementor-top-section elementor-element elementor-element-b72037 elementor-section-boxed elementor-section-height-default elementor-section-height-default\" data-id=\"b72037\" data-element_type=\"section\" data-e-type=\"section\" data-settings=\"{&quot;background_background&quot;:&quot;classic&quot;}\">\n\t\t\t\t\t\t<div class=\"elementor-container elementor-column-gap-default\">\n\t\t\t\t\t<div class=\"elementor-column elementor-col-100 elementor-top-column elementor-element elementor-element-6631dedf\" data-id=\"6631dedf\" data-element_type=\"column\" data-e-type=\"column\">\n\t\t\t<div class=\"elementor-widget-wrap elementor-element-populated\">\n\t\t\t\t\t\t<div class=\"elementor-element elementor-element-682ed04d elementor-widget elementor-widget-heading\" data-id=\"682ed04d\" data-element_type=\"widget\" data-e-type=\"widget\" data-widget_type=\"heading.default\">\n\t\t\t\t<div class=\"elementor-widget-container\">\n\t\t\t\t\t<h2 class=\"elementor-heading-title elementor-size-large\">\u00bfPop-up? Despl\u00e1zate hacia abajo.<\/h2>\t\t\t\t<\/div>\n\t\t\t\t<\/div>\n\t\t\t\t<div class=\"elementor-element elementor-element-7b5b0207 elementor-widget-divider--view-line elementor-widget elementor-widget-divider\" data-id=\"7b5b0207\" data-element_type=\"widget\" data-e-type=\"widget\" data-widget_type=\"divider.default\">\n\t\t\t\t<div class=\"elementor-widget-container\">\n\t\t\t\t\t\t\t<div class=\"elementor-divider\">\n\t\t\t<span class=\"elementor-divider-separator\">\n\t\t\t\t\t\t<\/span>\n\t\t<\/div>\n\t\t\t\t\t\t<\/div>\n\t\t\t\t<\/div>\n\t\t\t\t<div class=\"elementor-element elementor-element-716ca605 elementor-widget elementor-widget-heading\" data-id=\"716ca605\" data-element_type=\"widget\" data-e-type=\"widget\" data-widget_type=\"heading.default\">\n\t\t\t\t<div class=\"elementor-widget-container\">\n\t\t\t\t\t<p class=\"elementor-heading-title elementor-size-medium\">\u00bfPodemos ponernos en contacto con usted?<\/p>\t\t\t\t<\/div>\n\t\t\t\t<\/div>\n\t\t\t\t\t<\/div>\n\t\t<\/div>\n\t\t\t\t\t<\/div>\n\t\t<\/section>\n\t\t\t\t<section class=\"elementor-section elementor-top-section elementor-element elementor-element-3b50923a elementor-section-full_width elementor-section-height-default elementor-section-height-default\" data-id=\"3b50923a\" data-element_type=\"section\" data-e-type=\"section\">\n\t\t\t\t\t\t<div class=\"elementor-container elementor-column-gap-default\">\n\t\t\t\t\t<div class=\"elementor-column elementor-col-50 elementor-top-column elementor-element elementor-element-6b0efe32\" data-id=\"6b0efe32\" data-element_type=\"column\" data-e-type=\"column\">\n\t\t\t<div class=\"elementor-widget-wrap elementor-element-populated\">\n\t\t\t\t\t\t<section class=\"elementor-section elementor-inner-section elementor-element elementor-element-6a72ab90 elementor-section-height-min-height elementor-section-boxed elementor-section-height-default\" data-id=\"6a72ab90\" data-element_type=\"section\" data-e-type=\"section\">\n\t\t\t\t\t\t<div class=\"elementor-container elementor-column-gap-default\">\n\t\t\t\t\t<div class=\"elementor-column elementor-col-100 elementor-inner-column elementor-element elementor-element-6dc79d77\" data-id=\"6dc79d77\" data-element_type=\"column\" data-e-type=\"column\">\n\t\t\t<div class=\"elementor-widget-wrap elementor-element-populated\">\n\t\t\t\t\t\t<div class=\"elementor-element elementor-element-1b67bb8a elementor-widget elementor-widget-text-editor\" data-id=\"1b67bb8a\" data-element_type=\"widget\" data-e-type=\"widget\" data-widget_type=\"text-editor.default\">\n\t\t\t\t<div class=\"elementor-widget-container\">\n\t\t\t\t\t\t\t\t\t<p>Informaci\u00f3n<br \/><strong>Solicite<\/strong><\/p>\n\t\t\t\t\t\t\t\t<\/div>\n\t\t\t\t<\/div>\n\t\t\t\t\t<\/div>\n\t\t<\/div>\n\t\t\t\t\t<\/div>\n\t\t<\/section>\n\t\t\t\t\t<\/div>\n\t\t<\/div>\n\t\t\t\t<div class=\"elementor-column elementor-col-50 elementor-top-column elementor-element elementor-element-75059529\" data-id=\"75059529\" data-element_type=\"column\" data-e-type=\"column\">\n\t\t\t<div class=\"elementor-widget-wrap elementor-element-populated\">\n\t\t\t\t\t\t<div class=\"elementor-element elementor-element-2b576099 elementor-button-align-stretch elementor-widget elementor-widget-form\" data-id=\"2b576099\" data-element_type=\"widget\" data-e-type=\"widget\" data-settings=\"{&quot;step_next_label&quot;:&quot;Siguiente&quot;,&quot;step_previous_label&quot;:&quot;Anteriormente&quot;,&quot;button_width&quot;:&quot;100&quot;,&quot;step_type&quot;:&quot;number_text&quot;,&quot;step_icon_shape&quot;:&quot;circle&quot;}\" data-widget_type=\"form.default\">\n\t\t\t\t<div class=\"elementor-widget-container\">\n\t\t\t\t\t\t\t<form class=\"elementor-form\" method=\"post\" name=\"Formulario de plomo\" aria-label=\"Formulario de plomo\">\n\t\t\t<input type=\"hidden\" name=\"post_id\" value=\"11295\"\/>\n\t\t\t<input type=\"hidden\" name=\"form_id\" value=\"2b576099\"\/>\n\t\t\t<input type=\"hidden\" name=\"referer_title\" value=\"Showroom Y Pop-up Stores: \u00bfEmpezar? \u00a1Pop-Up! # EXPERIENCIA\" \/>\n\n\t\t\t\t\t\t\t<input type=\"hidden\" name=\"queried_id\" value=\"11295\"\/>\n\t\t\t\n\t\t\t<div class=\"elementor-form-fields-wrapper elementor-labels-\">\n\t\t\t\t\t\t\t\t<div class=\"elementor-field-type-text elementor-field-group elementor-column elementor-field-group-name elementor-col-100 elementor-field-required\">\n\t\t\t\t\t\t\t\t\t\t\t\t<label for=\"form-field-name\" class=\"elementor-field-label elementor-screen-only\">\n\t\t\t\t\t\t\t\tNombre\t\t\t\t\t\t\t<\/label>\n\t\t\t\t\t\t\t\t\t\t\t\t\t\t<input size=\"1\" type=\"text\" name=\"form_fields[name]\" id=\"form-field-name\" class=\"elementor-field elementor-size-sm  elementor-field-textual\" placeholder=\"Nombre\" required=\"required\">\n\t\t\t\t\t\t\t\t\t\t\t<\/div>\n\t\t\t\t\t\t\t\t<div class=\"elementor-field-type-tel elementor-field-group elementor-column elementor-field-group-email elementor-col-100 elementor-field-required\">\n\t\t\t\t\t\t\t\t\t\t\t\t<label for=\"form-field-email\" class=\"elementor-field-label elementor-screen-only\">\n\t\t\t\t\t\t\t\tN\u00famero de tel\u00e9fono\t\t\t\t\t\t\t<\/label>\n\t\t\t\t\t\t\t\t<input size=\"1\" type=\"tel\" name=\"form_fields[email]\" id=\"form-field-email\" class=\"elementor-field elementor-size-sm  elementor-field-textual\" placeholder=\"N\u00famero de tel\u00e9fono\" required=\"required\" pattern=\"[0-9()#&amp;+*-=.]+\" title=\"Solo se aceptan n\u00fameros y caracteres de tel\u00e9fono (#,-,*,etc).\">\n\n\t\t\t\t\t\t<\/div>\n\t\t\t\t\t\t\t\t<div class=\"elementor-field-type-email elementor-field-group elementor-column elementor-field-group-field_1 elementor-col-100 elementor-field-required\">\n\t\t\t\t\t\t\t\t\t\t\t\t<label for=\"form-field-field_1\" class=\"elementor-field-label elementor-screen-only\">\n\t\t\t\t\t\t\t\tEnv\u00ede un correo electr\u00f3nico a\t\t\t\t\t\t\t<\/label>\n\t\t\t\t\t\t\t\t\t\t\t\t\t\t<input size=\"1\" type=\"email\" name=\"form_fields[field_1]\" id=\"form-field-field_1\" class=\"elementor-field elementor-size-sm  elementor-field-textual\" placeholder=\"Env\u00ede un correo electr\u00f3nico a\" required=\"required\">\n\t\t\t\t\t\t\t\t\t\t\t<\/div>\n\t\t\t\t\t\t\t\t<div class=\"elementor-field-group elementor-column elementor-field-type-submit elementor-col-100 e-form__buttons\">\n\t\t\t\t\t<button class=\"elementor-button elementor-size-md\" type=\"submit\">\n\t\t\t\t\t\t<span class=\"elementor-button-content-wrapper\">\n\t\t\t\t\t\t\t\t\t\t\t\t\t\t\t\t\t\t\t\t\t\t<span class=\"elementor-button-text\">Enviar<\/span>\n\t\t\t\t\t\t\t\t\t\t\t\t\t<\/span>\n\t\t\t\t\t<\/button>\n\t\t\t\t<\/div>\n\t\t\t<\/div>\n\t\t<\/form>\n\t\t\t\t\t\t<\/div>\n\t\t\t\t<\/div>\n\t\t\t\t\t<\/div>\n\t\t<\/div>\n\t\t\t\t\t<\/div>\n\t\t<\/section>\n\t\t\t\t<\/div>\n\t\t","protected":false},"excerpt":{"rendered":"<p>Showrooms y Pop-up stores Proporcionamos oficinas port\u00e1tiles de lujo y modernas Desde 19950 euros. &nbsp; Movible &nbsp; Despliegue flexible &nbsp; Un acabado elegante Todounidades \u00bfPuesta en marcha? \u00a1Pop-Up! Un showroom o pop-up store le ofrece la oportunidad de poner sus productos en el punto de mira por una vez. En un lugar llamativo, como un [&hellip;]<\/p>\n","protected":false},"author":1,"featured_media":6344,"parent":0,"menu_order":0,"comment_status":"closed","ping_status":"closed","template":"","meta":{"footnotes":""},"class_list":["post-11295","page","type-page","status-publish","has-post-thumbnail","hentry"],"_links":{"self":[{"href":"https:\/\/www.all-units.nl\/es\/wp-json\/wp\/v2\/pages\/11295","targetHints":{"allow":["GET"]}}],"collection":[{"href":"https:\/\/www.all-units.nl\/es\/wp-json\/wp\/v2\/pages"}],"about":[{"href":"https:\/\/www.all-units.nl\/es\/wp-json\/wp\/v2\/types\/page"}],"author":[{"embeddable":true,"href":"https:\/\/www.all-units.nl\/es\/wp-json\/wp\/v2\/users\/1"}],"replies":[{"embeddable":true,"href":"https:\/\/www.all-units.nl\/es\/wp-json\/wp\/v2\/comments?post=11295"}],"version-history":[{"count":1,"href":"https:\/\/www.all-units.nl\/es\/wp-json\/wp\/v2\/pages\/11295\/revisions"}],"predecessor-version":[{"id":11297,"href":"https:\/\/www.all-units.nl\/es\/wp-json\/wp\/v2\/pages\/11295\/revisions\/11297"}],"wp:featuredmedia":[{"embeddable":true,"href":"https:\/\/www.all-units.nl\/es\/wp-json\/wp\/v2\/media\/6344"}],"wp:attachment":[{"href":"https:\/\/www.all-units.nl\/es\/wp-json\/wp\/v2\/media?parent=11295"}],"curies":[{"name":"wp","href":"https:\/\/api.w.org\/{rel}","templated":true}]}}