{"id":8992,"date":"2020-07-14T15:30:36","date_gmt":"2020-07-14T15:30:36","guid":{"rendered":"https:\/\/www.all-units.nl\/raum-fuer-administratoren\/"},"modified":"2025-11-17T15:52:16","modified_gmt":"2025-11-17T15:52:16","slug":"raum-fuer-administratoren","status":"publish","type":"page","link":"https:\/\/www.all-units.nl\/de\/raum-fuer-administratoren\/","title":{"rendered":"Raum f\u00fcr Administratoren"},"content":{"rendered":"\t\t<div data-elementor-type=\"wp-page\" data-elementor-id=\"8992\" class=\"elementor elementor-8992 elementor-1520\" data-elementor-post-type=\"page\">\n\t\t\t\t\t\t<section class=\"elementor-section elementor-top-section elementor-element elementor-element-57662c6b elementor-section-full_width elementor-section-height-min-height elementor-section-items-stretch elementor-section-content-middle elementor-section-height-default\" data-id=\"57662c6b\" data-element_type=\"section\" data-e-type=\"section\" data-settings=\"{&quot;background_background&quot;:&quot;none&quot;}\">\n\t\t\t\t\t\t<div class=\"elementor-container elementor-column-gap-no\">\n\t\t\t\t\t<div class=\"elementor-column elementor-col-50 elementor-top-column elementor-element elementor-element-599cc031\" data-id=\"599cc031\" data-element_type=\"column\" data-e-type=\"column\" data-settings=\"{&quot;background_background&quot;:&quot;slideshow&quot;,&quot;background_slideshow_gallery&quot;:[],&quot;background_slideshow_loop&quot;:&quot;yes&quot;,&quot;background_slideshow_slide_duration&quot;:5000,&quot;background_slideshow_slide_transition&quot;:&quot;fade&quot;,&quot;background_slideshow_transition_duration&quot;:500}\">\n\t\t\t<div class=\"elementor-widget-wrap elementor-element-populated\">\n\t\t\t\t\t\t<div class=\"elementor-element elementor-element-37b5235c elementor-widget elementor-widget-image\" data-id=\"37b5235c\" data-element_type=\"widget\" data-e-type=\"widget\" data-widget_type=\"image.default\">\n\t\t\t\t<div class=\"elementor-widget-container\">\n\t\t\t\t\t\t\t\t\t\t\t\t\t\t\t<img fetchpriority=\"high\" decoding=\"async\" width=\"800\" height=\"600\" src=\"https:\/\/www.all-units.nl\/wp-content\/uploads\/2020\/07\/PHOTO-2020-05-25-12-25-43-1024x768.jpg\" class=\"attachment-large size-large wp-image-5929\" alt=\"\" srcset=\"https:\/\/www.all-units.nl\/wp-content\/uploads\/2020\/07\/PHOTO-2020-05-25-12-25-43-1024x768.jpg 1024w, https:\/\/www.all-units.nl\/wp-content\/uploads\/2020\/07\/PHOTO-2020-05-25-12-25-43-300x225.jpg 300w, https:\/\/www.all-units.nl\/wp-content\/uploads\/2020\/07\/PHOTO-2020-05-25-12-25-43-768x576.jpg 768w, https:\/\/www.all-units.nl\/wp-content\/uploads\/2020\/07\/PHOTO-2020-05-25-12-25-43-1536x1152.jpg 1536w, https:\/\/www.all-units.nl\/wp-content\/uploads\/2020\/07\/PHOTO-2020-05-25-12-25-43.jpg 1600w\" sizes=\"(max-width: 800px) 100vw, 800px\" title=\"\">\t\t\t\t\t\t\t\t\t\t\t\t\t\t\t<\/div>\n\t\t\t\t<\/div>\n\t\t\t\t\t<\/div>\n\t\t<\/div>\n\t\t\t\t<div class=\"elementor-column elementor-col-50 elementor-top-column elementor-element elementor-element-5f2ada53\" data-id=\"5f2ada53\" data-element_type=\"column\" data-e-type=\"column\" data-settings=\"{&quot;background_background&quot;:&quot;none&quot;}\">\n\t\t\t<div class=\"elementor-widget-wrap elementor-element-populated\">\n\t\t\t\t\t\t<div class=\"elementor-element elementor-element-647bac80 elementor-widget elementor-widget-heading\" data-id=\"647bac80\" data-element_type=\"widget\" data-e-type=\"widget\" data-widget_type=\"heading.default\">\n\t\t\t\t<div class=\"elementor-widget-container\">\n\t\t\t\t\t<h1 class=\"elementor-heading-title elementor-size-default\">Administratorbereich\n<\/h1>\t\t\t\t<\/div>\n\t\t\t\t<\/div>\n\t\t\t\t<div class=\"elementor-element elementor-element-371263b elementor-widget-divider--view-line elementor-widget elementor-widget-divider\" data-id=\"371263b\" data-element_type=\"widget\" data-e-type=\"widget\" data-widget_type=\"divider.default\">\n\t\t\t\t<div class=\"elementor-widget-container\">\n\t\t\t\t\t\t\t<div class=\"elementor-divider\">\n\t\t\t<span class=\"elementor-divider-separator\">\n\t\t\t\t\t\t<\/span>\n\t\t<\/div>\n\t\t\t\t\t\t<\/div>\n\t\t\t\t<\/div>\n\t\t\t\t<div class=\"elementor-element elementor-element-1f0bd420 elementor-widget elementor-widget-text-editor\" data-id=\"1f0bd420\" data-element_type=\"widget\" data-e-type=\"widget\" data-widget_type=\"text-editor.default\">\n\t\t\t\t<div class=\"elementor-widget-container\">\n\t\t\t\t\t\t\t\t\t<p>Wir liefern luxuri\u00f6se und moderne mobile Einheiten<\/p>\n<p>Ab 9950 \u20ac.<\/p>\n\t\t\t\t\t\t\t\t<\/div>\n\t\t\t\t<\/div>\n\t\t\t\t\t<\/div>\n\t\t<\/div>\n\t\t\t\t\t<\/div>\n\t\t<\/section>\n\t\t\t\t<section class=\"elementor-section elementor-top-section elementor-element elementor-element-5aff27db elementor-section-boxed elementor-section-height-default elementor-section-height-default\" data-id=\"5aff27db\" data-element_type=\"section\" data-e-type=\"section\" data-settings=\"{&quot;background_background&quot;:&quot;classic&quot;}\">\n\t\t\t\t\t\t<div class=\"elementor-container elementor-column-gap-no\">\n\t\t\t\t\t<div class=\"elementor-column elementor-col-50 elementor-top-column elementor-element elementor-element-26b82ce7\" data-id=\"26b82ce7\" data-element_type=\"column\" data-e-type=\"column\">\n\t\t\t<div class=\"elementor-widget-wrap elementor-element-populated\">\n\t\t\t\t\t\t<div class=\"elementor-element elementor-element-515be04f elementor-widget elementor-widget-heading\" data-id=\"515be04f\" data-element_type=\"widget\" data-e-type=\"widget\" data-widget_type=\"heading.default\">\n\t\t\t\t<div class=\"elementor-widget-container\">\n\t\t\t\t\t<h4 class=\"elementor-heading-title elementor-size-default\">&nbsp;  \u00c4sthetik<br>\n&nbsp;  Ein modernes Design  <br>\n&nbsp;  Ein stilvolles Finish<\/h4>\t\t\t\t<\/div>\n\t\t\t\t<\/div>\n\t\t\t\t\t<\/div>\n\t\t<\/div>\n\t\t\t\t<div class=\"elementor-column elementor-col-50 elementor-top-column elementor-element elementor-element-722b179f\" data-id=\"722b179f\" data-element_type=\"column\" data-e-type=\"column\">\n\t\t\t<div class=\"elementor-widget-wrap elementor-element-populated\">\n\t\t\t\t\t\t<div class=\"elementor-element elementor-element-6291f4f5 elementor-widget elementor-widget-heading\" data-id=\"6291f4f5\" data-element_type=\"widget\" data-e-type=\"widget\" data-widget_type=\"heading.default\">\n\t\t\t\t<div class=\"elementor-widget-container\">\n\t\t\t\t\t<h2 class=\"elementor-heading-title elementor-size-default\">Alle<br>Einheiten<\/h2>\t\t\t\t<\/div>\n\t\t\t\t<\/div>\n\t\t\t\t\t<\/div>\n\t\t<\/div>\n\t\t\t\t\t<\/div>\n\t\t<\/section>\n\t\t\t\t<section class=\"elementor-section elementor-top-section elementor-element elementor-element-b6be151 elementor-section-content-middle elementor-reverse-mobile elementor-section-boxed elementor-section-height-default elementor-section-height-default\" data-id=\"b6be151\" data-element_type=\"section\" data-e-type=\"section\">\n\t\t\t\t\t\t<div class=\"elementor-container elementor-column-gap-default\">\n\t\t\t\t\t<div class=\"elementor-column elementor-col-50 elementor-top-column elementor-element elementor-element-1df6ef4\" data-id=\"1df6ef4\" data-element_type=\"column\" data-e-type=\"column\">\n\t\t\t<div class=\"elementor-widget-wrap elementor-element-populated\">\n\t\t\t\t\t\t<div class=\"elementor-element elementor-element-2b1245a4 elementor-widget elementor-widget-heading\" data-id=\"2b1245a4\" data-element_type=\"widget\" data-e-type=\"widget\" data-widget_type=\"heading.default\">\n\t\t\t\t<div class=\"elementor-widget-container\">\n\t\t\t\t\t<h2 class=\"elementor-heading-title elementor-size-default\">Ein gut organisierter Verwaltungsbereich<\/h2>\t\t\t\t<\/div>\n\t\t\t\t<\/div>\n\t\t\t\t<div class=\"elementor-element elementor-element-6b393637 elementor-widget elementor-widget-text-editor\" data-id=\"6b393637\" data-element_type=\"widget\" data-e-type=\"widget\" data-widget_type=\"text-editor.default\">\n\t\t\t\t<div class=\"elementor-widget-container\">\n\t\t\t\t\t\t\t\t\t<p>Ben\u00f6tigen Sie als <b>Administratorbereich<\/b> einen \u00fcbersichtlichen, geschlossenen Raum? Wir verf\u00fcgen \u00fcber ein breites Spektrum an <strong>Managementfl\u00e4chen<\/strong> . Wie zum Beispiel Managerfl\u00e4chen f\u00fcr Fahrradschuppen, f\u00fcr den Rettungsschwimmer oder auf den DAR-Recyclingh\u00f6fen.  <\/p>\n\t\t\t\t\t\t\t\t<\/div>\n\t\t\t\t<\/div>\n\t\t\t\t\t<\/div>\n\t\t<\/div>\n\t\t\t\t<div class=\"elementor-column elementor-col-50 elementor-top-column elementor-element elementor-element-79f8824b\" data-id=\"79f8824b\" data-element_type=\"column\" data-e-type=\"column\">\n\t\t\t<div class=\"elementor-widget-wrap elementor-element-populated\">\n\t\t\t\t\t\t<div class=\"elementor-element elementor-element-296dc7e elementor-widget elementor-widget-image\" data-id=\"296dc7e\" data-element_type=\"widget\" data-e-type=\"widget\" data-widget_type=\"image.default\">\n\t\t\t\t<div class=\"elementor-widget-container\">\n\t\t\t\t\t\t\t\t\t\t\t\t\t\t\t<img decoding=\"async\" width=\"768\" height=\"615\" src=\"https:\/\/www.all-units.nl\/wp-content\/uploads\/2020\/07\/bewerkt-768x615.jpg\" class=\"attachment-medium_large size-medium_large wp-image-6209\" alt=\"\" srcset=\"https:\/\/www.all-units.nl\/wp-content\/uploads\/2020\/07\/bewerkt-768x615.jpg 768w, https:\/\/www.all-units.nl\/wp-content\/uploads\/2020\/07\/bewerkt-300x240.jpg 300w, https:\/\/www.all-units.nl\/wp-content\/uploads\/2020\/07\/bewerkt.jpg 876w\" sizes=\"(max-width: 768px) 100vw, 768px\" title=\"\">\t\t\t\t\t\t\t\t\t\t\t\t\t\t\t<\/div>\n\t\t\t\t<\/div>\n\t\t\t\t\t<\/div>\n\t\t<\/div>\n\t\t\t\t\t<\/div>\n\t\t<\/section>\n\t\t\t\t<section class=\"elementor-section elementor-top-section elementor-element elementor-element-23e3a49c elementor-section-content-middle elementor-section-boxed elementor-section-height-default elementor-section-height-default\" data-id=\"23e3a49c\" data-element_type=\"section\" data-e-type=\"section\">\n\t\t\t\t\t\t<div class=\"elementor-container elementor-column-gap-default\">\n\t\t\t\t\t<div class=\"elementor-column elementor-col-50 elementor-top-column elementor-element elementor-element-31d8c33\" data-id=\"31d8c33\" data-element_type=\"column\" data-e-type=\"column\">\n\t\t\t<div class=\"elementor-widget-wrap elementor-element-populated\">\n\t\t\t\t\t\t<div class=\"elementor-element elementor-element-4ec55354 elementor-widget elementor-widget-image\" data-id=\"4ec55354\" data-element_type=\"widget\" data-e-type=\"widget\" data-widget_type=\"image.default\">\n\t\t\t\t<div class=\"elementor-widget-container\">\n\t\t\t\t\t\t\t\t\t\t\t\t\t\t\t<img decoding=\"async\" width=\"768\" height=\"574\" src=\"https:\/\/www.all-units.nl\/wp-content\/uploads\/2020\/07\/kantoor-in-bedrijfshal-768x574.jpeg\" class=\"attachment-medium_large size-medium_large wp-image-6034\" alt=\"\" srcset=\"https:\/\/www.all-units.nl\/wp-content\/uploads\/2020\/07\/kantoor-in-bedrijfshal-768x574.jpeg 768w, https:\/\/www.all-units.nl\/wp-content\/uploads\/2020\/07\/kantoor-in-bedrijfshal-300x224.jpeg 300w, https:\/\/www.all-units.nl\/wp-content\/uploads\/2020\/07\/kantoor-in-bedrijfshal-1024x765.jpeg 1024w, https:\/\/www.all-units.nl\/wp-content\/uploads\/2020\/07\/kantoor-in-bedrijfshal.jpeg 1080w\" sizes=\"(max-width: 768px) 100vw, 768px\" title=\"\">\t\t\t\t\t\t\t\t\t\t\t\t\t\t\t<\/div>\n\t\t\t\t<\/div>\n\t\t\t\t\t<\/div>\n\t\t<\/div>\n\t\t\t\t<div class=\"elementor-column elementor-col-50 elementor-top-column elementor-element elementor-element-7b28b333\" data-id=\"7b28b333\" data-element_type=\"column\" data-e-type=\"column\">\n\t\t\t<div class=\"elementor-widget-wrap elementor-element-populated\">\n\t\t\t\t\t\t<div class=\"elementor-element elementor-element-3babe9d4 elementor-widget elementor-widget-heading\" data-id=\"3babe9d4\" data-element_type=\"widget\" data-e-type=\"widget\" data-widget_type=\"heading.default\">\n\t\t\t\t<div class=\"elementor-widget-container\">\n\t\t\t\t\t<h3 class=\"elementor-heading-title elementor-size-default\">Ein Blickfang<\/h3>\t\t\t\t<\/div>\n\t\t\t\t<\/div>\n\t\t\t\t<div class=\"elementor-element elementor-element-28608dc elementor-widget elementor-widget-text-editor\" data-id=\"28608dc\" data-element_type=\"widget\" data-e-type=\"widget\" data-widget_type=\"text-editor.default\">\n\t\t\t\t<div class=\"elementor-widget-container\">\n\t\t\t\t\t\t\t\t\t<p>Unsere <strong>Managerzimmer<\/strong> sind komplett ausgestattet. Sie haben beispielsweise die M\u00f6glichkeit, eine K\u00fcche und Toilette in den Raum einzubauen, um Ihren Administratoren <strong>zus\u00e4tzlichen Komfort und Sicherheit<\/strong> zu bieten. Dar\u00fcber hinaus sind die <a href=\"https:\/\/www.all-units.nl\/de\/buero-in-der-industriehalle\/\">Verwaltungsbereiche<\/a> gut isoliert und klimatisiert. Dadurch bleiben Ihre Mitarbeiter w\u00e4hrend der Arbeitszeit warm, trocken und komfortabel. Auch unsere Administratorenr\u00e4ume verf\u00fcgen standardm\u00e4\u00dfig \u00fcber gro\u00dfe Fenster, sodass Ihre Administratoren einen guten \u00dcberblick \u00fcber die Umgebung behalten.    <\/p>\n\t\t\t\t\t\t\t\t<\/div>\n\t\t\t\t<\/div>\n\t\t\t\t\t<\/div>\n\t\t<\/div>\n\t\t\t\t\t<\/div>\n\t\t<\/section>\n\t\t\t\t<section class=\"elementor-section elementor-top-section elementor-element elementor-element-dda7535 elementor-section-height-min-height elementor-section-boxed elementor-section-height-default elementor-section-items-middle\" data-id=\"dda7535\" data-element_type=\"section\" data-e-type=\"section\" data-settings=\"{&quot;background_background&quot;:&quot;classic&quot;}\">\n\t\t\t\t\t\t<div class=\"elementor-container elementor-column-gap-default\">\n\t\t\t\t\t<div class=\"elementor-column elementor-col-100 elementor-top-column elementor-element elementor-element-322512c1\" data-id=\"322512c1\" data-element_type=\"column\" data-e-type=\"column\">\n\t\t\t<div class=\"elementor-widget-wrap elementor-element-populated\">\n\t\t\t\t\t\t<div class=\"elementor-element elementor-element-678df497 elementor-widget elementor-widget-heading\" data-id=\"678df497\" data-element_type=\"widget\" data-e-type=\"widget\" data-widget_type=\"heading.default\">\n\t\t\t\t<div class=\"elementor-widget-container\">\n\t\t\t\t\t<h2 class=\"elementor-heading-title elementor-size-large\">von der Idee bis zur \u00dcberschaubarkeit<\/h2>\t\t\t\t<\/div>\n\t\t\t\t<\/div>\n\t\t\t\t<div class=\"elementor-element elementor-element-579605d8 elementor-widget-divider--view-line elementor-widget elementor-widget-divider\" data-id=\"579605d8\" data-element_type=\"widget\" data-e-type=\"widget\" data-widget_type=\"divider.default\">\n\t\t\t\t<div class=\"elementor-widget-container\">\n\t\t\t\t\t\t\t<div class=\"elementor-divider\">\n\t\t\t<span class=\"elementor-divider-separator\">\n\t\t\t\t\t\t<\/span>\n\t\t<\/div>\n\t\t\t\t\t\t<\/div>\n\t\t\t\t<\/div>\n\t\t\t\t<div class=\"elementor-element elementor-element-1ac9763e elementor-widget elementor-widget-heading\" data-id=\"1ac9763e\" data-element_type=\"widget\" data-e-type=\"widget\" data-widget_type=\"heading.default\">\n\t\t\t\t<div class=\"elementor-widget-container\">\n\t\t\t\t\t<p class=\"elementor-heading-title elementor-size-medium\">Innerhalb weniger Wochen<\/p>\t\t\t\t<\/div>\n\t\t\t\t<\/div>\n\t\t\t\t<div class=\"elementor-element elementor-element-36d09f9f elementor-widget elementor-widget-text-editor\" data-id=\"36d09f9f\" data-element_type=\"widget\" data-e-type=\"widget\" data-widget_type=\"text-editor.default\">\n\t\t\t\t<div class=\"elementor-widget-container\">\n\t\t\t\t\t\t\t\t\t<p>Der <b>Verwalterraum<\/b> ist in seiner Aufteilung flexibel und kann daher <a href=\"https:\/\/www.all-units.nl\/de\/notaufnahme\/\">flexibel genutzt werden<\/a>; unser modulares System erm\u00f6glicht es Ihnen, Ihre <b>Verwaltereinheit<\/b> einfach zu verschieben und nach Belieben zu erweitern. Mit seinem modernen und luxuri\u00f6sen Aussehen eignet sich ein <b>Verwalterzimmer<\/b> auch sehr gut als <b>Empfangsschalter<\/b>, <b>Wahllokal<\/b>, <b>Informationszentrum, Kiosk<\/b> oder z. B. als<b> Schleusenw\u00e4rtereinheit<\/b>. Oder m\u00f6chten Sie Ihrem <strong>Concierge<\/strong> einen eigenen Raum zur Verf\u00fcgung stellen?<br \/>Alle unsere Einheiten und <b>Verwaltungsbereiche<\/b> werden in nur wenigen Monaten vor Ort gebaut und geliefert. Gerne denken wir gemeinsam mit Ihnen \u00fcber ein <a href=\"https:\/\/www.all-units.nl\/de\/gartenzimmer\/\">passendes Design<\/a> f\u00fcr Ihre <a href=\"https:\/\/www.all-units.nl\/de\/klassenzimmer\/\">Gesch\u00e4ftssituation<\/a> , W\u00fcnsche und Anforderungen nach. So k\u00f6nnen Sie alle Funktionalit\u00e4ten Ihres <b>Administratorbereichs<\/b> selbst w\u00e4hlen!  <\/p>\n\t\t\t\t\t\t\t\t<\/div>\n\t\t\t\t<\/div>\n\t\t\t\t\t<\/div>\n\t\t<\/div>\n\t\t\t\t\t<\/div>\n\t\t<\/section>\n\t\t\t\t<section class=\"elementor-section elementor-top-section elementor-element elementor-element-32f4dc50 elementor-section-full_width elementor-section-height-min-height elementor-section-items-stretch elementor-section-content-middle elementor-section-height-default\" data-id=\"32f4dc50\" data-element_type=\"section\" data-e-type=\"section\" data-settings=\"{&quot;background_background&quot;:&quot;none&quot;}\">\n\t\t\t\t\t\t<div class=\"elementor-container elementor-column-gap-no\">\n\t\t\t\t\t<div class=\"elementor-column elementor-col-50 elementor-top-column elementor-element elementor-element-78ff0a67\" data-id=\"78ff0a67\" data-element_type=\"column\" data-e-type=\"column\" data-settings=\"{&quot;background_background&quot;:&quot;classic&quot;}\">\n\t\t\t<div class=\"elementor-widget-wrap elementor-element-populated\">\n\t\t\t\t\t\t<div class=\"elementor-element elementor-element-6e19ac70 elementor-button-align-stretch elementor-widget elementor-widget-form\" data-id=\"6e19ac70\" data-element_type=\"widget\" data-e-type=\"widget\" data-settings=\"{&quot;step_next_label&quot;:&quot;Weiter&quot;,&quot;step_previous_label&quot;:&quot;Vorherige&quot;,&quot;button_width&quot;:&quot;100&quot;,&quot;step_type&quot;:&quot;number_text&quot;,&quot;step_icon_shape&quot;:&quot;circle&quot;}\" data-widget_type=\"form.default\">\n\t\t\t\t<div class=\"elementor-widget-container\">\n\t\t\t\t\t\t\t<form class=\"elementor-form\" method=\"post\" name=\"Leadform Gesch\u00e4ft\" aria-label=\"Leadform Gesch\u00e4ft\">\n\t\t\t<input type=\"hidden\" name=\"post_id\" value=\"8992\"\/>\n\t\t\t<input type=\"hidden\" name=\"form_id\" value=\"6e19ac70\"\/>\n\t\t\t<input type=\"hidden\" name=\"referer_title\" value=\"Verwalterzimmer: Ein Ordentlicher, Abschlie\u00dfbarer Raum.\" \/>\n\n\t\t\t\t\t\t\t<input type=\"hidden\" name=\"queried_id\" value=\"8992\"\/>\n\t\t\t\n\t\t\t<div class=\"elementor-form-fields-wrapper elementor-labels-\">\n\t\t\t\t\t\t\t\t<div class=\"elementor-field-type-text elementor-field-group elementor-column elementor-field-group-qi8lqp1 elementor-col-33 elementor-field-required\">\n\t\t\t\t\t\t\t\t\t\t\t\t<label for=\"form-field-qi8lqp1\" class=\"elementor-field-label elementor-screen-only\">\n\t\t\t\t\t\t\t\tName\t\t\t\t\t\t\t<\/label>\n\t\t\t\t\t\t\t\t\t\t\t\t\t\t<input size=\"1\" type=\"text\" name=\"form_fields[qi8lqp1]\" id=\"form-field-qi8lqp1\" class=\"elementor-field elementor-size-md  elementor-field-textual\" placeholder=\"Name\" required=\"required\">\n\t\t\t\t\t\t\t\t\t\t\t<\/div>\n\t\t\t\t\t\t\t\t<div class=\"elementor-field-type-tel elementor-field-group elementor-column elementor-field-group-2gd0qrk elementor-col-33 elementor-field-required\">\n\t\t\t\t\t\t\t\t\t\t\t\t<label for=\"form-field-2gd0qrk\" class=\"elementor-field-label elementor-screen-only\">\n\t\t\t\t\t\t\t\tTelefon r\t\t\t\t\t\t\t<\/label>\n\t\t\t\t\t\t\t\t<input size=\"1\" type=\"tel\" name=\"form_fields[2gd0qrk]\" id=\"form-field-2gd0qrk\" class=\"elementor-field elementor-size-md  elementor-field-textual\" placeholder=\"Telefon r\" required=\"required\" pattern=\"[0-9()#&amp;+*-=.]+\" title=\"Nur Nummern oder Telefon-Zeichen (#, -, *, etc) werden akzeptiert.\">\n\n\t\t\t\t\t\t<\/div>\n\t\t\t\t\t\t\t\t<div class=\"elementor-field-type-email elementor-field-group elementor-column elementor-field-group-8b28ttw elementor-col-33 elementor-field-required\">\n\t\t\t\t\t\t\t\t\t\t\t\t<label for=\"form-field-8b28ttw\" class=\"elementor-field-label elementor-screen-only\">\n\t\t\t\t\t\t\t\tE-Mail\t\t\t\t\t\t\t<\/label>\n\t\t\t\t\t\t\t\t\t\t\t\t\t\t<input size=\"1\" type=\"email\" name=\"form_fields[8b28ttw]\" id=\"form-field-8b28ttw\" class=\"elementor-field elementor-size-md  elementor-field-textual\" placeholder=\"E-Mail\" required=\"required\">\n\t\t\t\t\t\t\t\t\t\t\t<\/div>\n\t\t\t\t\t\t\t\t<div class=\"elementor-field-group elementor-column elementor-field-type-submit elementor-col-100 e-form__buttons\">\n\t\t\t\t\t<button class=\"elementor-button elementor-size-md\" type=\"submit\">\n\t\t\t\t\t\t<span class=\"elementor-button-content-wrapper\">\n\t\t\t\t\t\t\t\t\t\t\t\t\t\t\t\t\t\t\t\t\t\t<span class=\"elementor-button-text\">Senden Sie<\/span>\n\t\t\t\t\t\t\t\t\t\t\t\t\t<\/span>\n\t\t\t\t\t<\/button>\n\t\t\t\t<\/div>\n\t\t\t<\/div>\n\t\t<\/form>\n\t\t\t\t\t\t<\/div>\n\t\t\t\t<\/div>\n\t\t\t\t\t<\/div>\n\t\t<\/div>\n\t\t\t\t<div class=\"elementor-column elementor-col-50 elementor-top-column elementor-element elementor-element-12b2928\" data-id=\"12b2928\" data-element_type=\"column\" data-e-type=\"column\" data-settings=\"{&quot;background_background&quot;:&quot;none&quot;}\">\n\t\t\t<div class=\"elementor-widget-wrap elementor-element-populated\">\n\t\t\t\t\t\t<div class=\"elementor-element elementor-element-a8cdb7c elementor-widget elementor-widget-heading\" data-id=\"a8cdb7c\" data-element_type=\"widget\" data-e-type=\"widget\" data-widget_type=\"heading.default\">\n\t\t\t\t<div class=\"elementor-widget-container\">\n\t\t\t\t\t<h2 class=\"elementor-heading-title elementor-size-default\">Informationsanfrage<\/h2>\t\t\t\t<\/div>\n\t\t\t\t<\/div>\n\t\t\t\t<div class=\"elementor-element elementor-element-14e6743b elementor-widget-divider--view-line elementor-widget elementor-widget-divider\" data-id=\"14e6743b\" data-element_type=\"widget\" data-e-type=\"widget\" data-widget_type=\"divider.default\">\n\t\t\t\t<div class=\"elementor-widget-container\">\n\t\t\t\t\t\t\t<div class=\"elementor-divider\">\n\t\t\t<span class=\"elementor-divider-separator\">\n\t\t\t\t\t\t<\/span>\n\t\t<\/div>\n\t\t\t\t\t\t<\/div>\n\t\t\t\t<\/div>\n\t\t\t\t<div class=\"elementor-element elementor-element-1d3543c elementor-widget elementor-widget-text-editor\" data-id=\"1d3543c\" data-element_type=\"widget\" data-e-type=\"widget\" data-widget_type=\"text-editor.default\">\n\t\t\t\t<div class=\"elementor-widget-container\">\n\t\t\t\t\t\t\t\t\t<p>D\u00fcrfen wir Sie kontaktieren, um Ihre Anforderungen gemeinsam zu besprechen?  <\/p>\n\t\t\t\t\t\t\t\t<\/div>\n\t\t\t\t<\/div>\n\t\t\t\t\t<\/div>\n\t\t<\/div>\n\t\t\t\t\t<\/div>\n\t\t<\/section>\n\t\t\t\t<\/div>\n\t\t","protected":false},"excerpt":{"rendered":"<p>Administratorbereich Wir liefern luxuri\u00f6se und moderne mobile Einheiten Ab 9950 \u20ac. &nbsp; \u00c4sthetik &nbsp; Ein modernes Design &nbsp; Ein stilvolles Finish AlleEinheiten Ein gut organisierter Verwaltungsbereich Ben\u00f6tigen Sie als Administratorbereich einen \u00fcbersichtlichen, geschlossenen Raum? Wir verf\u00fcgen \u00fcber ein breites Spektrum an Managementfl\u00e4chen . Wie zum Beispiel Managerfl\u00e4chen f\u00fcr Fahrradschuppen, f\u00fcr den Rettungsschwimmer oder auf den [&hellip;]<\/p>\n","protected":false},"author":1,"featured_media":5929,"parent":0,"menu_order":0,"comment_status":"closed","ping_status":"closed","template":"","meta":{"footnotes":""},"class_list":["post-8992","page","type-page","status-publish","has-post-thumbnail","hentry"],"_links":{"self":[{"href":"https:\/\/www.all-units.nl\/de\/wp-json\/wp\/v2\/pages\/8992","targetHints":{"allow":["GET"]}}],"collection":[{"href":"https:\/\/www.all-units.nl\/de\/wp-json\/wp\/v2\/pages"}],"about":[{"href":"https:\/\/www.all-units.nl\/de\/wp-json\/wp\/v2\/types\/page"}],"author":[{"embeddable":true,"href":"https:\/\/www.all-units.nl\/de\/wp-json\/wp\/v2\/users\/1"}],"replies":[{"embeddable":true,"href":"https:\/\/www.all-units.nl\/de\/wp-json\/wp\/v2\/comments?post=8992"}],"version-history":[{"count":7,"href":"https:\/\/www.all-units.nl\/de\/wp-json\/wp\/v2\/pages\/8992\/revisions"}],"predecessor-version":[{"id":16520,"href":"https:\/\/www.all-units.nl\/de\/wp-json\/wp\/v2\/pages\/8992\/revisions\/16520"}],"wp:featuredmedia":[{"embeddable":true,"href":"https:\/\/www.all-units.nl\/de\/wp-json\/wp\/v2\/media\/5929"}],"wp:attachment":[{"href":"https:\/\/www.all-units.nl\/de\/wp-json\/wp\/v2\/media?parent=8992"}],"curies":[{"name":"wp","href":"https:\/\/api.w.org\/{rel}","templated":true}]}}