{"id":11264,"date":"2020-06-02T11:23:35","date_gmt":"2020-06-02T11:23:35","guid":{"rendered":"https:\/\/www.all-units.nl\/regalwagen\/"},"modified":"2023-10-26T14:17:01","modified_gmt":"2023-10-26T14:17:01","slug":"regalwagen","status":"publish","type":"page","link":"https:\/\/www.all-units.nl\/de\/regalwagen\/","title":{"rendered":"Regalwagen"},"content":{"rendered":"\t\t<div data-elementor-type=\"wp-page\" data-elementor-id=\"11264\" class=\"elementor elementor-11264 elementor-275\" data-elementor-post-type=\"page\">\n\t\t\t\t\t\t<section class=\"elementor-section elementor-top-section elementor-element elementor-element-4ed92858 elementor-section-full_width elementor-section-height-min-height elementor-section-items-stretch elementor-section-content-middle elementor-section-height-default\" data-id=\"4ed92858\" data-element_type=\"section\" data-e-type=\"section\" data-settings=\"{&quot;background_background&quot;:&quot;none&quot;}\">\n\t\t\t\t\t\t<div class=\"elementor-container elementor-column-gap-no\">\n\t\t\t\t\t<div class=\"elementor-column elementor-col-50 elementor-top-column elementor-element elementor-element-17ec724d\" data-id=\"17ec724d\" data-element_type=\"column\" data-e-type=\"column\" data-settings=\"{&quot;background_background&quot;:&quot;slideshow&quot;,&quot;background_slideshow_gallery&quot;:[],&quot;background_slideshow_loop&quot;:&quot;yes&quot;,&quot;background_slideshow_slide_duration&quot;:5000,&quot;background_slideshow_slide_transition&quot;:&quot;fade&quot;,&quot;background_slideshow_transition_duration&quot;:500}\">\n\t\t\t<div class=\"elementor-widget-wrap elementor-element-populated\">\n\t\t\t\t\t\t<div class=\"elementor-element elementor-element-7b2f0247 elementor-widget elementor-widget-image\" data-id=\"7b2f0247\" data-element_type=\"widget\" data-e-type=\"widget\" data-widget_type=\"image.default\">\n\t\t\t\t<div class=\"elementor-widget-container\">\n\t\t\t\t\t\t\t\t\t\t\t\t\t\t\t<img fetchpriority=\"high\" decoding=\"async\" width=\"768\" height=\"576\" src=\"https:\/\/www.all-units.nl\/wp-content\/uploads\/2022\/12\/IMG_1718-2-768x576.jpg\" class=\"attachment-medium_large size-medium_large wp-image-9885\" alt=\"\" srcset=\"https:\/\/www.all-units.nl\/wp-content\/uploads\/2022\/12\/IMG_1718-2-768x576.jpg 768w, https:\/\/www.all-units.nl\/wp-content\/uploads\/2022\/12\/IMG_1718-2-300x225.jpg 300w, https:\/\/www.all-units.nl\/wp-content\/uploads\/2022\/12\/IMG_1718-2-1536x1152.jpg 1536w, https:\/\/www.all-units.nl\/wp-content\/uploads\/2022\/12\/IMG_1718-2-2048x1536.jpg 2048w\" sizes=\"(max-width: 768px) 100vw, 768px\" title=\"\">\t\t\t\t\t\t\t\t\t\t\t\t\t\t\t<\/div>\n\t\t\t\t<\/div>\n\t\t\t\t\t<\/div>\n\t\t<\/div>\n\t\t\t\t<div class=\"elementor-column elementor-col-50 elementor-top-column elementor-element elementor-element-8eb7106\" data-id=\"8eb7106\" data-element_type=\"column\" data-e-type=\"column\" data-settings=\"{&quot;background_background&quot;:&quot;none&quot;}\">\n\t\t\t<div class=\"elementor-widget-wrap elementor-element-populated\">\n\t\t\t\t\t\t<div class=\"elementor-element elementor-element-5a3a47f2 elementor-widget elementor-widget-heading\" data-id=\"5a3a47f2\" data-element_type=\"widget\" data-e-type=\"widget\" data-widget_type=\"heading.default\">\n\t\t\t\t<div class=\"elementor-widget-container\">\n\t\t\t\t\t<h1 class=\"elementor-heading-title elementor-size-default\">Regalwagen<\/h1>\t\t\t\t<\/div>\n\t\t\t\t<\/div>\n\t\t\t\t<div class=\"elementor-element elementor-element-28637cfd elementor-widget-divider--view-line elementor-widget elementor-widget-divider\" data-id=\"28637cfd\" data-element_type=\"widget\" data-e-type=\"widget\" data-widget_type=\"divider.default\">\n\t\t\t\t<div class=\"elementor-widget-container\">\n\t\t\t\t\t\t\t<div class=\"elementor-divider\">\n\t\t\t<span class=\"elementor-divider-separator\">\n\t\t\t\t\t\t<\/span>\n\t\t<\/div>\n\t\t\t\t\t\t<\/div>\n\t\t\t\t<\/div>\n\t\t\t\t<div class=\"elementor-element elementor-element-5c007c2 elementor-widget elementor-widget-text-editor\" data-id=\"5c007c2\" data-element_type=\"widget\" data-e-type=\"widget\" data-widget_type=\"text-editor.default\">\n\t\t\t\t<div class=\"elementor-widget-container\">\n\t\t\t\t\t\t\t\t\t<p>Auf der Suche nach einem luxuri\u00f6sen und modernen Gro\u00dfraumwagen?<\/p>\n<p>Von \u20ac 19950<\/p>\t\t\t\t\t\t\t\t<\/div>\n\t\t\t\t<\/div>\n\t\t\t\t<div class=\"elementor-element elementor-element-368fb52 elementor-widget elementor-widget-button\" data-id=\"368fb52\" data-element_type=\"widget\" data-e-type=\"widget\" data-widget_type=\"button.default\">\n\t\t\t\t<div class=\"elementor-widget-container\">\n\t\t\t\t\t\t\t\t\t<div class=\"elementor-button-wrapper\">\n\t\t\t\t\t<a class=\"elementor-button elementor-button-link elementor-size-md\" href=\"#schaftwagen\">\n\t\t\t\t\t\t<span class=\"elementor-button-content-wrapper\">\n\t\t\t\t\t\t<span class=\"elementor-button-icon\">\n\t\t\t\t<svg aria-hidden=\"true\" class=\"e-font-icon-svg e-fas-check\" viewBox=\"0 0 512 512\" xmlns=\"http:\/\/www.w3.org\/2000\/svg\"><path d=\"M173.898 439.404l-166.4-166.4c-9.997-9.997-9.997-26.206 0-36.204l36.203-36.204c9.997-9.998 26.207-9.998 36.204 0L192 312.69 432.095 72.596c9.997-9.997 26.207-9.997 36.204 0l36.203 36.204c9.997 9.997 9.997 26.206 0 36.204l-294.4 294.401c-9.998 9.997-26.207 9.997-36.204-.001z\"><\/path><\/svg>\t\t\t<\/span>\n\t\t\t\t\t\t\t\t\t<span class=\"elementor-button-text\">Angebot anfordern<\/span>\n\t\t\t\t\t<\/span>\n\t\t\t\t\t<\/a>\n\t\t\t\t<\/div>\n\t\t\t\t\t\t\t\t<\/div>\n\t\t\t\t<\/div>\n\t\t\t\t\t<\/div>\n\t\t<\/div>\n\t\t\t\t\t<\/div>\n\t\t<\/section>\n\t\t\t\t<section class=\"elementor-section elementor-top-section elementor-element elementor-element-7d8830c elementor-section-content-middle elementor-reverse-mobile elementor-section-boxed elementor-section-height-default elementor-section-height-default\" data-id=\"7d8830c\" data-element_type=\"section\" data-e-type=\"section\">\n\t\t\t\t\t\t<div class=\"elementor-container elementor-column-gap-default\">\n\t\t\t\t\t<div class=\"elementor-column elementor-col-50 elementor-top-column elementor-element elementor-element-283bd0ed\" data-id=\"283bd0ed\" data-element_type=\"column\" data-e-type=\"column\">\n\t\t\t<div class=\"elementor-widget-wrap elementor-element-populated\">\n\t\t\t\t\t\t<div class=\"elementor-element elementor-element-231c0b66 elementor-widget elementor-widget-heading\" data-id=\"231c0b66\" data-element_type=\"widget\" data-e-type=\"widget\" data-widget_type=\"heading.default\">\n\t\t\t\t<div class=\"elementor-widget-container\">\n\t\t\t\t\t<h2 class=\"elementor-heading-title elementor-size-default\">Kaufen Sie einen Schaftwagen, eine gute Grundlage f\u00fcr Ihre Baustelle<\/h2>\t\t\t\t<\/div>\n\t\t\t\t<\/div>\n\t\t\t\t<div class=\"elementor-element elementor-element-52279dc elementor-widget elementor-widget-text-editor\" data-id=\"52279dc\" data-element_type=\"widget\" data-e-type=\"widget\" data-widget_type=\"text-editor.default\">\n\t\t\t\t<div class=\"elementor-widget-container\">\n\t\t\t\t\t\t\t\t\t<p>Der Kauf eines Baufahrzeugs ist ein gro\u00dfer Schritt, um eine nachhaltige Grundlage f\u00fcr Ihre Baustelle zu schaffen. Ebenso wie die bekannte <a href=\"https:\/\/www.all-units.nl\/de\/baustelle\/\" target=\"_blank\" rel=\"noopener\">Bauh\u00fctte<\/a> bilden Schuppenwagen einen zentralen Ort auf einer Baustelle, an dem Projekte besprochen, zu Mittag gegessen und das Team bei einer guten Tasse Kaffee entspannen kann.  <\/p>\n<p>Unsere Transporter bieten Ihrem Team nicht nur komfortablen Platz, sondern auch die n\u00f6tige Funktionalit\u00e4t. Sie k\u00f6nnen uns f\u00fcr verschiedene Modelle kontaktieren, darunter mobile Kantinenwagen, Kantinenwagen mit Toilettenanlage, fertige Kantinenwagen und ma\u00dfgeschneiderte Kantinenwagen. Ob Sie eine kompakte Einheit oder eine umfangreiche L\u00f6sung ben\u00f6tigen, bei All-Units.nl haben wir die perfekten Transporter f\u00fcr alle Ihre Bauprojekte.  <\/p>\n<div> <\/div>\n\t\t\t\t\t\t\t\t<\/div>\n\t\t\t\t<\/div>\n\t\t\t\t\t<\/div>\n\t\t<\/div>\n\t\t\t\t<div class=\"elementor-column elementor-col-50 elementor-top-column elementor-element elementor-element-614075c7\" data-id=\"614075c7\" data-element_type=\"column\" data-e-type=\"column\">\n\t\t\t<div class=\"elementor-widget-wrap elementor-element-populated\">\n\t\t\t\t\t\t<div class=\"elementor-element elementor-element-26238b44 elementor-widget elementor-widget-image\" data-id=\"26238b44\" data-element_type=\"widget\" data-e-type=\"widget\" data-widget_type=\"image.default\">\n\t\t\t\t<div class=\"elementor-widget-container\">\n\t\t\t\t\t\t\t\t\t\t\t\t\t\t\t<img decoding=\"async\" width=\"768\" height=\"576\" src=\"https:\/\/www.all-units.nl\/wp-content\/uploads\/2020\/07\/construction-242797_1920-768x576.jpg\" class=\"attachment-medium_large size-medium_large wp-image-5936\" alt=\"\" srcset=\"https:\/\/www.all-units.nl\/wp-content\/uploads\/2020\/07\/construction-242797_1920-768x576.jpg 768w, https:\/\/www.all-units.nl\/wp-content\/uploads\/2020\/07\/construction-242797_1920-300x225.jpg 300w, https:\/\/www.all-units.nl\/wp-content\/uploads\/2020\/07\/construction-242797_1920-1024x768.jpg 1024w, https:\/\/www.all-units.nl\/wp-content\/uploads\/2020\/07\/construction-242797_1920-1536x1152.jpg 1536w, https:\/\/www.all-units.nl\/wp-content\/uploads\/2020\/07\/construction-242797_1920.jpg 1920w\" sizes=\"(max-width: 768px) 100vw, 768px\" title=\"\">\t\t\t\t\t\t\t\t\t\t\t\t\t\t\t<\/div>\n\t\t\t\t<\/div>\n\t\t\t\t\t<\/div>\n\t\t<\/div>\n\t\t\t\t\t<\/div>\n\t\t<\/section>\n\t\t<div class=\"elementor-element elementor-element-89ea129 e-flex e-con-boxed e-con e-parent\" data-id=\"89ea129\" data-element_type=\"container\" data-e-type=\"container\">\n\t\t\t\t\t<div class=\"e-con-inner\">\n\t\t<div class=\"elementor-element elementor-element-913ff66 e-con-full e-flex e-con e-child\" data-id=\"913ff66\" data-element_type=\"container\" data-e-type=\"container\">\n\t\t\t\t<div class=\"elementor-element elementor-element-b6c60b2 elementor-widget__width-initial elementor-widget elementor-widget-image\" data-id=\"b6c60b2\" data-element_type=\"widget\" data-e-type=\"widget\" data-widget_type=\"image.default\">\n\t\t\t\t<div class=\"elementor-widget-container\">\n\t\t\t\t\t\t\t\t\t\t\t\t\t\t\t<img decoding=\"async\" width=\"768\" height=\"472\" src=\"https:\/\/www.all-units.nl\/wp-content\/uploads\/2022\/05\/voorraad-768x472.jpg\" class=\"attachment-medium_large size-medium_large wp-image-8715\" alt=\"\" srcset=\"https:\/\/www.all-units.nl\/wp-content\/uploads\/2022\/05\/voorraad-768x472.jpg 768w, https:\/\/www.all-units.nl\/wp-content\/uploads\/2022\/05\/voorraad-300x185.jpg 300w, https:\/\/www.all-units.nl\/wp-content\/uploads\/2022\/05\/voorraad-1536x945.jpg 1536w, https:\/\/www.all-units.nl\/wp-content\/uploads\/2022\/05\/voorraad-2048x1260.jpg 2048w\" sizes=\"(max-width: 768px) 100vw, 768px\" title=\"\">\t\t\t\t\t\t\t\t\t\t\t\t\t\t\t<\/div>\n\t\t\t\t<\/div>\n\t\t\t\t<\/div>\n\t\t<div class=\"elementor-element elementor-element-823f113 e-con-full e-flex e-con e-child\" data-id=\"823f113\" data-element_type=\"container\" data-e-type=\"container\">\n\t\t\t\t<div class=\"elementor-element elementor-element-7fe8ef1 elementor-widget elementor-widget-heading\" data-id=\"7fe8ef1\" data-element_type=\"widget\" data-e-type=\"widget\" data-widget_type=\"heading.default\">\n\t\t\t\t<div class=\"elementor-widget-container\">\n\t\t\t\t\t<h2 class=\"elementor-heading-title elementor-size-default\">Mobile Cafeteria<\/h2>\t\t\t\t<\/div>\n\t\t\t\t<\/div>\n\t\t\t\t<div class=\"elementor-element elementor-element-dedcff5 elementor-widget elementor-widget-text-editor\" data-id=\"dedcff5\" data-element_type=\"widget\" data-e-type=\"widget\" data-widget_type=\"text-editor.default\">\n\t\t\t\t<div class=\"elementor-widget-container\">\n\t\t\t\t\t\t\t\t\t<p>Ein mobiler Anh\u00e4nger ist eine praktische Erg\u00e4nzung f\u00fcr Ihre Baustelle. Diese Einheiten bieten Flexibilit\u00e4t und Mobilit\u00e4t, damit Ihr Transporter immer am richtigen Ort ist. Dank der wartungsfreundlichen und langlebigen Materialien wird Ihr Abschleppwagen jahrelang halten. Sie k\u00f6nnen den Wagen einfach bewegen und je nach Bauvorhaben flexibel einsetzen. Unsere Transporter sind serienm\u00e4\u00dfig mit Stromanschl\u00fcssen, gro\u00dfen Doppelglasfenstern und Klimaanlage ausgestattet.<\/p>\n<p>Diese mobilen Vans bieten Komfort und Platz f\u00fcr 6 bis 14 Personen und k\u00f6nnen komplett nach Ihren W\u00fcnschen eingerichtet und dekoriert werden. Sie k\u00f6nnen sich f\u00fcr einen K\u00fcchenwagen mit sch\u00f6nem Essbereich, ein B\u00fcro mit Stauraum f\u00fcr wertvolle Gegenst\u00e4nde, eine kompakte K\u00fcche oder eine eigene Toilette entscheiden. So schaffen Sie auf jeder Baustelle eine angenehme Arbeitsumgebung, in der Sie in Ruhe Ihre Arbeit verrichten und sich im Winter aufw\u00e4rmen k\u00f6nnen.<\/p>\n\t\t\t\t\t\t\t\t<\/div>\n\t\t\t\t<\/div>\n\t\t\t\t<div class=\"elementor-element elementor-element-50231ca elementor-widget elementor-widget-button\" data-id=\"50231ca\" data-element_type=\"widget\" data-e-type=\"widget\" data-widget_type=\"button.default\">\n\t\t\t\t<div class=\"elementor-widget-container\">\n\t\t\t\t\t\t\t\t\t<div class=\"elementor-button-wrapper\">\n\t\t\t\t\t<a class=\"elementor-button elementor-button-link elementor-size-md\" href=\"#schaftwagen\">\n\t\t\t\t\t\t<span class=\"elementor-button-content-wrapper\">\n\t\t\t\t\t\t<span class=\"elementor-button-icon\">\n\t\t\t\t<svg aria-hidden=\"true\" class=\"e-font-icon-svg e-fas-check\" viewBox=\"0 0 512 512\" xmlns=\"http:\/\/www.w3.org\/2000\/svg\"><path d=\"M173.898 439.404l-166.4-166.4c-9.997-9.997-9.997-26.206 0-36.204l36.203-36.204c9.997-9.998 26.207-9.998 36.204 0L192 312.69 432.095 72.596c9.997-9.997 26.207-9.997 36.204 0l36.203 36.204c9.997 9.997 9.997 26.206 0 36.204l-294.4 294.401c-9.998 9.997-26.207 9.997-36.204-.001z\"><\/path><\/svg>\t\t\t<\/span>\n\t\t\t\t\t\t\t\t\t<span class=\"elementor-button-text\">Angebot anfordern<\/span>\n\t\t\t\t\t<\/span>\n\t\t\t\t\t<\/a>\n\t\t\t\t<\/div>\n\t\t\t\t\t\t\t\t<\/div>\n\t\t\t\t<\/div>\n\t\t\t\t<\/div>\n\t\t\t\t\t<\/div>\n\t\t\t\t<\/div>\n\t\t\t\t<section class=\"elementor-section elementor-top-section elementor-element elementor-element-56a1625e elementor-section-content-middle elementor-section-boxed elementor-section-height-default elementor-section-height-default\" data-id=\"56a1625e\" data-element_type=\"section\" data-e-type=\"section\">\n\t\t\t\t\t\t<div class=\"elementor-container elementor-column-gap-default\">\n\t\t\t\t\t<div class=\"elementor-column elementor-col-100 elementor-top-column elementor-element elementor-element-4c039251\" data-id=\"4c039251\" data-element_type=\"column\" data-e-type=\"column\">\n\t\t\t<div class=\"elementor-widget-wrap elementor-element-populated\">\n\t\t\t\t\t\t<div class=\"elementor-element elementor-element-327158af elementor-widget elementor-widget-heading\" data-id=\"327158af\" data-element_type=\"widget\" data-e-type=\"widget\" data-widget_type=\"heading.default\">\n\t\t\t\t<div class=\"elementor-widget-container\">\n\t\t\t\t\t<h3 class=\"elementor-heading-title elementor-size-default\">Vorgefertigter Kragarmwagen oder individueller Kragarmwagen<\/h3>\t\t\t\t<\/div>\n\t\t\t\t<\/div>\n\t\t\t\t<div class=\"elementor-element elementor-element-3250a4dd elementor-widget elementor-widget-text-editor\" data-id=\"3250a4dd\" data-element_type=\"widget\" data-e-type=\"widget\" data-widget_type=\"text-editor.default\">\n\t\t\t\t<div class=\"elementor-widget-container\">\n\t\t\t\t\t\t\t\t\t<p>Jedes Bauprojekt ist anders, deshalb bieten wir bei All-Units die Wahl zwischen vorgefertigten Ger\u00fcstwagen und ma\u00dfgeschneiderten Ger\u00fcstwagen. Es ist wichtig herauszufinden, welche Option Ihren spezifischen Anforderungen am besten entspricht.<\/p>\n<p>Unsere vorgefertigten Anh\u00e4nger sind sofort verf\u00fcgbar und bieten eine schnelle L\u00f6sung f\u00fcr Ihre Baustellenanforderungen. Sie sind effizient und kosteneffektiv und eignen sich perfekt f\u00fcr Projekte mit einem engen Zeitplan. Wenn Ihr Projekt andererseits besondere Anforderungen stellt, bieten wir auch ma\u00dfgeschneiderte Transporter an. Unser Expertenteam kann Ihnen bei der Gestaltung eines Transporters helfen, der perfekt Ihren W\u00fcnschen und Spezifikationen entspricht.<\/p>\n<p>Sowohl die Fertigtransporter als auch die Sonderanfertigungen k\u00f6nnen als Mobiltransporter geliefert werden. Dies ist n\u00fctzlich, wenn Sie und Ihr Team an mehreren Bauprojekten arbeiten. So schaffen Sie auf jeder Baustelle einen sch\u00f6nen Platz, zum Beispiel zum Mittagessen oder zum Aufbewahren von Unterlagen.&nbsp;<\/p>\n<p>Sie suchen f\u00fcr Ihre Baustelle einen sch\u00f6nen und professionellen Raum, in dem wichtige Projekte betreut und Partner empfangen werden k\u00f6nnen? Dann werfen Sie einen Blick auf unsere M\u00f6glichkeiten&nbsp;<a href=\"https:\/\/www.all-units.nl\/de\/sitzungssaal\/\" target=\"_blank\">Managementkette<\/a> .&nbsp;<\/p>\n<p dir=\"ltr\" style=\"line-height: 1.38; margin-top: 0pt; margin-bottom: 0pt;\">\n<\/p>\t\t\t\t\t\t\t\t<\/div>\n\t\t\t\t<\/div>\n\t\t\t\t\t<\/div>\n\t\t<\/div>\n\t\t\t\t\t<\/div>\n\t\t<\/section>\n\t\t\t\t<section class=\"elementor-section elementor-top-section elementor-element elementor-element-9b300f5 elementor-section-boxed elementor-section-height-default elementor-section-height-default\" data-id=\"9b300f5\" data-element_type=\"section\" data-e-type=\"section\">\n\t\t\t\t\t\t<div class=\"elementor-container elementor-column-gap-default\">\n\t\t\t\t\t<div class=\"elementor-column elementor-col-100 elementor-top-column elementor-element elementor-element-f4f5eb2\" data-id=\"f4f5eb2\" data-element_type=\"column\" data-e-type=\"column\">\n\t\t\t<div class=\"elementor-widget-wrap elementor-element-populated\">\n\t\t\t\t\t\t<div class=\"elementor-element elementor-element-c85b240 elementor-widget elementor-widget-spacer\" data-id=\"c85b240\" data-element_type=\"widget\" data-e-type=\"widget\" data-widget_type=\"spacer.default\">\n\t\t\t\t<div class=\"elementor-widget-container\">\n\t\t\t\t\t\t\t<div class=\"elementor-spacer\">\n\t\t\t<div class=\"elementor-spacer-inner\"><\/div>\n\t\t<\/div>\n\t\t\t\t\t\t<\/div>\n\t\t\t\t<\/div>\n\t\t\t\t\t<\/div>\n\t\t<\/div>\n\t\t\t\t\t<\/div>\n\t\t<\/section>\n\t\t\t\t<section class=\"elementor-section elementor-top-section elementor-element elementor-element-37706f08 elementor-section-full_width elementor-section-height-min-height elementor-section-items-stretch elementor-section-content-middle elementor-section-height-default\" data-id=\"37706f08\" data-element_type=\"section\" data-e-type=\"section\" data-settings=\"{&quot;background_background&quot;:&quot;none&quot;}\">\n\t\t\t\t\t\t<div class=\"elementor-container elementor-column-gap-no\">\n\t\t\t\t\t<div class=\"elementor-column elementor-col-50 elementor-top-column elementor-element elementor-element-5010c72e\" data-id=\"5010c72e\" data-element_type=\"column\" data-e-type=\"column\" data-settings=\"{&quot;background_background&quot;:&quot;classic&quot;}\">\n\t\t\t<div class=\"elementor-widget-wrap elementor-element-populated\">\n\t\t\t\t\t\t<div class=\"elementor-element elementor-element-355f766 elementor-widget elementor-widget-menu-anchor\" data-id=\"355f766\" data-element_type=\"widget\" data-e-type=\"widget\" data-widget_type=\"menu-anchor.default\">\n\t\t\t\t<div class=\"elementor-widget-container\">\n\t\t\t\t\t\t\t<div class=\"elementor-menu-anchor\" id=\"Cafeteria\"><\/div>\n\t\t\t\t\t\t<\/div>\n\t\t\t\t<\/div>\n\t\t\t\t<div class=\"elementor-element elementor-element-3a196bf9 elementor-button-align-stretch elementor-widget elementor-widget-form\" data-id=\"3a196bf9\" data-element_type=\"widget\" data-e-type=\"widget\" data-settings=\"{&quot;step_next_label&quot;:&quot;Weiter&quot;,&quot;step_previous_label&quot;:&quot;Vorherige&quot;,&quot;button_width&quot;:&quot;100&quot;,&quot;step_type&quot;:&quot;number_text&quot;,&quot;step_icon_shape&quot;:&quot;circle&quot;}\" data-widget_type=\"form.default\">\n\t\t\t\t<div class=\"elementor-widget-container\">\n\t\t\t\t\t\t\t<form class=\"elementor-form\" method=\"post\" name=\"Leadform Gesch\u00e4ft\" aria-label=\"Leadform Gesch\u00e4ft\">\n\t\t\t<input type=\"hidden\" name=\"post_id\" value=\"11264\"\/>\n\t\t\t<input type=\"hidden\" name=\"form_id\" value=\"3a196bf9\"\/>\n\t\t\t<input type=\"hidden\" name=\"referer_title\" value=\"Ein Einzigartiger Und Preiswerter Bauwagen F\u00fcr Ihre Baustelle!\" \/>\n\n\t\t\t\t\t\t\t<input type=\"hidden\" name=\"queried_id\" value=\"11264\"\/>\n\t\t\t\n\t\t\t<div class=\"elementor-form-fields-wrapper elementor-labels-\">\n\t\t\t\t\t\t\t\t<div class=\"elementor-field-type-text elementor-field-group elementor-column elementor-field-group-qi8lqp1 elementor-col-33 elementor-field-required\">\n\t\t\t\t\t\t\t\t\t\t\t\t<label for=\"form-field-qi8lqp1\" class=\"elementor-field-label elementor-screen-only\">\n\t\t\t\t\t\t\t\tName\t\t\t\t\t\t\t<\/label>\n\t\t\t\t\t\t\t\t\t\t\t\t\t\t<input size=\"1\" type=\"text\" name=\"form_fields[qi8lqp1]\" id=\"form-field-qi8lqp1\" class=\"elementor-field elementor-size-md  elementor-field-textual\" placeholder=\"Name\" required=\"required\">\n\t\t\t\t\t\t\t\t\t\t\t<\/div>\n\t\t\t\t\t\t\t\t<div class=\"elementor-field-type-tel elementor-field-group elementor-column elementor-field-group-2gd0qrk elementor-col-33 elementor-field-required\">\n\t\t\t\t\t\t\t\t\t\t\t\t<label for=\"form-field-2gd0qrk\" class=\"elementor-field-label elementor-screen-only\">\n\t\t\t\t\t\t\t\tTelefon r\t\t\t\t\t\t\t<\/label>\n\t\t\t\t\t\t\t\t<input size=\"1\" type=\"tel\" name=\"form_fields[2gd0qrk]\" id=\"form-field-2gd0qrk\" class=\"elementor-field elementor-size-md  elementor-field-textual\" placeholder=\"Telefon r\" required=\"required\" pattern=\"[0-9()#&amp;+*-=.]+\" title=\"Nur Nummern oder Telefon-Zeichen (#, -, *, etc) werden akzeptiert.\">\n\n\t\t\t\t\t\t<\/div>\n\t\t\t\t\t\t\t\t<div class=\"elementor-field-type-email elementor-field-group elementor-column elementor-field-group-8b28ttw elementor-col-33 elementor-field-required\">\n\t\t\t\t\t\t\t\t\t\t\t\t<label for=\"form-field-8b28ttw\" class=\"elementor-field-label elementor-screen-only\">\n\t\t\t\t\t\t\t\tE-Mail\t\t\t\t\t\t\t<\/label>\n\t\t\t\t\t\t\t\t\t\t\t\t\t\t<input size=\"1\" type=\"email\" name=\"form_fields[8b28ttw]\" id=\"form-field-8b28ttw\" class=\"elementor-field elementor-size-md  elementor-field-textual\" placeholder=\"E-Mail\" required=\"required\">\n\t\t\t\t\t\t\t\t\t\t\t<\/div>\n\t\t\t\t\t\t\t\t<div class=\"elementor-field-group elementor-column elementor-field-type-submit elementor-col-100 e-form__buttons\">\n\t\t\t\t\t<button class=\"elementor-button elementor-size-md\" type=\"submit\">\n\t\t\t\t\t\t<span class=\"elementor-button-content-wrapper\">\n\t\t\t\t\t\t\t\t\t\t\t\t\t\t\t\t\t\t\t\t\t\t<span class=\"elementor-button-text\">Senden Sie<\/span>\n\t\t\t\t\t\t\t\t\t\t\t\t\t<\/span>\n\t\t\t\t\t<\/button>\n\t\t\t\t<\/div>\n\t\t\t<\/div>\n\t\t<\/form>\n\t\t\t\t\t\t<\/div>\n\t\t\t\t<\/div>\n\t\t\t\t\t<\/div>\n\t\t<\/div>\n\t\t\t\t<div class=\"elementor-column elementor-col-50 elementor-top-column elementor-element elementor-element-23f77572\" data-id=\"23f77572\" data-element_type=\"column\" data-e-type=\"column\" data-settings=\"{&quot;background_background&quot;:&quot;none&quot;}\">\n\t\t\t<div class=\"elementor-widget-wrap elementor-element-populated\">\n\t\t\t\t\t\t<div class=\"elementor-element elementor-element-65f745c0 elementor-widget elementor-widget-heading\" data-id=\"65f745c0\" data-element_type=\"widget\" data-e-type=\"widget\" data-widget_type=\"heading.default\">\n\t\t\t\t<div class=\"elementor-widget-container\">\n\t\t\t\t\t<h2 class=\"elementor-heading-title elementor-size-default\">Informationsanfrage<\/h2>\t\t\t\t<\/div>\n\t\t\t\t<\/div>\n\t\t\t\t<div class=\"elementor-element elementor-element-77f94e80 elementor-widget-divider--view-line elementor-widget elementor-widget-divider\" data-id=\"77f94e80\" data-element_type=\"widget\" data-e-type=\"widget\" data-widget_type=\"divider.default\">\n\t\t\t\t<div class=\"elementor-widget-container\">\n\t\t\t\t\t\t\t<div class=\"elementor-divider\">\n\t\t\t<span class=\"elementor-divider-separator\">\n\t\t\t\t\t\t<\/span>\n\t\t<\/div>\n\t\t\t\t\t\t<\/div>\n\t\t\t\t<\/div>\n\t\t\t\t<div class=\"elementor-element elementor-element-1e764649 elementor-widget elementor-widget-text-editor\" data-id=\"1e764649\" data-element_type=\"widget\" data-e-type=\"widget\" data-widget_type=\"text-editor.default\">\n\t\t\t\t<div class=\"elementor-widget-container\">\n\t\t\t\t\t\t\t\t\t<p>D\u00fcrfen wir Sie kontaktieren, um Ihre Anforderungen gemeinsam zu besprechen?  <\/p>\n\t\t\t\t\t\t\t\t<\/div>\n\t\t\t\t<\/div>\n\t\t\t\t\t<\/div>\n\t\t<\/div>\n\t\t\t\t\t<\/div>\n\t\t<\/section>\n\t\t\t\t<section class=\"elementor-section elementor-top-section elementor-element elementor-element-925d57a elementor-section-boxed elementor-section-height-default elementor-section-height-default\" data-id=\"925d57a\" data-element_type=\"section\" data-e-type=\"section\">\n\t\t\t\t\t\t<div class=\"elementor-container elementor-column-gap-default\">\n\t\t\t\t\t<div class=\"elementor-column elementor-col-100 elementor-top-column elementor-element elementor-element-7caf2af\" data-id=\"7caf2af\" data-element_type=\"column\" data-e-type=\"column\">\n\t\t\t<div class=\"elementor-widget-wrap elementor-element-populated\">\n\t\t\t\t\t\t<div class=\"elementor-element elementor-element-3f456a9 elementor-widget elementor-widget-spacer\" data-id=\"3f456a9\" data-element_type=\"widget\" data-e-type=\"widget\" data-widget_type=\"spacer.default\">\n\t\t\t\t<div class=\"elementor-widget-container\">\n\t\t\t\t\t\t\t<div class=\"elementor-spacer\">\n\t\t\t<div class=\"elementor-spacer-inner\"><\/div>\n\t\t<\/div>\n\t\t\t\t\t\t<\/div>\n\t\t\t\t<\/div>\n\t\t\t\t\t<\/div>\n\t\t<\/div>\n\t\t\t\t\t<\/div>\n\t\t<\/section>\n\t\t\t\t<\/div>\n\t\t","protected":false},"excerpt":{"rendered":"<p>Regalwagen Auf der Suche nach einem luxuri\u00f6sen und modernen Gro\u00dfraumwagen? Von \u20ac 19950 Angebot anfordern Kaufen Sie einen Schaftwagen, eine gute Grundlage f\u00fcr Ihre Baustelle Der Kauf eines Baufahrzeugs ist ein gro\u00dfer Schritt, um eine nachhaltige Grundlage f\u00fcr Ihre Baustelle zu schaffen. Ebenso wie die bekannte Bauh\u00fctte bilden Schuppenwagen einen zentralen Ort auf einer Baustelle, [&hellip;]<\/p>\n","protected":false},"author":1,"featured_media":5964,"parent":0,"menu_order":0,"comment_status":"closed","ping_status":"closed","template":"","meta":{"footnotes":""},"class_list":["post-11264","page","type-page","status-publish","has-post-thumbnail","hentry"],"_links":{"self":[{"href":"https:\/\/www.all-units.nl\/de\/wp-json\/wp\/v2\/pages\/11264","targetHints":{"allow":["GET"]}}],"collection":[{"href":"https:\/\/www.all-units.nl\/de\/wp-json\/wp\/v2\/pages"}],"about":[{"href":"https:\/\/www.all-units.nl\/de\/wp-json\/wp\/v2\/types\/page"}],"author":[{"embeddable":true,"href":"https:\/\/www.all-units.nl\/de\/wp-json\/wp\/v2\/users\/1"}],"replies":[{"embeddable":true,"href":"https:\/\/www.all-units.nl\/de\/wp-json\/wp\/v2\/comments?post=11264"}],"version-history":[{"count":3,"href":"https:\/\/www.all-units.nl\/de\/wp-json\/wp\/v2\/pages\/11264\/revisions"}],"predecessor-version":[{"id":13555,"href":"https:\/\/www.all-units.nl\/de\/wp-json\/wp\/v2\/pages\/11264\/revisions\/13555"}],"wp:featuredmedia":[{"embeddable":true,"href":"https:\/\/www.all-units.nl\/de\/wp-json\/wp\/v2\/media\/5964"}],"wp:attachment":[{"href":"https:\/\/www.all-units.nl\/de\/wp-json\/wp\/v2\/media?parent=11264"}],"curies":[{"name":"wp","href":"https:\/\/api.w.org\/{rel}","templated":true}]}}